{"id":14547,"date":"2024-08-22T06:10:50","date_gmt":"2024-08-22T02:10:50","guid":{"rendered":"https:\/\/georgiavoyage.web-reflection.com\/tours\/mountain-tour-tusheti\/"},"modified":"2025-09-08T18:02:50","modified_gmt":"2025-09-08T14:02:50","slug":"mountain-tour-tusheti","status":"publish","type":"product","link":"https:\/\/georgiavoyage.ge\/fr\/product\/mountain-tour-tusheti\/","title":{"rendered":"CIRCUIT MONTAGNEUX &#8211; TOUCH\u00c9TIE"},"content":{"rendered":"<p><strong><em>Pr\u00e9sentation de la th\u00e9matique du tour guid\u00e9\u00a0<\/em><\/strong><\/p>\n<p><em>Toute personne qui aime et appr\u00e9cie la nature et r\u00eave d&rsquo;aller au paradis terrestre devrait voir Touch\u00e9tie. On peut affirmer sans se tromper que Touch\u00e9tie est la seule nature sauvage intacte d\u2019Europe. La r\u00e9gion regorge de cols rocheux sans fin, de puissantes cascades, de lacs de montagne aux eaux cristallines et de rivi\u00e8res d&rsquo;un bleu rapide. Les anciens villages m\u00e9di\u00e9vaux, les maisons en pierre et les tours de Touch\u00e9tie d\u00e9passeront vos attentes.<\/em><\/p>\n<p><em>Une caract\u00e9ristique int\u00e9ressante de Touch\u00e9tie est qu&rsquo;il n&rsquo;y a pas seulement beaucoup d&rsquo;antiquit\u00e9s int\u00e9ressantes ici, mais qu&rsquo;elles font toutes partie d&rsquo;un environnement m\u00e9di\u00e9val authentique qui fonctionne toujours selon ses propres r\u00e8gles particuli\u00e8res. Touch\u00e9tie a toujours \u00e9t\u00e9 farouchement fid\u00e8le aux traditions locales. Les anciennes formes de gestion et de mode de vie ont \u00e9t\u00e9 pr\u00e9serv\u00e9es dans le cadre de la vie quotidienne. Un fait int\u00e9ressant&#8230; un non-Touchinien, un \u00e9tranger et m\u00eame un G\u00e9orgien d&rsquo;une autre r\u00e9gion n&rsquo;a pas le droit d&rsquo;acheter un terrain dans cette r\u00e9gion.<\/em><\/p>\n<p><em>Ce coin de G\u00e9orgie est un v\u00e9ritable paradis pour les ethnographes et biologistes, les photographes amateurs et simplement les aventuriers, pour qui les voyages en montagne sont le meilleur moyen de se d\u00e9tendre. Il existe une route menant \u00e0 Touch\u00e9tie, ouverte \u00e0 la circulation seulement quatre mois par an. Tout semble indiquer qu&rsquo;au cours de la prochaine d\u00e9cennie, une route y sera construite, ce qui signifie que Touch\u00e9tie deviendra beaucoup plus accessible. Il est donc aujourd\u2019hui possible de voir Touch\u00e9tie presque telle qu\u2019elle \u00e9tait au cours des si\u00e8cles pass\u00e9s.<\/em><\/p>\n<p><em>Les paysages immacul\u00e9s de Touch\u00e9tie, ses traditions anciennes et son patrimoine culturel attrayant constituent ses plus grands atouts. La croissance exponentielle du tourisme dans le monde a mis en \u00e9vidence la n\u00e9cessit\u00e9 pour des r\u00e9gions comme Touch\u00e9tie de pr\u00e9server leur charme naturel et leur culture distinctive. L&rsquo;objectif du programme de d\u00e9veloppement de la r\u00e9gion est de ne pas perdre l&rsquo;image traditionnelle du mode de vie de la communaut\u00e9 Touchino et en m\u00eame temps, sans nuire \u00e0 l&rsquo;environnement, de promouvoir le d\u00e9veloppement du tourisme.<\/em><\/p>\n<p><span style=\"color: #0000ff;\"><em>Au cours du circuit organis\u00e9 par nos soins, vous visiterez des monuments uniques cr\u00e9\u00e9s par la nature et le travail infatigable de l&rsquo;homme. Vous voyagerez \u00e0 travers les nuages \u200b\u200bet vous installerez dans un monde de ch\u00e2teaux et de tours de conte de f\u00e9es. Familiarisez-vous avec la vie romantique du peuple Tushin, assistez \u00e0 des soir\u00e9es folkloriques organis\u00e9es autour du feu et \u00e9coutez des chansons dont les paroles parlent d&rsquo;anc\u00eatres lointains. Vous comprendrez pourquoi les visiteurs ne peuvent r\u00e9sister \u00e0 la tentation de visiter encore et encore cet endroit \u00e9tonnant.<\/em><\/span><\/p>\n<p><em><strong>Attractions visit\u00e9es<\/strong>:<\/em><\/p>\n<ul>\n<li><em>Sommet du Col d&rsquo;Abano ;<\/em><\/li>\n<li><em>Tours de la forteresse m\u00e9di\u00e9vale de Kesselo ;<\/em><\/li>\n<li><em>la salle d&rsquo;audience en plein air dans le village de Dartlo ;<\/em><\/li>\n<li><em>Mausol\u00e9e du village de Dartlo ;<\/em><\/li>\n<li><em>Tours de combat de 6 \u00e9tages dans le village de Kvavlo ;<\/em><\/li>\n<li><em>Gorges de Gometsari ;<\/em><\/li>\n<li><em>Tours du village de Dochou ;<\/em><\/li>\n<li><em>La plus haute colonie d&rsquo;Europe est Bociorna ;<\/em><\/li>\n<li><em>\u00c9glise Saint-Georges du village de Chenako ;<\/em><\/li>\n<li><em>Forteresse du village de Diklo ;<\/em><\/li>\n<li><em>Lac Or\u00e9tie ;<\/em><\/li>\n<li><em>Monast\u00e8re d&rsquo;Alaverdi ;<\/em><\/li>\n<li><em>Acad\u00e9mie m\u00e9di\u00e9vale du village d&rsquo;Ikalto ;<\/em><\/li>\n<li><em>Monast\u00e8re de Chuamta ;<\/em><\/li>\n<li><em>Forteresse d&rsquo;Oujarma.<\/em><\/li>\n<\/ul>\n<p><em><strong>D\u00e9tails organisationnels:<\/strong><\/em><\/p>\n<ul>\n<li><em>Tarif pour une personne $ (US Dollars) <span style=\"color: #ff0000;\">\u00e0 partir de 60 USD pour un jour<\/span><\/em><\/li>\n<li><em>Le co\u00fbt de chaque excursion est discut\u00e9 individuellement, d\u00e9pend du nombre de personnes et varie <span style=\"color: #ff0000;\">(\u00b1) de 60 USD pour un jour.<\/span><\/em><\/li>\n<li><em>Le prix comprend: le type de Transport appropri\u00e9, H\u00e9bergement avec petit d\u00e9jeuner, Services d&rsquo;un guide professionnel<\/em><em>.<\/em><\/li>\n<li><em>Pour plus d\u2019informations, n\u2019h\u00e9sitez pas appeler ou \u00e9crire\u00a0<span style=\"color: #ff0000;\"><strong>Viber\/WhatsApp +995 599 25 65 19<\/strong>\u00a0<\/span>\u00a0ou par courrier<span style=\"color: #ff0000;\">\u00a0<span style=\"color: #000000;\">:<\/span> <a style=\"color: #ff0000;\" href=\"mailto:info@georgiavoyage.ge\"><strong>info@georgiavoyage.ge<\/strong><\/a><\/span><a href=\"mailto:info@georgiavoyage.ge\"><strong><img decoding=\"async\" class=\"\" src=\"\/wp-content\/uploads\/2024\/08\/Pointer.png\" width=\"23\" height=\"23\" \/><\/strong><\/a> \u00a0<\/em><\/li>\n<li><span style=\"color: #ff0000;\"><em>Horaires de circuit : sur demande.<\/em><\/span><\/li>\n<\/ul>\n<p><span style=\"color: #0000ff;\"><span style=\"text-decoration: underline;\"><em>*<\/em><\/span><em><u>Le programme du circuit est bas\u00e9 sur notre exp\u00e9rience et les opinions de nos clients compl\u00e8tement diff\u00e9rents. Ce sont des sch\u00e9mas et des programmes semi-finis qui peuvent \u00eatre facilement refaits. <\/u><\/em><span style=\"text-decoration: underline;\"><em>Ajouter ou soustraire un certain nombre de jours d\u2019excursion.\u00a0<span lang=\"FR\">Trier ou refaire le jour d\u2019excursion, changer la succession, la dur\u00e9e,\u00a0<\/span>les prix \u2026.<\/em><\/span><\/span><\/p>\n<p><span style=\"color: #0000ff;\"><span style=\"text-decoration: underline;\"><em><u>Chaque itin\u00e9raire et attraction est discut\u00e9 au moment de la demande. <\/u>\u00a0De plus, s\u2019ils le souhaitent, les touristes peuvent modifier le programme d\u2019un circuit d\u00e9j\u00e0 r\u00e9serv\u00e9 et pay\u00e9.\u00a0 <\/em><\/span><em><u>Afin de prot\u00e9ger notre travail et nos droits, nous fournissons des itin\u00e9raires exclusifs et des points de r\u00e9ception d\u00e9velopp\u00e9s, uniquement pour les acheteurs reels.<\/u><\/em><\/span><\/p>\n<p>&nbsp;<\/p>\n","protected":false},"excerpt":{"rendered":"<p>Pr\u00e9sentation de la th\u00e9matique du tour guid\u00e9\u00a0 Toute personne qui aime et appr\u00e9cie la nature et r\u00eave d&rsquo;aller au paradis terrestre devrait voir Touch\u00e9tie. On peut affirmer sans se tromper que Touch\u00e9tie est la seule nature sauvage intacte d\u2019Europe. La r\u00e9gion regorge de cols rocheux sans fin, de puissantes cascades, de lacs de montagne aux [&hellip;]<\/p>\n","protected":false},"featured_media":20179,"template":"","meta":[],"product_brand":[],"product_cat":[243,259],"product_tag":[],"class_list":{"0":"post-14547","1":"product","2":"type-product","3":"status-publish","4":"has-post-thumbnail","6":"product_cat-mountain-tours-fr","7":"product_cat-popular-tours-fr","9":"first","10":"instock","11":"shipping-taxable","12":"purchasable","13":"product-type-ovabrw_car_rental"},"_links":{"self":[{"href":"https:\/\/georgiavoyage.ge\/fr\/wp-json\/wp\/v2\/product\/14547","targetHints":{"allow":["GET"]}}],"collection":[{"href":"https:\/\/georgiavoyage.ge\/fr\/wp-json\/wp\/v2\/product"}],"about":[{"href":"https:\/\/georgiavoyage.ge\/fr\/wp-json\/wp\/v2\/types\/product"}],"version-history":[{"count":1,"href":"https:\/\/georgiavoyage.ge\/fr\/wp-json\/wp\/v2\/product\/14547\/revisions"}],"predecessor-version":[{"id":34812,"href":"https:\/\/georgiavoyage.ge\/fr\/wp-json\/wp\/v2\/product\/14547\/revisions\/34812"}],"wp:featuredmedia":[{"embeddable":true,"href":"https:\/\/georgiavoyage.ge\/fr\/wp-json\/wp\/v2\/media\/20179"}],"wp:attachment":[{"href":"https:\/\/georgiavoyage.ge\/fr\/wp-json\/wp\/v2\/media?parent=14547"}],"wp:term":[{"taxonomy":"product_brand","embeddable":true,"href":"https:\/\/georgiavoyage.ge\/fr\/wp-json\/wp\/v2\/product_brand?post=14547"},{"taxonomy":"product_cat","embeddable":true,"href":"https:\/\/georgiavoyage.ge\/fr\/wp-json\/wp\/v2\/product_cat?post=14547"},{"taxonomy":"product_tag","embeddable":true,"href":"https:\/\/georgiavoyage.ge\/fr\/wp-json\/wp\/v2\/product_tag?post=14547"}],"curies":[{"name":"wp","href":"https:\/\/api.w.org\/{rel}","templated":true}]}}