{"id":14552,"date":"2024-08-22T06:50:45","date_gmt":"2024-08-22T02:50:45","guid":{"rendered":"https:\/\/georgiavoyage.web-reflection.com\/tours\/mountain-tour-svaneti\/"},"modified":"2025-09-18T10:20:35","modified_gmt":"2025-09-18T06:20:35","slug":"mountain-tour-svaneti","status":"publish","type":"product","link":"https:\/\/georgiavoyage.ge\/fr\/product\/mountain-tour-svaneti\/","title":{"rendered":"CIRCUIT MONTAGNEUX &#8211; SVAN\u00c9TIE"},"content":{"rendered":"<p><strong><em>Pr\u00e9sentation de la th\u00e9matique du tour guid\u00e9\u00a0<\/em><\/strong><\/p>\n<p><em>Svan\u00e9tie est un endroit o\u00f9 il faut aller une fois puis revenir dix mille fois. Si vous avez r\u00eav\u00e9 de voyager dans un conte de f\u00e9es, o\u00f9 le ciel est \u00e0 port\u00e9e de main et o\u00f9 des montagnes vertes enneig\u00e9es et des tours m\u00e9di\u00e9vales s&rsquo;\u00e9l\u00e8vent autour de vous, consid\u00e9rez que Svan\u00e9tie correspond pleinement \u00e0 vos fantasmes et id\u00e9es de conte de f\u00e9es. C\u2019est le pays o\u00f9 les l\u00e9gendes naissent et renaissent depuis toujours.<\/em><\/p>\n<p><em>La beaut\u00e9 de Svan\u00e9tie ne peut pas \u00eatre exprim\u00e9e avec des mots ; vous devez la constater par vous-m\u00eame. La r\u00e9gion montagneuse du nord-ouest de la G\u00e9orgie est une r\u00e9serve historique et ethnique, o\u00f9 le patrimoine unique et riche du Moyen \u00c2ge a \u00e9t\u00e9 pr\u00e9serv\u00e9 dans sa forme originale. Cependant, ce n\u2019est pas seulement la nature intacte et les monuments construits par l\u2019homme qui conf\u00e8rent \u00e0 ce lieu une atmosph\u00e8re fabuleuse.<\/em><\/p>\n<p><em>L&rsquo;incroyable bravoure et l&rsquo;hospitalit\u00e9 des Svanes ne sont rien de moins qu&rsquo;un ph\u00e9nom\u00e8ne de conte de f\u00e9es, inhabituel pour les \u00e9trangers, mais ancr\u00e9 dans les os et doux pour les locaux. L&rsquo;adoption de l&rsquo;Orthodoxie n&rsquo;a pas oblig\u00e9 les Svanes \u00e0 abandonner leur ancien h\u00e9ritage spirituel. Les gens ont pr\u00e9serv\u00e9 leurs croyances pa\u00efennes, leurs chants, leurs rituels et leur folklore, formant ainsi un paysage spirituel unique du peuple Svane.<\/em><\/p>\n<p><span style=\"color: #0000ff;\"><em>Un voyageur qui atteint Svan\u00e9tie rencontrera un grand nombre de monuments d&rsquo;art et d&rsquo;architecture m\u00e9di\u00e9vaux. Il s&rsquo;agit des l\u00e9gendaires tours svanes, devenues un symbole de la r\u00e9gion, d&rsquo;anciennes \u00e9glises et monast\u00e8res, d\u00e9cor\u00e9s de fresques et de magnifiques ic\u00f4nes en argent et d&rsquo;objets de monnaie locale, d&rsquo;anciennes maisons et d&rsquo;un mode de vie rest\u00e9 pratiquement inchang\u00e9.<\/em><\/span><\/p>\n<p><span style=\"color: #0000ff;\"><em>Au cours de la visite, vous visiterez les c\u00e9l\u00e8bres villages Svanes &#8211; Mestia, Ouchgouli, Latali, Moulakhi, etc., avec des monuments inscrits sur la liste du patrimoine culturel de l&rsquo;UNESCO. Paysages de montagne et for\u00eats \u00e0 couper le souffle, glaciers et lacs, cascades et rivi\u00e8res sauvages, prairies alpines vous attendent. Les plus hauts sommets du Grand Caucase : Ouchba, Tetnouldi, Shkhara et bien d&rsquo;autres lieux fabuleux et pittoresques.<\/em><\/span><\/p>\n<p><strong><em>Attractions visit\u00e9es :<\/em><\/strong><\/p>\n<ul>\n<li><em>Barrage d&rsquo;Ingouri;<\/em><\/li>\n<li><em>Glacier Chalaadi;<\/em><\/li>\n<li><em>Cascade Chdougra;<\/em><\/li>\n<li><em>Glacier d&rsquo;Ouchba;<\/em><\/li>\n<li><em>Lacs Korouldi;<\/em><\/li>\n<li><em>Le ch\u00e2teau de Chajachi;<\/em><\/li>\n<li><em>Temple de Lamaria;<\/em><\/li>\n<li><em>Tour de l&rsquo;Amour;<\/em><\/li>\n<li><em>Glacier de Chkhara;<\/em><\/li>\n<li><em>Mus\u00e9e historique et ethnographique de Mestia;<\/em><\/li>\n<li><em>Canyon de Martvili;<\/em><\/li>\n<li><em>R\u00e9serve naturelle de Sataplia;<\/em><\/li>\n<li><em>Monast\u00e8re de Gh\u00e9lati;<\/em><\/li>\n<li><em>Monast\u00e8re de Motsameta.<\/em><\/li>\n<\/ul>\n<p><em><strong>D\u00e9tails organisationnels:<\/strong><\/em><\/p>\n<ul>\n<li><em>Tarif pour une personne $ (US Dollars) <span style=\"color: #ff0000;\">\u00e0 partir de 45 USD pour un jour.<\/span><\/em><\/li>\n<li><em>Le co\u00fbt de chaque excursion est discut\u00e9 individuellement, d\u00e9pend du nombre de personnes et varie <span style=\"color: #ff0000;\">(\u00b1) de 45 USD pour un jour.<\/span><\/em><\/li>\n<li><em>Le prix comprend: le type de Transport appropri\u00e9, H\u00e9bergement avec petit d\u00e9jeuner, Services d&rsquo;un guide professionnel<\/em><em>.<\/em><\/li>\n<li><em>Pour plus d\u2019informations, n\u2019h\u00e9sitez pas appeler ou \u00e9crire\u00a0<span style=\"color: #ff0000;\"><strong>Viber\/WhatsApp +995 599 25 65 19<\/strong>\u00a0<\/span> ou par courrier:<span style=\"color: #ff0000;\"><a style=\"color: #ff0000;\" href=\"mailto:info@georgiavoyage.ge\"><strong>info@georgiavoyage.ge<\/strong><\/a><\/span><a href=\"mailto:info@georgiavoyage.ge\"><strong><img decoding=\"async\" class=\"\" src=\"\/wp-content\/uploads\/2024\/08\/Pointer.png\" width=\"23\" height=\"23\" \/><\/strong><\/a> \u00a0<\/em><\/li>\n<li><span style=\"color: #ff0000;\"><em>Horaires de circuit : sur demande.<\/em><\/span><\/li>\n<\/ul>\n<table width=\"538\">\n<tbody>\n<tr>\n<td width=\"177\"><em>Nombre de personnes<\/em><\/td>\n<td width=\"76\"><em>\u00a0 1-3 per<\/em><\/td>\n<td width=\"94\"><em>\u00a0\u00a0\u00a0 4-8 per<\/em><\/td>\n<td width=\"95\"><em>\u00a0 \u00a09-19 per<\/em><\/td>\n<td width=\"96\"><em>\u00a020-40 per<\/em><\/td>\n<\/tr>\n<tr>\n<td width=\"177\"><em>Mode de transport<\/em><\/td>\n<td width=\"76\"><em>\u00a0Berline<\/em><\/td>\n<td width=\"94\"><em>\u00a0 Minivan<\/em><\/td>\n<td width=\"95\"><em>\u00a0 \u00a0Minibus<\/em><\/td>\n<td width=\"96\"><em>\u00a0 Autobus<\/em><\/td>\n<\/tr>\n<\/tbody>\n<\/table>\n<p><span style=\"color: #0000ff;\"><span style=\"text-decoration: underline;\"><em>*<\/em><\/span><em><u>Le programme du circuit est bas\u00e9 sur notre exp\u00e9rience et les opinions de nos clients compl\u00e8tement diff\u00e9rents. Ce sont des sch\u00e9mas et des programmes semi-finis qui peuvent \u00eatre facilement refaits. <\/u><\/em><span style=\"text-decoration: underline;\"><em>Ajouter ou soustraire un certain nombre de jours d\u2019excursion.\u00a0<span lang=\"FR\">Trier ou refaire le jour d\u2019excursion, changer la succession, la dur\u00e9e,\u00a0<\/span>les prix \u2026.<\/em><\/span><\/span><\/p>\n<p><span style=\"color: #0000ff;\"><span style=\"text-decoration: underline;\"><em><u>Chaque itin\u00e9raire et attraction est discut\u00e9 au moment de la demande. <\/u>\u00a0De plus, s\u2019ils le souhaitent, les touristes peuvent modifier le programme d\u2019un circuit d\u00e9j\u00e0 r\u00e9serv\u00e9 et pay\u00e9.\u00a0 <\/em><\/span><em><u>Afin de prot\u00e9ger notre travail et nos droits, nous fournissons des itin\u00e9raires exclusifs et des points de r\u00e9ception d\u00e9velopp\u00e9s, uniquement pour les acheteurs reels.<\/u><\/em><\/span><\/p>\n","protected":false},"excerpt":{"rendered":"<p>Pr\u00e9sentation de la th\u00e9matique du tour guid\u00e9\u00a0 Svan\u00e9tie est un endroit o\u00f9 il faut aller une fois puis revenir dix mille fois. Si vous avez r\u00eav\u00e9 de voyager dans un conte de f\u00e9es, o\u00f9 le ciel est \u00e0 port\u00e9e de main et o\u00f9 des montagnes vertes enneig\u00e9es et des tours m\u00e9di\u00e9vales s&rsquo;\u00e9l\u00e8vent autour de vous, [&hellip;]<\/p>\n","protected":false},"featured_media":20398,"template":"","meta":[],"product_brand":[],"product_cat":[243],"product_tag":[],"class_list":{"0":"post-14552","1":"product","2":"type-product","3":"status-publish","4":"has-post-thumbnail","6":"product_cat-mountain-tours-fr","8":"first","9":"instock","10":"shipping-taxable","11":"purchasable","12":"product-type-ovabrw_car_rental"},"_links":{"self":[{"href":"https:\/\/georgiavoyage.ge\/fr\/wp-json\/wp\/v2\/product\/14552","targetHints":{"allow":["GET"]}}],"collection":[{"href":"https:\/\/georgiavoyage.ge\/fr\/wp-json\/wp\/v2\/product"}],"about":[{"href":"https:\/\/georgiavoyage.ge\/fr\/wp-json\/wp\/v2\/types\/product"}],"version-history":[{"count":2,"href":"https:\/\/georgiavoyage.ge\/fr\/wp-json\/wp\/v2\/product\/14552\/revisions"}],"predecessor-version":[{"id":35230,"href":"https:\/\/georgiavoyage.ge\/fr\/wp-json\/wp\/v2\/product\/14552\/revisions\/35230"}],"wp:featuredmedia":[{"embeddable":true,"href":"https:\/\/georgiavoyage.ge\/fr\/wp-json\/wp\/v2\/media\/20398"}],"wp:attachment":[{"href":"https:\/\/georgiavoyage.ge\/fr\/wp-json\/wp\/v2\/media?parent=14552"}],"wp:term":[{"taxonomy":"product_brand","embeddable":true,"href":"https:\/\/georgiavoyage.ge\/fr\/wp-json\/wp\/v2\/product_brand?post=14552"},{"taxonomy":"product_cat","embeddable":true,"href":"https:\/\/georgiavoyage.ge\/fr\/wp-json\/wp\/v2\/product_cat?post=14552"},{"taxonomy":"product_tag","embeddable":true,"href":"https:\/\/georgiavoyage.ge\/fr\/wp-json\/wp\/v2\/product_tag?post=14552"}],"curies":[{"name":"wp","href":"https:\/\/api.w.org\/{rel}","templated":true}]}}