{"id":14556,"date":"2024-08-22T06:40:13","date_gmt":"2024-08-22T02:40:13","guid":{"rendered":"https:\/\/georgiavoyage.web-reflection.com\/tours\/mountain-tour-khevsureti\/"},"modified":"2025-09-03T20:51:53","modified_gmt":"2025-09-03T16:51:53","slug":"mountain-tour-khevsureti","status":"publish","type":"product","link":"https:\/\/georgiavoyage.ge\/fr\/product\/mountain-tour-khevsureti\/","title":{"rendered":"CIRCUIT MONTAGNEUX &#8211; KHEVSOUR\u00c9TIE"},"content":{"rendered":"<p><strong><em>Pr\u00e9sentation de la th\u00e9matique du tour guid\u00e9\u00a0<\/em><\/strong><\/p>\n<p><em>Khevsour\u00e9tie est une belle r\u00e9gion historique de G\u00e9orgie, avec une nature magnifique, des sites touristiques et une culture \u00e9tonnante. La r\u00e9gion montagneuse, situ\u00e9e sur la cr\u00eate principale du Caucase, vous fera voyager dans le temps, avec ses tours majestueuses, ses coutumes montagnardes et ses monuments uniques. La force, la grandeur et l&rsquo;hospitalit\u00e9 chaleureuse de Khevsour\u00e9tie rendront votre voyage encore plus sp\u00e9cial.<\/em><\/p>\n<p><em>La beaut\u00e9 naturelle de ces lieux est incroyable. Hautes montagnes, glaciers, cascades, for\u00eats, rivi\u00e8res, vall\u00e9es \u00e9meraude &#8211; un \u00e9l\u00e9ment spacieux et puissant d&rsquo;une nature vierge. Rien que pour voir ces paysages et \u00eatre seul avec eux, cela vaudrait la peine de faire un voyage \u00e0 Khevsour\u00e9tie. Khevsour\u00e9tie est un choix int\u00e9ressant pour ceux qui souhaitent en apprendre davantage sur l&rsquo;histoire ancienne de la G\u00e9orgie, ainsi que pour les amateurs de randonn\u00e9e et d&rsquo;activit\u00e9s de plein air.<\/em><\/p>\n<p><em>L&rsquo;importance strat\u00e9gique et d\u00e9fensive assign\u00e9e \u00e0 cette r\u00e9gion par la nature elle-m\u00eame a d\u00e9termin\u00e9 son histoire, ses traditions, le caract\u00e8re de ses habitants et m\u00eame les caract\u00e9ristiques architecturales des b\u00e2timents, y compris les temples, o\u00f9 tout \u00e9tait adapt\u00e9 aux conditions d&rsquo;un long si\u00e8ge. Le contraste de la nature de cette r\u00e9gion avec la vall\u00e9e est tr\u00e8s impressionnant, car la hauteur des montagnes atteint ici 5 000 m\u00e8tres.<\/em><\/p>\n<p><em>Khevsour\u00e9tie est un labyrinthe de cha\u00eenes de montagnes, de sommets, de falaises et de gorges o\u00f9 les paysages intacts et sauvages, les montagnes et les champs suspendus dans le ciel font une impression inoubliable sur le visiteur. Ce lieu de l\u00e9gendes et de contes vivants est une r\u00e9gion particuli\u00e8re, qui ne ressemble \u00e0 aucune autre r\u00e9gion de G\u00e9orgie. Les Khevsours chantent des chansons polyphoniques, ex\u00e9cutent des danses uniques et transmettent d&rsquo;anciennes l\u00e9gendes et mythes de g\u00e9n\u00e9ration en g\u00e9n\u00e9ration.<\/em><\/p>\n<p><span style=\"color: #0000ff;\"><em>Au cours de votre voyage, nous vous r\u00e9v\u00e9lerons ce qui est cach\u00e9 aux yeux du commun des mortels. Nous vous montrerons des for\u00eats vierges, des rivi\u00e8res et des cascades sauvages et d\u00e9brid\u00e9es, o\u00f9 vous plongerez dans le monde des traditions anciennes, o\u00f9 la religion et le paganisme sont si \u00e9troitement li\u00e9s qu&rsquo;ils semblent mystiques, o\u00f9 il n&rsquo;y a pas de place pour la fausset\u00e9 du monde moderne, o\u00f9 vous ressentirez vraiment l&rsquo;esprit fier et montagnard de ce beau pays.<\/em><\/span><\/p>\n<p><strong><em>Attractions visit\u00e9es:<\/em><\/strong><\/p>\n<ul>\n<li><em>Monast\u00e8re de Djvari\u00a0;<\/em><\/li>\n<li><em>Cath\u00e9drale Sv\u00e9titskhov\u00e9li ;<\/em><\/li>\n<li><em>Monast\u00e8re de Samtavro\u00a0;<\/em><\/li>\n<li><em>Glacier Chaukhi\u00a0;<\/em><\/li>\n<li><em>Lac Aboudelaouri ;<\/em><\/li>\n<li><em>Tour Leba\u00efskari\u00a0;<\/em><\/li>\n<li><em>Maisons forteresses du village historique de Kistani\u00a0;<\/em><\/li>\n<li><em>Gorges d&rsquo;Argouni ;<\/em><\/li>\n<li><em>Le village-forteresse de Chatili ;<\/em><\/li>\n<li><em>Tombes Anatori\u00a0;<\/em><\/li>\n<li><em>Village-forteresse de Moutso ;<\/em><\/li>\n<li><em>Village forteresse\u00a0 d&rsquo;Ardoti ;<\/em><\/li>\n<li><em>Ch\u00e2teau d&rsquo;Ananouri ;<\/em><\/li>\n<li><em>Panorama de Gudauri\u00a0;<\/em><\/li>\n<li><em>Traverins de Trousso ;<\/em><\/li>\n<li><em>Forteresse de Sno\u00a0;<\/em><\/li>\n<li><em>Monast\u00e8re de Guergueti ;<\/em><\/li>\n<li><em>Gorges de Jouta.<\/em><\/li>\n<\/ul>\n<p><em><strong>D\u00e9tails organisationnels:<\/strong><\/em><\/p>\n<ul>\n<li><em>Tarif pour une personne $ (US Dollars) <span style=\"color: #ff0000;\">\u00e0 partir de 60 USD pour un jour<\/span><\/em><\/li>\n<li><em>Le co\u00fbt de chaque excursion est discut\u00e9 individuellement, d\u00e9pend du nombre de personnes et varie <span style=\"color: #ff0000;\">(\u00b1) de 60 USD pour un jour.<\/span><\/em><\/li>\n<li><em>Le prix comprend: le type de Transport appropri\u00e9, H\u00e9bergement avec petit d\u00e9jeuner, Services d&rsquo;un guide professionnel<\/em><em>.<\/em><\/li>\n<li><em>Pour plus d\u2019informations, n\u2019h\u00e9sitez pas appeler ou \u00e9crire\u00a0<span style=\"color: #ff0000;\"><strong>Viber\/WhatsApp +995 599 25 65 19<\/strong>\u00a0<\/span>\u00a0ou par courrier<span style=\"color: #ff0000;\">\u00a0<span style=\"color: #000000;\">:<\/span> <a style=\"color: #ff0000;\" href=\"mailto:info@georgiavoyage.ge\"><strong>info@georgiavoyage.ge<\/strong><\/a><\/span><a href=\"mailto:info@georgiavoyage.ge\"><strong><img decoding=\"async\" class=\"\" src=\"\/wp-content\/uploads\/2024\/08\/Pointer.png\" width=\"23\" height=\"23\" \/><\/strong><\/a> \u00a0<\/em><\/li>\n<li><span style=\"color: #ff0000;\"><em>Horaires de circuit : sur demande.<\/em><\/span><\/li>\n<\/ul>\n<p><span style=\"color: #0000ff;\"><span style=\"text-decoration: underline;\"><em>*<\/em><\/span><em><u>Le programme du circuit est bas\u00e9 sur notre exp\u00e9rience et les opinions de nos clients compl\u00e8tement diff\u00e9rents. Ce sont des sch\u00e9mas et des programmes semi-finis qui peuvent \u00eatre facilement refaits. <\/u><\/em><span style=\"text-decoration: underline;\"><em>Ajouter ou soustraire un certain nombre de jours d\u2019excursion.\u00a0<span lang=\"FR\">Trier ou refaire le jour d\u2019excursion, changer la succession, la dur\u00e9e,\u00a0<\/span>les prix \u2026.<\/em><\/span><\/span><\/p>\n<p><span style=\"color: #0000ff;\"><span style=\"text-decoration: underline;\"><em><u>Chaque itin\u00e9raire et attraction est discut\u00e9 au moment de la demande. <\/u>\u00a0De plus, s\u2019ils le souhaitent, les touristes peuvent modifier le programme d\u2019un circuit d\u00e9j\u00e0 r\u00e9serv\u00e9 et pay\u00e9.\u00a0 <\/em><\/span><em><u>Afin de prot\u00e9ger notre travail et nos droits, nous fournissons des itin\u00e9raires exclusifs et des points de r\u00e9ception d\u00e9velopp\u00e9s, uniquement pour les acheteurs reels.<\/u><\/em><\/span><\/p>\n","protected":false},"excerpt":{"rendered":"<p>Pr\u00e9sentation de la th\u00e9matique du tour guid\u00e9\u00a0 Khevsour\u00e9tie est une belle r\u00e9gion historique de G\u00e9orgie, avec une nature magnifique, des sites touristiques et une culture \u00e9tonnante. La r\u00e9gion montagneuse, situ\u00e9e sur la cr\u00eate principale du Caucase, vous fera voyager dans le temps, avec ses tours majestueuses, ses coutumes montagnardes et ses monuments uniques. La force, [&hellip;]<\/p>\n","protected":false},"featured_media":20260,"template":"","meta":[],"product_brand":[],"product_cat":[243],"product_tag":[],"class_list":{"0":"post-14556","1":"product","2":"type-product","3":"status-publish","4":"has-post-thumbnail","6":"product_cat-mountain-tours-fr","8":"first","9":"instock","10":"shipping-taxable","11":"purchasable","12":"product-type-ovabrw_car_rental"},"_links":{"self":[{"href":"https:\/\/georgiavoyage.ge\/fr\/wp-json\/wp\/v2\/product\/14556","targetHints":{"allow":["GET"]}}],"collection":[{"href":"https:\/\/georgiavoyage.ge\/fr\/wp-json\/wp\/v2\/product"}],"about":[{"href":"https:\/\/georgiavoyage.ge\/fr\/wp-json\/wp\/v2\/types\/product"}],"version-history":[{"count":1,"href":"https:\/\/georgiavoyage.ge\/fr\/wp-json\/wp\/v2\/product\/14556\/revisions"}],"predecessor-version":[{"id":34809,"href":"https:\/\/georgiavoyage.ge\/fr\/wp-json\/wp\/v2\/product\/14556\/revisions\/34809"}],"wp:featuredmedia":[{"embeddable":true,"href":"https:\/\/georgiavoyage.ge\/fr\/wp-json\/wp\/v2\/media\/20260"}],"wp:attachment":[{"href":"https:\/\/georgiavoyage.ge\/fr\/wp-json\/wp\/v2\/media?parent=14556"}],"wp:term":[{"taxonomy":"product_brand","embeddable":true,"href":"https:\/\/georgiavoyage.ge\/fr\/wp-json\/wp\/v2\/product_brand?post=14556"},{"taxonomy":"product_cat","embeddable":true,"href":"https:\/\/georgiavoyage.ge\/fr\/wp-json\/wp\/v2\/product_cat?post=14556"},{"taxonomy":"product_tag","embeddable":true,"href":"https:\/\/georgiavoyage.ge\/fr\/wp-json\/wp\/v2\/product_tag?post=14556"}],"curies":[{"name":"wp","href":"https:\/\/api.w.org\/{rel}","templated":true}]}}