{"id":14564,"date":"2024-08-21T06:30:44","date_gmt":"2024-08-21T02:30:44","guid":{"rendered":"https:\/\/georgiavoyage.web-reflection.com\/tours\/ethnic-tour-region-of-kakheti\/"},"modified":"2025-09-03T21:22:38","modified_gmt":"2025-09-03T17:22:38","slug":"ethnic-tour-region-of-kakheti","status":"publish","type":"product","link":"https:\/\/georgiavoyage.ge\/fr\/product\/ethnic-tour-region-of-kakheti\/","title":{"rendered":"CIRCUIT ETHNIQUE &#8211; R\u00c9GION DE KAKH\u00c9TIE"},"content":{"rendered":"<p><strong><em>Pr\u00e9sentation de la th\u00e9matique du tour guid\u00e9\u00a0<\/em><\/strong><\/p>\n<p><em>Kakh\u00e9tie <\/em><em>est le pays des sommets l\u00e9gendaires du Caucase, des champs ensoleill\u00e9s, des vignobles r\u00e9partis \u00e0 travers eux, des ch\u00e2teaux historiques, des \u00e9glises et monast\u00e8res m\u00e9di\u00e9vaux, des monuments naturels \u00e9tonnants. Kakh\u00e9tie moderne, bas\u00e9e sur son pass\u00e9 historique et sa culture, a cr\u00e9\u00e9 une exp\u00e9rience d&rsquo;hospitalit\u00e9 et de voyage compl\u00e8tement nouvelle et en m\u00eame temps traditionnelle.<\/em><\/p>\n<p><em>La chanson polyphonique de renomm\u00e9e mondiale \u00abChakroulo\u00bb est n\u00e9e ici, lanc\u00e9e dans l&rsquo;espace comme un message de la Terre. Les anciennes \u00e9glises et monast\u00e8res de la r\u00e9gion sont des tr\u00e9sors de l&rsquo;humanit\u00e9 et de la religion chr\u00e9tienne, faisant partie du patrimoine le plus pr\u00e9cieux des peuples du monde. Kakh\u00e9tie est le berceau du ph\u00e9nom\u00e8ne de vinification culturelle &#8211; Kvevri, dont le vin a le go\u00fbt le plus distinctif.<\/em><\/p>\n<p><em>Kakh\u00e9tie se distingue par une abondance de monuments architecturaux, dont la plupart remontent aux VIe-XVIIe si\u00e8cles. Les agglom\u00e9rations de la r\u00e9gion se caract\u00e9risent par des rues pav\u00e9es, des fa\u00e7ades aux reliefs figur\u00e9s et des sculptures aux multiples facettes, des maisons construites en briques et tuiles g\u00e9orgiennes, d&rsquo;o\u00f9 s&rsquo;ouvrent de belles vues sur le grand Caucase.<\/em><\/p>\n<p><span style=\"color: #0000ff;\"><em>Pour conna\u00eetre Kakh\u00e9tie, il faut visiter au moins une fois toutes les quatre saisons de l&rsquo;ann\u00e9e et d\u00e9couvrir quelque chose de nouveau ou r\u00e9p\u00e9ter ce que a d\u00e9j\u00e0 vu et aim\u00e9 pour mieux le ressentir. Un voyage \u00e0 Kakh\u00e9tie\u00a0 permettra non seulement de d\u00e9tendre, mais aussi de jeter un regard approfondi sur la culture, l&rsquo;histoire et les traditions de la G\u00e9orgie. Cette r\u00e9gion est id\u00e9ale pour les amateurs de vin, les passionn\u00e9s d\u2019histoire, les amoureux de la nature et ceux qui recherchent une exp\u00e9rience authentique.<\/em><\/span><\/p>\n<p><strong><em>Attractions visit\u00e9es:<\/em><\/strong><\/p>\n<ul>\n<li><em>Complexe de monast\u00e8res rupestres &#8211; David-Garedja;<\/em><\/li>\n<li><em>Monast\u00e8re de Bodb\u00e9;<\/em><\/li>\n<li><em>Ville de Signaghi;<\/em><\/li>\n<li><em>R\u00e9serve naturelle de Lagodekhi (Vachlovani);<\/em><\/li>\n<li><em>Domaine viticole Khareba;<\/em><\/li>\n<li><em>Domaine viticole \u00ab\u00a0Kindzmaraouli\u00a0\u00bb;<\/em><\/li>\n<li><em>Lac d&rsquo;Ilya;<\/em><\/li>\n<li><em>Monast\u00e8re de Nekressi;<\/em><\/li>\n<li><em>Ch\u00e2teau de Gremi;<\/em><\/li>\n<li><em>R\u00e9sidence du roi Irakli II;<\/em><\/li>\n<li><em>Poterie Qvevri;<\/em><\/li>\n<li><em>Acad\u00e9mie m\u00e9di\u00e9vale d&rsquo;Ikalto;<\/em><\/li>\n<li><em>Cath\u00e9drale d&rsquo;Alaverdi;<\/em><\/li>\n<li><em>Tour Baltagori;<\/em><\/li>\n<li><em>Forteresse &#8211; Torgva Pankeli;<\/em><\/li>\n<li><em>Cascade Khadori;<\/em><\/li>\n<li><em>Le domaine d&rsquo;A. Chavchavadz\u00e9 \u00e0 Tsinandali;<\/em><\/li>\n<li><em>Monast\u00e8re de Shuamta;<\/em><\/li>\n<li><em>Forteresse d&rsquo;Oudjarma.<\/em><\/li>\n<\/ul>\n<p><em><strong>D\u00e9tails organisationnels:<\/strong><\/em><\/p>\n<ul>\n<li><em>Tarif pour une personne $ (US Dollars) <span style=\"color: #ff0000;\">\u00e0 partir de 50 USD pour un jour<\/span><\/em><\/li>\n<li><em>Le co\u00fbt de chaque excursion est discut\u00e9 individuellement, d\u00e9pend du nombre de personnes et varie <span style=\"color: #ff0000;\">(\u00b1) de 50 USD pour un jour.<\/span><\/em><\/li>\n<li><em>Le prix comprend: le type de Transport appropri\u00e9, H\u00e9bergement avec petit d\u00e9jeuner, Services d&rsquo;un guide professionnel<\/em><em>.<\/em><\/li>\n<li><em>Pour plus d\u2019informations, n\u2019h\u00e9sitez pas appeler ou \u00e9crire\u00a0<span style=\"color: #ff0000;\"><strong>Viber\/WhatsApp +995 599 25 65 19<\/strong>\u00a0<\/span>\u00a0ou par courrier: <span style=\"color: #ff0000;\"><a style=\"color: #ff0000;\" href=\"mailto:info@georgiavoyage.ge\"><strong>info@georgiavoyage.ge<\/strong><\/a><\/span><a href=\"mailto:info@georgiavoyage.ge\"><strong><img decoding=\"async\" class=\"\" src=\"\/wp-content\/uploads\/2024\/08\/Pointer.png\" width=\"23\" height=\"23\" \/><\/strong><\/a> \u00a0<\/em><\/li>\n<li><span style=\"color: #ff0000;\"><em>Horaires de circuit : sur demande.<\/em><\/span><\/li>\n<\/ul>\n<table width=\"538\">\n<tbody>\n<tr>\n<td width=\"177\"><em>Nombre de personnes<\/em><\/td>\n<td width=\"76\"><em>\u00a0 1-3 per<\/em><\/td>\n<td width=\"94\"><em>\u00a0\u00a0\u00a0 4-8 per<\/em><\/td>\n<td width=\"95\"><em>\u00a0 \u00a09-19 per<\/em><\/td>\n<td width=\"96\"><em>\u00a020-40 per<\/em><\/td>\n<\/tr>\n<tr>\n<td width=\"177\"><em>Mode de transport<\/em><\/td>\n<td width=\"76\"><em>\u00a0Berline<\/em><\/td>\n<td width=\"94\"><em>\u00a0 Minivan<\/em><\/td>\n<td width=\"95\"><em>\u00a0 \u00a0Minibus<\/em><\/td>\n<td width=\"96\"><em>\u00a0 Autobus<\/em><\/td>\n<\/tr>\n<\/tbody>\n<\/table>\n<p><span style=\"color: #0000ff;\"><span style=\"text-decoration: underline;\"><em>*<\/em><\/span><em><u>Le programme du circuit est bas\u00e9 sur notre exp\u00e9rience et les opinions de nos clients compl\u00e8tement diff\u00e9rents. Ce sont des sch\u00e9mas et des programmes semi-finis qui peuvent \u00eatre facilement refaits. <\/u><\/em><span style=\"text-decoration: underline;\"><em>Ajouter ou soustraire un certain nombre de jours d\u2019excursion.\u00a0<span lang=\"FR\">Trier ou refaire le jour d\u2019excursion, changer la succession, la dur\u00e9e,\u00a0<\/span>les prix \u2026.<\/em><\/span><\/span><\/p>\n<p><span style=\"color: #0000ff;\"><span style=\"text-decoration: underline;\"><em><u>Chaque itin\u00e9raire et attraction est discut\u00e9 au moment de la demande. <\/u>\u00a0De plus, s\u2019ils le souhaitent, les touristes peuvent modifier le programme d\u2019un circuit d\u00e9j\u00e0 r\u00e9serv\u00e9 et pay\u00e9.\u00a0 <\/em><\/span><em><u>Afin de prot\u00e9ger notre travail et nos droits, nous fournissons des itin\u00e9raires exclusifs et des points de r\u00e9ception d\u00e9velopp\u00e9s, uniquement pour les acheteurs reels.<\/u><\/em><\/span><\/p>\n","protected":false},"excerpt":{"rendered":"<p>Pr\u00e9sentation de la th\u00e9matique du tour guid\u00e9\u00a0 Kakh\u00e9tie est le pays des sommets l\u00e9gendaires du Caucase, des champs ensoleill\u00e9s, des vignobles r\u00e9partis \u00e0 travers eux, des ch\u00e2teaux historiques, des \u00e9glises et monast\u00e8res m\u00e9di\u00e9vaux, des monuments naturels \u00e9tonnants. Kakh\u00e9tie moderne, bas\u00e9e sur son pass\u00e9 historique et sa culture, a cr\u00e9\u00e9 une exp\u00e9rience d&rsquo;hospitalit\u00e9 et de voyage [&hellip;]<\/p>\n","protected":false},"featured_media":20819,"template":"","meta":[],"product_brand":[],"product_cat":[244],"product_tag":[],"class_list":{"0":"post-14564","1":"product","2":"type-product","3":"status-publish","4":"has-post-thumbnail","6":"product_cat-ethnic-tours-fr","8":"first","9":"instock","10":"shipping-taxable","11":"purchasable","12":"product-type-ovabrw_car_rental"},"_links":{"self":[{"href":"https:\/\/georgiavoyage.ge\/fr\/wp-json\/wp\/v2\/product\/14564","targetHints":{"allow":["GET"]}}],"collection":[{"href":"https:\/\/georgiavoyage.ge\/fr\/wp-json\/wp\/v2\/product"}],"about":[{"href":"https:\/\/georgiavoyage.ge\/fr\/wp-json\/wp\/v2\/types\/product"}],"version-history":[{"count":1,"href":"https:\/\/georgiavoyage.ge\/fr\/wp-json\/wp\/v2\/product\/14564\/revisions"}],"predecessor-version":[{"id":34820,"href":"https:\/\/georgiavoyage.ge\/fr\/wp-json\/wp\/v2\/product\/14564\/revisions\/34820"}],"wp:featuredmedia":[{"embeddable":true,"href":"https:\/\/georgiavoyage.ge\/fr\/wp-json\/wp\/v2\/media\/20819"}],"wp:attachment":[{"href":"https:\/\/georgiavoyage.ge\/fr\/wp-json\/wp\/v2\/media?parent=14564"}],"wp:term":[{"taxonomy":"product_brand","embeddable":true,"href":"https:\/\/georgiavoyage.ge\/fr\/wp-json\/wp\/v2\/product_brand?post=14564"},{"taxonomy":"product_cat","embeddable":true,"href":"https:\/\/georgiavoyage.ge\/fr\/wp-json\/wp\/v2\/product_cat?post=14564"},{"taxonomy":"product_tag","embeddable":true,"href":"https:\/\/georgiavoyage.ge\/fr\/wp-json\/wp\/v2\/product_tag?post=14564"}],"curies":[{"name":"wp","href":"https:\/\/api.w.org\/{rel}","templated":true}]}}