{"id":14567,"date":"2024-08-21T06:40:08","date_gmt":"2024-08-21T02:40:08","guid":{"rendered":"https:\/\/georgiavoyage.web-reflection.com\/tours\/ethnic-tour-region-of-kartli\/"},"modified":"2025-09-18T01:15:13","modified_gmt":"2025-09-17T21:15:13","slug":"ethnic-tour-region-of-kartli","status":"publish","type":"product","link":"https:\/\/georgiavoyage.ge\/fr\/product\/ethnic-tour-region-of-kartli\/","title":{"rendered":"CIRCUIT ETHNIQUE &#8211; R\u00c9GION DE KARTLIE"},"content":{"rendered":"<p><strong><em>Pr\u00e9sentation de la th\u00e9matique du tour guid\u00e9\u00a0<\/em><\/strong><\/p>\n<p><em>Kartlie \u00e9tait et est toujours le centre et l&rsquo;unificateur de la G\u00e9orgie. Le nom Kartlie vient du l\u00e9gendaire ethnoarcher g\u00e9orgien &#8211; Kartlos. C&rsquo;est de l\u00e0 que vient le mot \u00ab<\/em><em>\u041a\u0430\u0440\u0442\u0432\u0435\u043b\u0438<\/em><em>\u00bb (G\u00e9orgien), d\u00e9signant l&rsquo;appartenance nationale, et le nom de la formation politique cr\u00e9\u00e9e par les G\u00e9orgiens &#8211; l&rsquo;\u00c9tat \u00ab<\/em><em>\u0421\u0430\u043a\u0430\u0440\u0442\u0432\u0435\u043b\u043e<\/em><em>\u00bb (G\u00e9orgie). Les anciennes et nouvelles capitales de la G\u00e9orgie unie, Mtskh\u00e9ta et Tbilissi, sont situ\u00e9es \u00e0 Kartlie.<\/em><\/p>\n<p><em>La r\u00e9gion a donn\u00e9 le nom \u00e0 l\u2019ethnie g\u00e9orgienne, d\u2019o\u00f9 la diffusion du christianisme sur tout le territoire du pays. Les tribus Kartv\u00e9liens vivaient sur ce territoire avant m\u00eame notre \u00e8re. Dans les sources anciennes et byzantines, Kartlie \u00e9tait connue sous le nom d&rsquo;\u00abIb\u00e9rie caucasienne\u00bb. La r\u00e9gion, avec son histoire, son architecture m\u00e9di\u00e9vale, ses monuments culturels et artistiques, constitue une partie importante du patrimoine g\u00e9orgien et mondial.<\/em><\/p>\n<p><em>Kartlie est consid\u00e9r\u00e9e comme la patrie des premiers Europ\u00e9ens. Des fragments d&rsquo;ossements humains \u00e2g\u00e9s de 1,8 million d&rsquo;ann\u00e9es ont \u00e9t\u00e9 retrouv\u00e9s sur son territoire. Ce fait confirme que la r\u00e9gion du Kartlie, avec le continent africain, \u00e9tait le lieu du plus ancien \u00e9tablissement humain au monde. Un artefact arch\u00e9ologique datant du d\u00e9but du Pal\u00e9olithique fait toujours l\u2019objet de recherches scientifiques mondiales.<\/em><\/p>\n<p><span style=\"color: #0000ff;\"><em>Au cours de la tourn\u00e9e organis\u00e9e par nos soins, vous vous familiariserez avec les monuments naturels et architecturaux uniques et les plus c\u00e9l\u00e8bres de la r\u00e9gion. Vous vous plongerez dans le pass\u00e9 et le pr\u00e9sent de l&rsquo;ancienne civilisation g\u00e9orgienne et admirerez les merveilles arch\u00e9ologiques et historiques cr\u00e9\u00e9es par l&rsquo;homme. Une visite aventureuse et informative inoubliable vous attend dans l\u2019ancienne r\u00e9gion historique de G\u00e9orgie, riche en nature et en attractions.<\/em><\/span><\/p>\n<p><strong><em>Attractions visit\u00e9es:<\/em><\/strong><\/p>\n<ul>\n<li><em>Djvari &#8211; Monast\u00e8re au sommet de la montagne, o\u00f9 Saint Nino a \u00e9rig\u00e9 la premi\u00e8re croix chr\u00e9tienne;<\/em><\/li>\n<li><em>Svetitskhoveli &#8211; Le monument le plus important de la culture, de l&rsquo;art et de l&rsquo;architecture g\u00e9orgiens;<\/em><\/li>\n<li><em>Samtavro &#8211; Monast\u00e8re des femmes, depuis pr\u00e8s de 1700 ans, il personnifie la foi sinc\u00e8re des G\u00e9orgiens en Dieu;<\/em><\/li>\n<li><em>Chio Mgvim\u00e9 &#8211; Un lieu saint dans une for\u00eat pittoresque, entour\u00e9 de grottes d&rsquo;ermites;<\/em><\/li>\n<li><em>Mont Grakliani &#8211; Mus\u00e9e arch\u00e9ologique en plein air du Pal\u00e9olithique ancien;<\/em><\/li>\n<li><em>Kintsvissi &#8211; L&rsquo;un des temples embl\u00e9matiques de G\u00e9orgie avec de c\u00e9l\u00e8bres fresques du XIIIe si\u00e8cle;<\/em><\/li>\n<li><em>Ouplistsikh\u00e9 &#8211; Cave City &#8211; un mus\u00e9e n\u00e9 \u00e0 la fin du IIe &#8211; d\u00e9but du Ier mill\u00e9naire avant JC;<\/em><\/li>\n<li><em>Maison-Mus\u00e9e de Joseph Staline &#8211; Le mus\u00e9e le plus visit\u00e9 de G\u00e9orgie;<\/em><\/li>\n<li><em>Sioni d&rsquo;Ateni &#8211; Un chef-d&rsquo;\u0153uvre architectural construit dans la seconde moiti\u00e9 du 7\u00e8me si\u00e8cle ;<\/em><\/li>\n<li><em>Temple d&rsquo;Ertatsminda &#8211; Un monument important de l&rsquo;\u00e9poque de \u00abl&rsquo;\u00e2ge d&rsquo;or\u00bb de l&rsquo;architecture g\u00e9orgienne;<\/em><\/li>\n<li><em>Monast\u00e8re de Rkoni &#8211; Un temple fabuleux perdu dans une gorge, datant du VIIe si\u00e8cle;<\/em><\/li>\n<li><em>Pont vo\u00fbt\u00e9 de la reine Tamara &#8211; Un miracle de l&rsquo;architecture g\u00e9orgienne;<\/em><\/li>\n<li><em>Forteresse de Tsourtavi &#8211; Un exemple de construction de forteresse de la fin du Moyen \u00c2ge;<\/em><\/li>\n<li><em>Sioni de Bolnissi &#8211; La basilique la plus ancienne (Ve si\u00e8cle) pr\u00e9serv\u00e9e presque intacte de G\u00e9orgie;<\/em><\/li>\n<li><em>Forteresse m\u00e9di\u00e9vale Kvechi &#8211; Lieu de rencontre des cultures occidentales et orientales;<\/em><\/li>\n<li><em>Colonie de Dmanissi &#8211; le berceau de la civilisation europ\u00e9enne, le lieu de naissance de l&rsquo;Homo erectus;<\/em><\/li>\n<li><em>\u00a0Sioni de Dmanissi &#8211; Temple du Ve si\u00e8cle, d\u00e9cor\u00e9 de ravissantes peintures et de bas-reliefs complexes;<\/em><\/li>\n<li><em>Kojris-Tsikhe &#8211; Une forteresse au sommet d&rsquo;une haute montagne d&rsquo;origine volcanique;<\/em><\/li>\n<li><em>Asoureti (Elisabettal) &#8211; Colonie allemande \u00e0 l&rsquo;architecture \u00e0 colombages;<\/em><\/li>\n<li><em>Cath\u00e9drale de Sameba &#8211; Un chef-d&rsquo;\u0153uvre de l&rsquo;architecture moderne avec une vue imprenable sur la ville;<\/em><\/li>\n<li><em>Metekhi &#8211; Un temple majestueux situ\u00e9 sur de hauts rochers baign\u00e9s par les eaux de Koura;<\/em><\/li>\n<li><em>Forteresse de Narikala &#8211; Un majestueux complexe d\u00e9fensif du IVe si\u00e8cle, l&rsquo;un des symboles de la ville;<\/em><\/li>\n<li><em>Bains de soufre de Tbilissi (Abanotoubani) &#8211; Un monument avec une histoire riche et une saveur particuli\u00e8re;<\/em><\/li>\n<li><em>Gorges de Legvtakhevi &#8211; Un miracle naturel au centre de Tbilissi ;<\/em><\/li>\n<li><em>Cath\u00e9drale de Sioni &#8211; Gardienne du sanctuaire principal de la G\u00e9orgie orthodoxe ;<\/em><\/li>\n<li><em>Mont Mtatsminda &#8211; L&rsquo;endroit le plus romantique de cette ville antique ;<\/em><\/li>\n<li><em>Complexe comm\u00e9moratif \u00abChronique de G\u00e9orgie\u00bb &#8211; L&rsquo;histoire de tout le pays grav\u00e9e dans d&rsquo;immenses colonnes.<\/em><\/li>\n<\/ul>\n<p><em><strong>D\u00e9tails organisationnels:<\/strong><\/em><\/p>\n<ul>\n<li><em>Tarif pour une personne $ (US Dollars) <span style=\"color: #ff0000;\">\u00e0 partir de 50 USD pour un jour<\/span><\/em><\/li>\n<li><em>Le co\u00fbt de chaque excursion est discut\u00e9 individuellement, d\u00e9pend du nombre de personnes et varie <span style=\"color: #ff0000;\">(\u00b1) de 50 USD pour un jour.<\/span><\/em><\/li>\n<li><em>Le prix comprend: le type de Transport appropri\u00e9, H\u00e9bergement avec petit d\u00e9jeuner, Services d&rsquo;un guide professionnel<\/em><em>.<\/em><\/li>\n<li><em>Pour plus d\u2019informations, n\u2019h\u00e9sitez pas appeler ou \u00e9crire\u00a0<span style=\"color: #ff0000;\"><strong>Viber\/WhatsApp +995 599 25 65 19<\/strong>\u00a0<\/span>\u00a0ou par courrier: <span style=\"color: #ff0000;\"><a style=\"color: #ff0000;\" href=\"mailto:info@georgiavoyage.ge\"><strong>info@georgiavoyage.ge<\/strong><\/a><\/span><a href=\"mailto:info@georgiavoyage.ge\"><strong><img decoding=\"async\" class=\"\" src=\"\/wp-content\/uploads\/2024\/08\/Pointer.png\" width=\"23\" height=\"23\" \/><\/strong><\/a> \u00a0<\/em><\/li>\n<li><span style=\"color: #ff0000;\"><em>Horaires de circuit : sur demande.<\/em><\/span><\/li>\n<\/ul>\n<table width=\"538\">\n<tbody>\n<tr>\n<td width=\"177\"><em>Nombre de personnes<\/em><\/td>\n<td width=\"76\"><em>\u00a0 1-3 per<\/em><\/td>\n<td width=\"94\"><em>\u00a0\u00a0\u00a0 4-8 per<\/em><\/td>\n<td width=\"95\"><em>\u00a0 \u00a09-19 per<\/em><\/td>\n<td width=\"96\"><em>\u00a020-40 per<\/em><\/td>\n<\/tr>\n<tr>\n<td width=\"177\"><em>Mode de transport<\/em><\/td>\n<td width=\"76\"><em>\u00a0Berline<\/em><\/td>\n<td width=\"94\"><em>\u00a0 Minivan<\/em><\/td>\n<td width=\"95\"><em>\u00a0 \u00a0Minibus<\/em><\/td>\n<td width=\"96\"><em>\u00a0 Autobus<\/em><\/td>\n<\/tr>\n<\/tbody>\n<\/table>\n<p><span style=\"color: #0000ff;\"><span style=\"text-decoration: underline;\"><em>*<\/em><\/span><em><u>Le programme du circuit est bas\u00e9 sur notre exp\u00e9rience et les opinions de nos clients compl\u00e8tement diff\u00e9rents. Ce sont des sch\u00e9mas et des programmes semi-finis qui peuvent \u00eatre facilement refaits. <\/u><\/em><span style=\"text-decoration: underline;\"><em>Ajouter ou soustraire un certain nombre de jours d\u2019excursion.\u00a0<span lang=\"FR\">Trier ou refaire le jour d\u2019excursion, changer la succession, la dur\u00e9e,\u00a0<\/span>les prix \u2026.<\/em><\/span><\/span><\/p>\n<p><span style=\"color: #0000ff;\"><span style=\"text-decoration: underline;\"><em><u>Chaque itin\u00e9raire et attraction est discut\u00e9 au moment de la demande. <\/u>\u00a0De plus, s\u2019ils le souhaitent, les touristes peuvent modifier le programme d\u2019un circuit d\u00e9j\u00e0 r\u00e9serv\u00e9 et pay\u00e9.\u00a0 <\/em><\/span><em><u>Afin de prot\u00e9ger notre travail et nos droits, nous fournissons des itin\u00e9raires exclusifs et des points de r\u00e9ception d\u00e9velopp\u00e9s, uniquement pour les acheteurs reels.<\/u><\/em><\/span><\/p>\n","protected":false},"excerpt":{"rendered":"<p>Pr\u00e9sentation de la th\u00e9matique du tour guid\u00e9\u00a0 Kartlie \u00e9tait et est toujours le centre et l&rsquo;unificateur de la G\u00e9orgie. Le nom Kartlie vient du l\u00e9gendaire ethnoarcher g\u00e9orgien &#8211; Kartlos. C&rsquo;est de l\u00e0 que vient le mot \u00ab\u041a\u0430\u0440\u0442\u0432\u0435\u043b\u0438\u00bb (G\u00e9orgien), d\u00e9signant l&rsquo;appartenance nationale, et le nom de la formation politique cr\u00e9\u00e9e par les G\u00e9orgiens &#8211; l&rsquo;\u00c9tat \u00ab\u0421\u0430\u043a\u0430\u0440\u0442\u0432\u0435\u043b\u043e\u00bb [&hellip;]<\/p>\n","protected":false},"featured_media":28139,"template":"","meta":[],"product_brand":[],"product_cat":[244,259],"product_tag":[],"class_list":{"0":"post-14567","1":"product","2":"type-product","3":"status-publish","4":"has-post-thumbnail","6":"product_cat-ethnic-tours-fr","7":"product_cat-popular-tours-fr","9":"first","10":"instock","11":"shipping-taxable","12":"purchasable","13":"product-type-ovabrw_car_rental"},"_links":{"self":[{"href":"https:\/\/georgiavoyage.ge\/fr\/wp-json\/wp\/v2\/product\/14567","targetHints":{"allow":["GET"]}}],"collection":[{"href":"https:\/\/georgiavoyage.ge\/fr\/wp-json\/wp\/v2\/product"}],"about":[{"href":"https:\/\/georgiavoyage.ge\/fr\/wp-json\/wp\/v2\/types\/product"}],"version-history":[{"count":1,"href":"https:\/\/georgiavoyage.ge\/fr\/wp-json\/wp\/v2\/product\/14567\/revisions"}],"predecessor-version":[{"id":34817,"href":"https:\/\/georgiavoyage.ge\/fr\/wp-json\/wp\/v2\/product\/14567\/revisions\/34817"}],"wp:featuredmedia":[{"embeddable":true,"href":"https:\/\/georgiavoyage.ge\/fr\/wp-json\/wp\/v2\/media\/28139"}],"wp:attachment":[{"href":"https:\/\/georgiavoyage.ge\/fr\/wp-json\/wp\/v2\/media?parent=14567"}],"wp:term":[{"taxonomy":"product_brand","embeddable":true,"href":"https:\/\/georgiavoyage.ge\/fr\/wp-json\/wp\/v2\/product_brand?post=14567"},{"taxonomy":"product_cat","embeddable":true,"href":"https:\/\/georgiavoyage.ge\/fr\/wp-json\/wp\/v2\/product_cat?post=14567"},{"taxonomy":"product_tag","embeddable":true,"href":"https:\/\/georgiavoyage.ge\/fr\/wp-json\/wp\/v2\/product_tag?post=14567"}],"curies":[{"name":"wp","href":"https:\/\/api.w.org\/{rel}","templated":true}]}}