{"id":14571,"date":"2024-08-21T06:50:34","date_gmt":"2024-08-21T02:50:34","guid":{"rendered":"https:\/\/georgiavoyage.web-reflection.com\/tours\/ethnic-tour-region-of-samegrelo\/"},"modified":"2025-09-03T21:01:52","modified_gmt":"2025-09-03T17:01:52","slug":"ethnic-tour-region-of-samegrelo","status":"publish","type":"product","link":"https:\/\/georgiavoyage.ge\/fr\/product\/ethnic-tour-region-of-samegrelo\/","title":{"rendered":"CIRCUIT ETHNIQUE &#8211; R\u00c9GION DE MINGR\u00c9LIE"},"content":{"rendered":"<p><strong><em>Pr\u00e9sentation de la th\u00e9matique du tour guid\u00e9\u00a0<\/em><\/strong><\/p>\n<p><em>Il y a de nombreuses raisons d&rsquo;aller \u00e0 Samegrelo. Cette partie de la G\u00e9orgie occidentale se distingue par des c\u00f4tes maritimes et des monuments naturels d&rsquo;importance strat\u00e9gique. Samegrelo conserve toujours le statut de r\u00e9gion historique exceptionnellement unique. Une fois dans cette r\u00e9gion, vous remarquerez certainement les maisons soigneusement meubl\u00e9es des r\u00e9sidents locaux, ressentirez l&rsquo;air humide caract\u00e9ristique de l&rsquo;Occident et profiterez de sa riche nature.<\/em><\/p>\n<p><em>Les paysages contrast\u00e9s des vall\u00e9es \u00e9meraude de Colchide et des montagnes toujours vertes de Samegrelo laissent une impression inoubliable aux visiteurs. La r\u00e9gion compte des centaines de monuments architecturaux, d\u2019\u00e9difices religieux, d\u2019\u00e9glises et de ruines de villes anciennes. L&rsquo;identifiant unique exceptionnel de la r\u00e9gion est sa cuisine, et tout le monde devrait essayer les plats mingr\u00e9liens au moins une fois dans sa vie.<\/em><\/p>\n<p><em>L&rsquo;histoire de Samegrelo est si mouvement\u00e9e, complexe et largement controvers\u00e9e que m\u00eame une histoire superficielle prendrait plus d&rsquo;une page. Samegrelo, mentionn\u00e9 \u00e0 diff\u00e9rentes \u00e9poques dans les chroniques de diff\u00e9rents peuples, \u00e9tait le berceau de la culture et de l&rsquo;\u00c9tat g\u00e9orgiens. Sur ce territoire au plus tard au VIIIe si\u00e8cle. Colombie-Britannique il y avait le fameux royaume de Colchide, qui entretenait des contacts r\u00e9guliers avec le monde grec.<\/em><\/p>\n<p><em>Vous ferez un merveilleux voyage \u00e0 Samegrelo, o\u00f9 vous pourrez visiter les sites les plus c\u00e9l\u00e8bres, vous familiariser avec des paysages naturels uniques et d\u00e9couvrir des villes et des villages inoubliables. Nous avons d\u00e9j\u00e0 convenu que les d\u00e9couvertes en G\u00e9orgie ne s&rsquo;arr\u00eateront jamais. Alors visitez Samegrelo et ce voyage laissera une marque ind\u00e9l\u00e9bile dans votre m\u00e9moire.<\/em><\/p>\n<p><strong><em>Attractions visit\u00e9es:<\/em><\/strong><\/p>\n<ul>\n<li><em>Nokalakevi (Tsikhegodji, Arch\u00e9opolis) &#8211; La plus grande ville de l&rsquo;ancien \u00c9tat de Colchide, plus tard capitale du royaume de Lazika;<\/em><\/li>\n<li><em>Forteresse de Chkhepi \u2013 Une importante forteresse du 4\u00e8me si\u00e8cle dans le royaume historique d&rsquo;Egrissi;<\/em><\/li>\n<li><em>Monast\u00e8re de Teklati &#8211; Gardien du doigt incorruptible de la main droite de Jean-Baptiste;<\/em><\/li>\n<li><em>Forteresse d&rsquo;Abedati &#8211; Une structure impressionnante qui a conserv\u00e9 sa puissance au fil des si\u00e8cles;<\/em><\/li>\n<li><em>Martvili Canyon &#8211; l&rsquo;un des endroits les plus \u00e9tonnants non seulement de Samegrelo, mais de toute la G\u00e9orgie;<\/em><\/li>\n<li><em>Monast\u00e8re de Martvili &#8211; Symbole du christianisme primitif;<\/em><\/li>\n<li><em>Palais Salkhino &#8211; Palais d&rsquo;\u00e9t\u00e9 des princes mingr\u00e9liens Dadiani;<\/em><\/li>\n<li><em>Chute de Kag0u\u00a0 &#8211; Un ruisseau de 15 m\u00e8tres d&rsquo;eau cristalline coulant sur des pierres vertes moussues;<\/em><\/li>\n<li><em>Chute de Toba &#8211; Une cascade en cascade qui coule d&rsquo;une grotte;<\/em><\/li>\n<li><em>Chutes d&rsquo;Oniore &#8211; Un cours d&rsquo;eau suspendu dont l&rsquo;origine est li\u00e9e aux caract\u00e9ristiques tectoniques de la r\u00e9gion;<\/em><\/li>\n<li><em>Chourouboumou Canyon \u2013 Un magnifique canyon avec des cascades de cascades et de grottes;<\/em><\/li>\n<li><em>Resort Lougela &#8211; Un miracle de la nature, \u00e9veillant l&rsquo;int\u00e9r\u00eat et la surprise des scientifiques et des amateurs d&rsquo;eaux min\u00e9rales;<\/em><\/li>\n<li><em>Gwalachara Canyon &#8211; Une oasis de faune, de diversit\u00e9 et d&rsquo;aventure;<\/em><\/li>\n<li><em>Le monast\u00e8re d&rsquo;Otsidal\u00e9 &#8211; Sur une colline magnifiquement panoramique, surplombant toute la r\u00e9gion de Samegrelo;<\/em><\/li>\n<li><em>Barrage d&rsquo;Engouri &#8211; Le plus grand barrage-vo\u00fbte du monde ;<\/em><\/li>\n<li><em>\u00c9glise cath\u00e9drale de Tsaish &#8211; L&rsquo;un des plus anciens si\u00e8ges \u00e9piscopaux de G\u00e9orgie;<\/em><\/li>\n<li><em>Palais Dadiani &#8211; L&rsquo;un des b\u00e2timents historiques les plus impressionnants et les plus importants de G\u00e9orgie;<\/em><\/li>\n<li><em>Parc national de Kolchide &#8211; Un site naturel unique o\u00f9 vous pourrez vous familiariser avec l&rsquo;histoire et la culture de la r\u00e9gion;<\/em><\/li>\n<li><em>Anaklia est un coin tranquille de la c\u00f4te ouest de la G\u00e9orgie, entour\u00e9 par la mer Noire.<\/em><\/li>\n<\/ul>\n<p><em><strong>D\u00e9tails organisationnels:<\/strong><\/em><\/p>\n<ul>\n<li><em>Tarif pour une personne $ (US Dollars) <span style=\"color: #ff0000;\">\u00e0 partir de 50 USD pour un jour<\/span><\/em><\/li>\n<li><em>Le co\u00fbt de chaque excursion est discut\u00e9 individuellement, d\u00e9pend du nombre de personnes et varie <span style=\"color: #ff0000;\">(\u00b1) de 50 USD pour un jour.<\/span><\/em><\/li>\n<li><em>Le prix comprend: le type de Transport appropri\u00e9, H\u00e9bergement avec petit d\u00e9jeuner, Services d&rsquo;un guide professionnel<\/em><em>.<\/em><\/li>\n<li><em>Pour plus d\u2019informations, n\u2019h\u00e9sitez pas appeler ou \u00e9crire\u00a0<span style=\"color: #ff0000;\"><strong>Viber\/WhatsApp +995 599 25 65 19<\/strong>\u00a0<\/span>\u00a0ou par courrier: <span style=\"color: #ff0000;\"><a style=\"color: #ff0000;\" href=\"mailto:info@georgiavoyage.ge\"><strong>info@georgiavoyage.ge<\/strong><\/a><\/span><a href=\"mailto:info@georgiavoyage.ge\"><strong><img decoding=\"async\" class=\"\" src=\"\/wp-content\/uploads\/2024\/08\/Pointer.png\" width=\"23\" height=\"23\" \/><\/strong><\/a> \u00a0<\/em><\/li>\n<li><span style=\"color: #ff0000;\"><em>Horaires de circuit : sur demande.<\/em><\/span><\/li>\n<\/ul>\n<table width=\"538\">\n<tbody>\n<tr>\n<td width=\"177\"><em>Nombre de personnes<\/em><\/td>\n<td width=\"76\"><em>\u00a0 1-3 per<\/em><\/td>\n<td width=\"94\"><em>\u00a0\u00a0\u00a0 4-8 per<\/em><\/td>\n<td width=\"95\"><em>\u00a0 \u00a09-19 per<\/em><\/td>\n<td width=\"96\"><em>\u00a020-40 per<\/em><\/td>\n<\/tr>\n<tr>\n<td width=\"177\"><em>Mode de transport<\/em><\/td>\n<td width=\"76\"><em>\u00a0Berline<\/em><\/td>\n<td width=\"94\"><em>\u00a0 Minivan<\/em><\/td>\n<td width=\"95\"><em>\u00a0 \u00a0Minibus<\/em><\/td>\n<td width=\"96\"><em>\u00a0 Autobus<\/em><\/td>\n<\/tr>\n<\/tbody>\n<\/table>\n<p><span style=\"color: #0000ff;\"><span style=\"text-decoration: underline;\"><em>*<\/em><\/span><em><u>Le programme du circuit est bas\u00e9 sur notre exp\u00e9rience et les opinions de nos clients compl\u00e8tement diff\u00e9rents. Ce sont des sch\u00e9mas et des programmes semi-finis qui peuvent \u00eatre facilement refaits. <\/u><\/em><span style=\"text-decoration: underline;\"><em>Ajouter ou soustraire un certain nombre de jours d\u2019excursion.\u00a0<span lang=\"FR\">Trier ou refaire le jour d\u2019excursion, changer la succession, la dur\u00e9e,\u00a0<\/span>les prix \u2026.<\/em><\/span><\/span><\/p>\n<p><span style=\"color: #0000ff;\"><span style=\"text-decoration: underline;\"><em><u>Chaque itin\u00e9raire et attraction est discut\u00e9 au moment de la demande. <\/u>\u00a0De plus, s\u2019ils le souhaitent, les touristes peuvent modifier le programme d\u2019un circuit d\u00e9j\u00e0 r\u00e9serv\u00e9 et pay\u00e9.\u00a0 <\/em><\/span><em><u>Afin de prot\u00e9ger notre travail et nos droits, nous fournissons des itin\u00e9raires exclusifs et des points de r\u00e9ception d\u00e9velopp\u00e9s, uniquement pour les acheteurs reels.<\/u><\/em><\/span><\/p>\n","protected":false},"excerpt":{"rendered":"<p>Pr\u00e9sentation de la th\u00e9matique du tour guid\u00e9\u00a0 Il y a de nombreuses raisons d&rsquo;aller \u00e0 Samegrelo. Cette partie de la G\u00e9orgie occidentale se distingue par des c\u00f4tes maritimes et des monuments naturels d&rsquo;importance strat\u00e9gique. Samegrelo conserve toujours le statut de r\u00e9gion historique exceptionnellement unique. Une fois dans cette r\u00e9gion, vous remarquerez certainement les maisons soigneusement [&hellip;]<\/p>\n","protected":false},"featured_media":28600,"template":"","meta":[],"product_brand":[],"product_cat":[244],"product_tag":[],"class_list":{"0":"post-14571","1":"product","2":"type-product","3":"status-publish","4":"has-post-thumbnail","6":"product_cat-ethnic-tours-fr","8":"first","9":"instock","10":"shipping-taxable","11":"purchasable","12":"product-type-ovabrw_car_rental"},"_links":{"self":[{"href":"https:\/\/georgiavoyage.ge\/fr\/wp-json\/wp\/v2\/product\/14571","targetHints":{"allow":["GET"]}}],"collection":[{"href":"https:\/\/georgiavoyage.ge\/fr\/wp-json\/wp\/v2\/product"}],"about":[{"href":"https:\/\/georgiavoyage.ge\/fr\/wp-json\/wp\/v2\/types\/product"}],"version-history":[{"count":1,"href":"https:\/\/georgiavoyage.ge\/fr\/wp-json\/wp\/v2\/product\/14571\/revisions"}],"predecessor-version":[{"id":34814,"href":"https:\/\/georgiavoyage.ge\/fr\/wp-json\/wp\/v2\/product\/14571\/revisions\/34814"}],"wp:featuredmedia":[{"embeddable":true,"href":"https:\/\/georgiavoyage.ge\/fr\/wp-json\/wp\/v2\/media\/28600"}],"wp:attachment":[{"href":"https:\/\/georgiavoyage.ge\/fr\/wp-json\/wp\/v2\/media?parent=14571"}],"wp:term":[{"taxonomy":"product_brand","embeddable":true,"href":"https:\/\/georgiavoyage.ge\/fr\/wp-json\/wp\/v2\/product_brand?post=14571"},{"taxonomy":"product_cat","embeddable":true,"href":"https:\/\/georgiavoyage.ge\/fr\/wp-json\/wp\/v2\/product_cat?post=14571"},{"taxonomy":"product_tag","embeddable":true,"href":"https:\/\/georgiavoyage.ge\/fr\/wp-json\/wp\/v2\/product_tag?post=14571"}],"curies":[{"name":"wp","href":"https:\/\/api.w.org\/{rel}","templated":true}]}}