{"id":14580,"date":"2024-08-20T07:40:23","date_gmt":"2024-08-20T03:40:23","guid":{"rendered":"https:\/\/georgiavoyage.web-reflection.com\/tours\/regional-tours-western-georgia\/"},"modified":"2025-09-03T21:50:57","modified_gmt":"2025-09-03T17:50:57","slug":"regional-tours-western-georgia","status":"publish","type":"product","link":"https:\/\/georgiavoyage.ge\/fr\/product\/regional-tours-western-georgia\/","title":{"rendered":"CIRCUIT REGIONAUX- L\u2019OUEST DE LA G\u00c9ORGIE"},"content":{"rendered":"<p><strong><em>Pr\u00e9sentation de la th\u00e9matique du tour guid\u00e9\u00a0<\/em><\/strong><\/p>\n<p><em>Le territoire situ\u00e9 \u00e0 l&rsquo;ouest de la cha\u00eene naturelle de s\u00e9paration de Likhi est appel\u00e9 G\u00e9orgie occidentale, qui a toujours \u00e9t\u00e9 et reste une partie indivisible de la G\u00e9orgie unie. Dans les temps anciens, le puissant royaume de Colchide \u00e9tait situ\u00e9 dans cette partie de la G\u00e9orgie.<\/em><\/p>\n<p><em>Les r\u00e9gions de l&rsquo;est de la G\u00e9orgie sont Abkhazie, Adjarie, Gourie,\u00a0 Im\u00e9r\u00e9thie et Samegrelo. Dans la partie occidentale du pays se trouvent \u00e9galement des r\u00e9gions historiques et g\u00e9ographiques montagneuses : Ratcha, Lechkhoumie et Svan\u00e9tie.<\/em><\/p>\n<p><em>La G\u00e9orgie occidentale se caract\u00e9rise par une abondance de for\u00eats tropicales et de rivi\u00e8res de montagne. En raison de l&rsquo;humidit\u00e9 \u00e9lev\u00e9e dans l&rsquo;ouest de la G\u00e9orgie, des maisons en bois \u00e0 un ou deux \u00e9tages ont \u00e9t\u00e9 construites principalement sur pilotis.<\/em><\/p>\n<p><em>Dans la partie occidentale du pays, une vari\u00e9t\u00e9 de produits v\u00e9g\u00e9taux m\u00e9lang\u00e9s \u00e0 des noix et des \u00e9pices sont r\u00e9pandus. La cuisine de l&rsquo;ouest de la G\u00e9orgie se caract\u00e9rise par l&rsquo;utilisation de pains plats mchadi fabriqu\u00e9s \u00e0 partir de farine de ma\u00efs sp\u00e9cialement moulue, utilis\u00e9e \u00e0 la place du pain.<\/em><\/p>\n<p><em>Le climat subtropical doux et les conditions du sol de la G\u00e9orgie offrent de nombreuses opportunit\u00e9s pour la production de cultures subtropicales telles que : th\u00e9, citrons, oranges, mandarines et autres.<\/em><\/p>\n<p><span style=\"color: #0000ff;\"><em>Notre tourn\u00e9e de l\u2019ouest de la G\u00e9orgie vous permettra de vous immerger dans la riche histoire et culture du pays. Nous proposons des itin\u00e9raires uniques qui vous aideront \u00e0 d\u00e9couvrir la G\u00e9orgie sous un nouveau jour. Vous serez t\u00e9moin de la grandeur des terres anciennes et plongerez dans une mer d&rsquo;\u00e9motions.<\/em><\/span><\/p>\n<p><strong><em>Attractions visit\u00e9es:<\/em><\/strong><\/p>\n<ul>\n<li><em>Gh\u00e9lati; Motsameta; Barakoni ; Nikortsminda; Domaine viticole \u00ab\u00a0Khvanchkara\u00a0\u00bb ; R\u00e9servoir Chaori.<\/em><\/li>\n<li><em>Cath\u00e9drale de Bagrati ; R\u00e9serve naturelle de Sataplia; Canyon Martvili ; Monast\u00e8re de Martvili ; Palais Salkhino.<\/em><\/li>\n<li><em>R\u00e9servoir d&rsquo;Ingouri ; Barrage d&rsquo;Ingouri ; Cath\u00e9drale Tsaichi ; Palais Dadiani \u00e0 Zougdidi.<\/em><\/li>\n<li><em>Station d&rsquo;Anaklia ; Ville de Poti (Fasissi); R\u00e9serve nationale de Colchide.<\/em><\/li>\n<li><em>L\u2019Adjarie montagneuse; Cascade de Makhountseti; Pont en arc de la reine Tamara; Forteresse de Gonio.<\/em><\/li>\n<li><em>Jardin botanique de Batoumi; forteresse de P\u00e9tra; Boulevard de Batoumi;\u00a0<\/em><\/li>\n<li><em>Station baln\u00e9aire d&rsquo;Oureki ; Station baln\u00e9aire de Nabeglavi ; Station baln\u00e9aire de Bakhmaro.<\/em><\/li>\n<li><em>Site arch\u00e9ologique de Nokalakevi; Forteresse de Shkhepi; Monument naturel de la gorge d&rsquo;Okats\u00e9.<\/em><\/li>\n<\/ul>\n<p><em><strong>D\u00e9tails organisationnels:<\/strong><\/em><\/p>\n<ul>\n<li><em>Tarif pour une personne $ (US Dollars) <strong><span style=\"color: #ff0000;\">\u00e0 partir de 55 USD pour un jour.<\/span><\/strong><\/em><\/li>\n<li><em>Le co\u00fbt de chaque excursion est discut\u00e9 individuellement, d\u00e9pend du nombre de personnes et varie <strong><span style=\"color: #ff0000;\">(\u00b1) de 55 USD pour un jour.<\/span><\/strong><\/em><\/li>\n<li><em>Le prix comprend: le type de Transport appropri\u00e9, H\u00e9bergement avec petit d\u00e9jeuner, Services d&rsquo;un guide professionnel<\/em><em>.<\/em><\/li>\n<li><em>Pour plus d\u2019informations, n\u2019h\u00e9sitez pas appeler ou \u00e9crire\u00a0<span style=\"color: #ff0000;\"><strong>Viber\/WhatsApp +995 599 25 65 19<\/strong>\u00a0<\/span>\u00a0ou par courrier: <span style=\"color: #ff0000;\"><a style=\"color: #ff0000;\" href=\"mailto:info@georgiavoyage.ge\"><strong>info@georgiavoyage.ge<\/strong><\/a><\/span><a href=\"mailto:info@georgiavoyage.ge\"><strong><img decoding=\"async\" class=\"\" src=\"\/wp-content\/uploads\/2024\/08\/Pointer.png\" width=\"23\" height=\"23\" \/><\/strong><\/a> \u00a0<\/em><\/li>\n<li><strong><span style=\"color: #ff0000;\"><em>Horaires de circuit : sur demande.<\/em><\/span><\/strong><\/li>\n<\/ul>\n<table width=\"538\">\n<tbody>\n<tr>\n<td width=\"177\"><em>Nombre de personnes<\/em><\/td>\n<td width=\"76\"><em>\u00a0 1-3 per<\/em><\/td>\n<td width=\"94\"><em>\u00a0\u00a0\u00a0 4-8 per<\/em><\/td>\n<td width=\"95\"><em>\u00a0 \u00a09-19 per<\/em><\/td>\n<td width=\"96\"><em>\u00a020-40 per<\/em><\/td>\n<\/tr>\n<tr>\n<td width=\"177\"><em>Mode de transport<\/em><\/td>\n<td width=\"76\"><em>\u00a0Berline<\/em><\/td>\n<td width=\"94\"><em>\u00a0 Minivan<\/em><\/td>\n<td width=\"95\"><em>\u00a0 \u00a0Minibus<\/em><\/td>\n<td width=\"96\"><em>\u00a0 Autobus<\/em><\/td>\n<\/tr>\n<\/tbody>\n<\/table>\n<p><span style=\"color: #0000ff;\"><span style=\"text-decoration: underline;\"><em>*<\/em><\/span><em><u>Le programme du circuit est bas\u00e9 sur notre exp\u00e9rience et les opinions de nos clients compl\u00e8tement diff\u00e9rents. Ce sont des sch\u00e9mas et des programmes semi-finis qui peuvent \u00eatre facilement refaits. <\/u><\/em><span style=\"text-decoration: underline;\"><em>Ajouter ou soustraire un certain nombre de jours d\u2019excursion.\u00a0<span lang=\"FR\">Trier ou refaire le jour d\u2019excursion, changer la succession, la dur\u00e9e,\u00a0<\/span>les prix \u2026.<\/em><\/span><\/span><\/p>\n<p><span style=\"color: #0000ff;\"><span style=\"text-decoration: underline;\"><em><u>Chaque itin\u00e9raire et attraction est discut\u00e9 au moment de la demande. <\/u>\u00a0De plus, s\u2019ils le souhaitent, les touristes peuvent modifier le programme d\u2019un circuit d\u00e9j\u00e0 r\u00e9serv\u00e9 et pay\u00e9.\u00a0 <\/em><\/span><em><u>Afin de prot\u00e9ger notre travail et nos droits, nous fournissons des itin\u00e9raires exclusifs et des points de r\u00e9ception d\u00e9velopp\u00e9s, uniquement pour les acheteurs reels.<\/u><\/em><\/span><\/p>\n","protected":false},"excerpt":{"rendered":"<p>Pr\u00e9sentation de la th\u00e9matique du tour guid\u00e9\u00a0 Le territoire situ\u00e9 \u00e0 l&rsquo;ouest de la cha\u00eene naturelle de s\u00e9paration de Likhi est appel\u00e9 G\u00e9orgie occidentale, qui a toujours \u00e9t\u00e9 et reste une partie indivisible de la G\u00e9orgie unie. Dans les temps anciens, le puissant royaume de Colchide \u00e9tait situ\u00e9 dans cette partie de la G\u00e9orgie. Les [&hellip;]<\/p>\n","protected":false},"featured_media":20923,"template":"","meta":[],"product_brand":[],"product_cat":[245],"product_tag":[],"class_list":{"0":"post-14580","1":"product","2":"type-product","3":"status-publish","4":"has-post-thumbnail","6":"product_cat-regional-tours-fr","8":"first","9":"instock","10":"shipping-taxable","11":"purchasable","12":"product-type-ovabrw_car_rental"},"_links":{"self":[{"href":"https:\/\/georgiavoyage.ge\/fr\/wp-json\/wp\/v2\/product\/14580","targetHints":{"allow":["GET"]}}],"collection":[{"href":"https:\/\/georgiavoyage.ge\/fr\/wp-json\/wp\/v2\/product"}],"about":[{"href":"https:\/\/georgiavoyage.ge\/fr\/wp-json\/wp\/v2\/types\/product"}],"version-history":[{"count":1,"href":"https:\/\/georgiavoyage.ge\/fr\/wp-json\/wp\/v2\/product\/14580\/revisions"}],"predecessor-version":[{"id":34827,"href":"https:\/\/georgiavoyage.ge\/fr\/wp-json\/wp\/v2\/product\/14580\/revisions\/34827"}],"wp:featuredmedia":[{"embeddable":true,"href":"https:\/\/georgiavoyage.ge\/fr\/wp-json\/wp\/v2\/media\/20923"}],"wp:attachment":[{"href":"https:\/\/georgiavoyage.ge\/fr\/wp-json\/wp\/v2\/media?parent=14580"}],"wp:term":[{"taxonomy":"product_brand","embeddable":true,"href":"https:\/\/georgiavoyage.ge\/fr\/wp-json\/wp\/v2\/product_brand?post=14580"},{"taxonomy":"product_cat","embeddable":true,"href":"https:\/\/georgiavoyage.ge\/fr\/wp-json\/wp\/v2\/product_cat?post=14580"},{"taxonomy":"product_tag","embeddable":true,"href":"https:\/\/georgiavoyage.ge\/fr\/wp-json\/wp\/v2\/product_tag?post=14580"}],"curies":[{"name":"wp","href":"https:\/\/api.w.org\/{rel}","templated":true}]}}