{"id":14584,"date":"2024-08-20T09:00:02","date_gmt":"2024-08-20T05:00:02","guid":{"rendered":"https:\/\/georgiavoyage.web-reflection.com\/tours\/regional-tour-around-georgia\/"},"modified":"2025-09-03T21:47:17","modified_gmt":"2025-09-03T17:47:17","slug":"regional-tour-around-georgia","status":"publish","type":"product","link":"https:\/\/georgiavoyage.ge\/fr\/product\/regional-tour-around-georgia\/","title":{"rendered":"CIRCUIT REGIONAUX &#8211; AUTOUR DE LA G\u00c9ORGIE"},"content":{"rendered":"<p><em><strong>Pr\u00e9sentation de la th\u00e9matique du tour guid\u00e9\u00a0<\/strong><\/em><\/p>\n<p><em>La G\u00e9orgie (Sakartvelo) est un pays unique \u00e0 bien des \u00e9gards. Ici, chacun peut trouver quelque chose qui lui est propre. La vari\u00e9t\u00e9 des activit\u00e9s propos\u00e9es \u00e0 tout touriste est ce qui attire les voyageurs dans ce merveilleux pays.<\/em><\/p>\n<p><em>La c\u00f4te pittoresque de la mer Noire, un grand nombre d&rsquo;h\u00f4pitaux diff\u00e9rents et plus de dix mille monuments arch\u00e9ologiques, historiques, architecturaux et artistiques, dont beaucoup sont absolument uniques. Les G\u00e9orgiens appellent leur pays Sakartvelo. Et le pays est aussi beau que son nom.<\/em><\/p>\n<p><em>G\u00e9orgie orientale \u2013 L&rsquo;ancien royaume d&rsquo;Ib\u00e9rie, l&rsquo;un des premiers pays de la r\u00e9gion \u00e0 adopter le christianisme (en 337 apr\u00e8s JC). De nombreux monuments t\u00e9moignent silencieusement de la richesse de l&rsquo;histoire : \u00e9difices religieux de l&rsquo;\u00e8re du christianisme primitif &#8211; anciennes \u00e9glises et monast\u00e8res, perdus dans les pentes abruptes des montagnes du Caucase.<\/em><\/p>\n<p><em>G\u00e9orgie occidentale &#8211; L&rsquo;ancien royaume de Colchide, un \u00c9tat puissant form\u00e9 par une union de tribus g\u00e9orgiennes. Kouta\u00efssi, la plus grande ville de G\u00e9orgie occidentale, \u00e9tait d\u00e9j\u00e0 la capitale de l&rsquo;ancien royaume de Colchidi au deuxi\u00e8me mill\u00e9naire avant JC. De nombreuses autres colonies ont \u00e9t\u00e9 fond\u00e9es sur la c\u00f4te de la mer Noire, aujourd&rsquo;hui site de magnifiques monuments de l&rsquo;UNESCO.<\/em><\/p>\n<p><span style=\"color: #0000ff;\"><em>Nous proposons un circuit vari\u00e9 autour de la G\u00e9orgie en fonction de vos pr\u00e9f\u00e9rences : des excursions vers des lieux historiques aux voyages dans de magnifiques lieux naturels. Vous vous appr\u00eatez \u00e0 embarquer pour un magnifique voyage o\u00f9 vous pourrez visiter les sites les plus c\u00e9l\u00e8bres, d\u00e9couvrir des paysages naturels uniques et d\u00e9couvrir des villes et villages inoubliables.<\/em><\/span><\/p>\n<p><strong><em>Attractions visit\u00e9es:<\/em><\/strong><\/p>\n<ul>\n<li><em>Cath\u00e9drale de Sam\u00e9ba ; \u00a0L&rsquo;\u00e9glise de Metekhi; \u00a0Forteresse de Narikala\u00a0; \u00a0Abanotoubani\u00a0; \u00a0Canyon de Legvtakhevi\u00a0; \u00a0Sioni de Tbilissi; Monument \u00abHistoire de la G\u00e9orgie\u00bb; \u00a0Mtatsminda.<\/em><\/li>\n<li><em>Forteresse de Goristsikh\u00e9 ; Mus\u00e9e de Joseph Staline ; \u00a0La ville rocheuse d&rsquo;Ouplistsikh\u00e9;\u00a0<\/em><em>Ville de Bordjomi.<\/em><\/li>\n<li><em>Forteresse de Rabati\u00a0; \u00a0Forteresse de Khertvissi\u00a0; \u00a0Ville troglodyte de Vardzia ; \u00a0Palais des Romanov de Likani; \u00a0Monast\u00e8re vert.<\/em><\/li>\n<li><em>Cath\u00e9drale de Bagrati ; R\u00e9serve naturelle de Sataplia; Canyon Martvili ; Monast\u00e8re de Martvili ; Palais Salkhino.<\/em><\/li>\n<li><em>Site arch\u00e9ologique de Nokalakevi;Jardin botanique de Batoumi; forteresse de P\u00e9tra; Boulevard de Batoumi.<\/em><\/li>\n<li><em>Station baln\u00e9aire d&rsquo;Oureki ; Station baln\u00e9aire de Nabeglavi ; Station baln\u00e9aire de Bakhmaro.<\/em><\/li>\n<li><em>Gh\u00e9lati; Motsameta; Barakoni ; Nikortsminda;Monast\u00e8re de Djvari; \u00a0Cath\u00e9drale de Sv\u00e9titskhov\u00e9li ; \u00a0Monast\u00e8re de\u00a0 Samtavro.\u00a0<\/em><\/li>\n<li><em>R\u00e9servoir de Jinvali\u00a0; Ch\u00e2teau d&rsquo;Ananouri\u00a0; \u00a0Panorama de Goudaouri\u00a0;\u00a0 Travertins de Trousso\u00a0; \u00a0Forteresse de Sno; \u00a0Trinit\u00e9 de Guergu\u00e9ti.<\/em><\/li>\n<li><em>Forteresse d&rsquo;Oudjarma ; \u00a0Monast\u00e8re de Chuamta ; \u00a0Acad\u00e9mie m\u00e9di\u00e9vale d&rsquo;Ikalto ; \u00a0R\u00e9sidence des rois Kakh\u00e9tie \u00a0\u00e0 Telavi; \u00a0Le domaine d&rsquo;A. Chavchavadze \u00e0 Tsinandali ; \u00a0Domaine viticole \u00ab\u00a0Choumi\u00a0\u00bb.<\/em><\/li>\n<li><em>Ch\u00e2teau de Gremi ; \u00a0Monast\u00e8re d\u2019Alaverdi ; \u00a0Monast\u00e8re de Nekressi; \u00a0Lac d\u2019Ilya ; \u00a0Domaine viticole \u00ab\u00a0Kindzmarauoli\u00a0\u00bb ; \u00a0Domaine viticole Khareba; <\/em><em>Monast\u00e8re de Bodb\u00e9 ; \u00a0Ville de Signaghi.<\/em><\/li>\n<\/ul>\n<p><span style=\"color: #0000ff;\"><em>Une description d\u00e9taill\u00e9e et le calendrier des visites de chaque monument sont disponibles dans le programme ci-dessous.<\/em><\/span><\/p>\n<p><span style=\"color: #0000ff;\"><em>Et encore une chose&#8230; un fait reconnu et \u00e9tabli \u00e0 partir de notre exp\u00e9rience et de nos observations, qui est toujours extr\u00eamement int\u00e9ressant et pertinent pour presque tous nos clients.<\/em><\/span><\/p>\n<p><span style=\"color: #0000ff;\"><em>\u00a0<\/em><em>En plus des attractions bien connues mentionn\u00e9es ici, vous visiterez, <\/em><em>jusqu&rsquo;\u00e0 pr\u00e9sent peu connus du grand public, des monuments naturels et architecturaux int\u00e9ressants et exclusifs, des lieux repr\u00e9sentatifs du mode de vie et des coutumes locales, ainsi que de l&rsquo;artisanat et du folklore.<\/em><\/span><\/p>\n<p><em><strong>D\u00e9tails organisationnels:<\/strong><\/em><\/p>\n<ul>\n<li><em>Tarif pour une personne $ (US Dollars) <span style=\"color: #ff0000;\">\u00e0 partir de 55 USD pour un jour<\/span><\/em><\/li>\n<li><em>Le co\u00fbt de chaque excursion est discut\u00e9 individuellement, d\u00e9pend du nombre de personnes et varie <span style=\"color: #ff0000;\">(\u00b1) de 55 USD pour un jour.<\/span><\/em><\/li>\n<li><em>Le prix comprend: le type de Transport appropri\u00e9, H\u00e9bergement avec petit d\u00e9jeuner, Services d&rsquo;un guide professionnel<\/em><em>.<\/em><\/li>\n<li><em>Pour plus d\u2019informations, n\u2019h\u00e9sitez pas appeler ou \u00e9crire\u00a0<span style=\"color: #ff0000;\"><strong>Viber\/WhatsApp +995 599 25 65 19<\/strong>\u00a0<\/span>\u00a0ou par courrier: <span style=\"color: #ff0000;\"><a style=\"color: #ff0000;\" href=\"mailto:info@georgiavoyage.ge\"><strong>info@georgiavoyage.ge<\/strong><\/a><\/span><a href=\"mailto:info@georgiavoyage.ge\"><strong><img decoding=\"async\" class=\"\" src=\"\/wp-content\/uploads\/2024\/08\/Pointer.png\" width=\"23\" height=\"23\" \/><\/strong><\/a> \u00a0<\/em><\/li>\n<li><span style=\"color: #ff0000;\"><em>Horaires de circuit : sur demande.<\/em><\/span><\/li>\n<\/ul>\n<table width=\"538\">\n<tbody>\n<tr>\n<td width=\"177\"><em>Nombre de personnes<\/em><\/td>\n<td width=\"76\"><em>\u00a0 1-3 per<\/em><\/td>\n<td width=\"94\"><em>\u00a0\u00a0\u00a0 4-8 per<\/em><\/td>\n<td width=\"95\"><em>\u00a0 \u00a09-19 per<\/em><\/td>\n<td width=\"96\"><em>\u00a020-40 per<\/em><\/td>\n<\/tr>\n<tr>\n<td width=\"177\"><em>Mode de transport<\/em><\/td>\n<td width=\"76\"><em>\u00a0Berline<\/em><\/td>\n<td width=\"94\"><em>\u00a0 Minivan<\/em><\/td>\n<td width=\"95\"><em>\u00a0 \u00a0Minibus<\/em><\/td>\n<td width=\"96\"><em>\u00a0 Autobus<\/em><\/td>\n<\/tr>\n<\/tbody>\n<\/table>\n<p><span style=\"color: #0000ff;\"><span style=\"text-decoration: underline;\"><em>*<\/em><\/span><em><u>Le programme du circuit est bas\u00e9 sur notre exp\u00e9rience et les opinions de nos clients compl\u00e8tement diff\u00e9rents. Ce sont des sch\u00e9mas et des programmes semi-finis qui peuvent \u00eatre facilement refaits. <\/u><\/em><span style=\"text-decoration: underline;\"><em>Ajouter ou soustraire un certain nombre de jours d\u2019excursion.\u00a0<span lang=\"FR\">Trier ou refaire le jour d\u2019excursion, changer la succession, la dur\u00e9e,\u00a0<\/span>les prix \u2026.<\/em><\/span><\/span><\/p>\n<p><span style=\"color: #0000ff;\"><span style=\"text-decoration: underline;\"><em><u>Chaque itin\u00e9raire et attraction est discut\u00e9 au moment de la demande. <\/u>\u00a0De plus, s\u2019ils le souhaitent, les touristes peuvent modifier le programme d\u2019un circuit d\u00e9j\u00e0 r\u00e9serv\u00e9 et pay\u00e9.\u00a0 <\/em><\/span><em><u>Afin de prot\u00e9ger notre travail et nos droits, nous fournissons des itin\u00e9raires exclusifs et des points de r\u00e9ception d\u00e9velopp\u00e9s, uniquement pour les acheteurs reels.<\/u><\/em><\/span><\/p>\n","protected":false},"excerpt":{"rendered":"<p>Pr\u00e9sentation de la th\u00e9matique du tour guid\u00e9\u00a0 La G\u00e9orgie (Sakartvelo) est un pays unique \u00e0 bien des \u00e9gards. Ici, chacun peut trouver quelque chose qui lui est propre. La vari\u00e9t\u00e9 des activit\u00e9s propos\u00e9es \u00e0 tout touriste est ce qui attire les voyageurs dans ce merveilleux pays. La c\u00f4te pittoresque de la mer Noire, un grand [&hellip;]<\/p>\n","protected":false},"featured_media":28600,"template":"","meta":[],"product_brand":[],"product_cat":[245],"product_tag":[],"class_list":{"0":"post-14584","1":"product","2":"type-product","3":"status-publish","4":"has-post-thumbnail","6":"product_cat-regional-tours-fr","8":"first","9":"instock","10":"shipping-taxable","11":"purchasable","12":"product-type-ovabrw_car_rental"},"_links":{"self":[{"href":"https:\/\/georgiavoyage.ge\/fr\/wp-json\/wp\/v2\/product\/14584","targetHints":{"allow":["GET"]}}],"collection":[{"href":"https:\/\/georgiavoyage.ge\/fr\/wp-json\/wp\/v2\/product"}],"about":[{"href":"https:\/\/georgiavoyage.ge\/fr\/wp-json\/wp\/v2\/types\/product"}],"version-history":[{"count":1,"href":"https:\/\/georgiavoyage.ge\/fr\/wp-json\/wp\/v2\/product\/14584\/revisions"}],"predecessor-version":[{"id":34824,"href":"https:\/\/georgiavoyage.ge\/fr\/wp-json\/wp\/v2\/product\/14584\/revisions\/34824"}],"wp:featuredmedia":[{"embeddable":true,"href":"https:\/\/georgiavoyage.ge\/fr\/wp-json\/wp\/v2\/media\/28600"}],"wp:attachment":[{"href":"https:\/\/georgiavoyage.ge\/fr\/wp-json\/wp\/v2\/media?parent=14584"}],"wp:term":[{"taxonomy":"product_brand","embeddable":true,"href":"https:\/\/georgiavoyage.ge\/fr\/wp-json\/wp\/v2\/product_brand?post=14584"},{"taxonomy":"product_cat","embeddable":true,"href":"https:\/\/georgiavoyage.ge\/fr\/wp-json\/wp\/v2\/product_cat?post=14584"},{"taxonomy":"product_tag","embeddable":true,"href":"https:\/\/georgiavoyage.ge\/fr\/wp-json\/wp\/v2\/product_tag?post=14584"}],"curies":[{"name":"wp","href":"https:\/\/api.w.org\/{rel}","templated":true}]}}