{"id":14588,"date":"2024-08-19T01:20:13","date_gmt":"2024-08-18T21:20:13","guid":{"rendered":"https:\/\/georgiavoyage.web-reflection.com\/tours\/wine-tour-marani\/"},"modified":"2025-09-03T21:58:38","modified_gmt":"2025-09-03T17:58:38","slug":"wine-tour-marani","status":"publish","type":"product","link":"https:\/\/georgiavoyage.ge\/fr\/product\/wine-tour-marani\/","title":{"rendered":"CIRCUIT DE VIN \u2013 MARANI"},"content":{"rendered":"<p><strong><em>Pr\u00e9sentation de la th\u00e9matique du tour guid\u00e9\u00a0<\/em><\/strong><\/p>\n<p><em>Une visite int\u00e9ressante vous attend dans l&rsquo;ancienne et unique r\u00e9gion viticole et viticole de G\u00e9orgie &#8211; Kakh\u00e9tie. C\u2019est dans cette r\u00e9gion que se trouve la majeure partie des vignobles g\u00e9orgiens et les c\u00e9pages produits ici se distinguent par des propri\u00e9t\u00e9s sp\u00e9cifiques et uniques.<\/em><\/p>\n<p><em>Sur le territoire de Kakh\u00e9tie, des cruches contenant des restes de p\u00e9pins de raisin, du mat\u00e9riel de vinification &#8211; pressoirs en pierre, pressoirs \u00e0 raisins, divers r\u00e9cipients \u00e0 vin en argile et en m\u00e9tal datant des IX- X mill\u00e9naires avant JC ont \u00e9t\u00e9 d\u00e9couverts.<\/em><\/p>\n<p><span style=\"color: #0000ff;\"><em>L&rsquo;organisation et le d\u00e9roulement de la visite \u0153nologique seront assur\u00e9s par des professionnels qui vous feront d\u00e9couvrir l&rsquo;histoire du vin et son r\u00f4le important dans la culture g\u00e9orgienne. Ils vous feront d\u00e9couvrir le cycle complet de la cr\u00e9ation du vin : de sa premi\u00e8re transformation et mac\u00e9ration en cuve jusqu&rsquo;\u00e0 l&rsquo;\u00e9levage et la mise en bouteille.<\/em><\/span><\/p>\n<p><span style=\"color: #0000ff;\"><em>Les invit\u00e9s auront l&rsquo;occasion de visiter les vignobles de collection de diff\u00e9rents \u00e9tablissements vinicoles, o\u00f9 sont pr\u00e9sent\u00e9s d&rsquo;anciens c\u00e9pages g\u00e9orgiens, de participer \u00e0 diverses classes de ma\u00eetre culinaires g\u00e9orgiennes et de d\u00e9guster une cuisine d\u00e9licieuse et vari\u00e9e.<\/em><\/span><\/p>\n<p><em><strong>D\u00e9tails organisationnels:<\/strong><\/em><\/p>\n<ul>\n<li><em>Tarif pour une personne $ (US Dollars) <strong><span style=\"color: #ff0000;\">\u00e0 partir de 60 USD pour un jour<\/span><\/strong><\/em><\/li>\n<li><em>Le co\u00fbt de chaque excursion est discut\u00e9 individuellement, d\u00e9pend du nombre de personnes et varie <strong><span style=\"color: #ff0000;\">(\u00b1) de 60 USD pour un jour.<\/span><\/strong><\/em><\/li>\n<li><em>Le prix comprend: le type de Transport appropri\u00e9, H\u00e9bergement avec petit d\u00e9jeuner, Services d&rsquo;un guide professionnel<\/em><em>.<\/em><\/li>\n<li><em>Pour plus d\u2019informations, n\u2019h\u00e9sitez pas appeler ou \u00e9crire\u00a0<span style=\"color: #ff0000;\"><strong>Viber\/WhatsApp +995 599 25 65 19<\/strong>\u00a0<\/span>\u00a0ou par courrier: <span style=\"color: #ff0000;\"><a style=\"color: #ff0000;\" href=\"mailto:info@georgiavoyage.ge\"><strong>info@georgiavoyage.ge<\/strong><\/a><\/span><a href=\"mailto:info@georgiavoyage.ge\"><strong><img decoding=\"async\" class=\"\" src=\"\/wp-content\/uploads\/2024\/08\/Pointer.png\" width=\"23\" height=\"23\" \/><\/strong><\/a> \u00a0<\/em><\/li>\n<li><strong><span style=\"color: #ff0000;\"><em>Horaires de circuit : sur demande.<\/em><\/span><\/strong><\/li>\n<\/ul>\n<table width=\"538\">\n<tbody>\n<tr>\n<td width=\"177\"><em>Nombre de personnes<\/em><\/td>\n<td width=\"76\"><em>\u00a0 1-3 per<\/em><\/td>\n<td width=\"94\"><em>\u00a0\u00a0\u00a0 4-8 per<\/em><\/td>\n<td width=\"95\"><em>\u00a0 \u00a09-19 per<\/em><\/td>\n<td width=\"96\"><em>\u00a020-40 per<\/em><\/td>\n<\/tr>\n<tr>\n<td width=\"177\"><em>Mode de transport<\/em><\/td>\n<td width=\"76\"><em>\u00a0Berline<\/em><\/td>\n<td width=\"94\"><em>\u00a0 Minivan<\/em><\/td>\n<td width=\"95\"><em>\u00a0 \u00a0Minibus<\/em><\/td>\n<td width=\"96\"><em>\u00a0 Autobus<\/em><\/td>\n<\/tr>\n<\/tbody>\n<\/table>\n<p><span style=\"color: #0000ff;\"><span style=\"text-decoration: underline;\"><em>*<\/em><\/span><em><u>Le programme du circuit est bas\u00e9 sur notre exp\u00e9rience et les opinions de nos clients compl\u00e8tement diff\u00e9rents. Ce sont des sch\u00e9mas et des programmes semi-finis qui peuvent \u00eatre facilement refaits. <\/u><\/em><span style=\"text-decoration: underline;\"><em>Ajouter ou soustraire un certain nombre de jours d\u2019excursion.\u00a0<span lang=\"FR\">Trier ou refaire le jour d\u2019excursion, changer la succession, la dur\u00e9e,\u00a0<\/span>les prix \u2026.<\/em><\/span><\/span><\/p>\n<p><span style=\"color: #0000ff;\"><span style=\"text-decoration: underline;\"><em><u>Chaque itin\u00e9raire et attraction est discut\u00e9 au moment de la demande. <\/u>\u00a0De plus, s\u2019ils le souhaitent, les touristes peuvent modifier le programme d\u2019un circuit d\u00e9j\u00e0 r\u00e9serv\u00e9 et pay\u00e9.\u00a0 <\/em><\/span><em><u>Afin de prot\u00e9ger notre travail et nos droits, nous fournissons des itin\u00e9raires exclusifs et des points de r\u00e9ception d\u00e9velopp\u00e9s, uniquement pour les acheteurs reels.<\/u><\/em><\/span><\/p>\n","protected":false},"excerpt":{"rendered":"<p>Pr\u00e9sentation de la th\u00e9matique du tour guid\u00e9\u00a0 Une visite int\u00e9ressante vous attend dans l&rsquo;ancienne et unique r\u00e9gion viticole et viticole de G\u00e9orgie &#8211; Kakh\u00e9tie. C\u2019est dans cette r\u00e9gion que se trouve la majeure partie des vignobles g\u00e9orgiens et les c\u00e9pages produits ici se distinguent par des propri\u00e9t\u00e9s sp\u00e9cifiques et uniques. Sur le territoire de Kakh\u00e9tie, [&hellip;]<\/p>\n","protected":false},"featured_media":20959,"template":"","meta":[],"product_brand":[],"product_cat":[246],"product_tag":[],"class_list":{"0":"post-14588","1":"product","2":"type-product","3":"status-publish","4":"has-post-thumbnail","6":"product_cat-wine-tours-fr","8":"first","9":"instock","10":"shipping-taxable","11":"purchasable","12":"product-type-ovabrw_car_rental"},"_links":{"self":[{"href":"https:\/\/georgiavoyage.ge\/fr\/wp-json\/wp\/v2\/product\/14588","targetHints":{"allow":["GET"]}}],"collection":[{"href":"https:\/\/georgiavoyage.ge\/fr\/wp-json\/wp\/v2\/product"}],"about":[{"href":"https:\/\/georgiavoyage.ge\/fr\/wp-json\/wp\/v2\/types\/product"}],"version-history":[{"count":1,"href":"https:\/\/georgiavoyage.ge\/fr\/wp-json\/wp\/v2\/product\/14588\/revisions"}],"predecessor-version":[{"id":34833,"href":"https:\/\/georgiavoyage.ge\/fr\/wp-json\/wp\/v2\/product\/14588\/revisions\/34833"}],"wp:featuredmedia":[{"embeddable":true,"href":"https:\/\/georgiavoyage.ge\/fr\/wp-json\/wp\/v2\/media\/20959"}],"wp:attachment":[{"href":"https:\/\/georgiavoyage.ge\/fr\/wp-json\/wp\/v2\/media?parent=14588"}],"wp:term":[{"taxonomy":"product_brand","embeddable":true,"href":"https:\/\/georgiavoyage.ge\/fr\/wp-json\/wp\/v2\/product_brand?post=14588"},{"taxonomy":"product_cat","embeddable":true,"href":"https:\/\/georgiavoyage.ge\/fr\/wp-json\/wp\/v2\/product_cat?post=14588"},{"taxonomy":"product_tag","embeddable":true,"href":"https:\/\/georgiavoyage.ge\/fr\/wp-json\/wp\/v2\/product_tag?post=14588"}],"curies":[{"name":"wp","href":"https:\/\/api.w.org\/{rel}","templated":true}]}}