{"id":14592,"date":"2020-08-19T03:30:25","date_gmt":"2020-08-18T23:30:25","guid":{"rendered":"https:\/\/georgiavoyage.web-reflection.com\/tours\/wine-tour-orshimo\/"},"modified":"2025-09-03T22:09:11","modified_gmt":"2025-09-03T18:09:11","slug":"wine-tour-orshimo","status":"publish","type":"product","link":"https:\/\/georgiavoyage.ge\/fr\/product\/wine-tour-orshimo\/","title":{"rendered":"CIRCUIT DE VIN \u2013 ORCHIMO"},"content":{"rendered":"<p><strong><em>Pr\u00e9sentation de la th\u00e9matique du tour guid\u00e9\u00a0<\/em><\/strong><\/p>\n<p><em>Les vins\u00a0 de l&rsquo;ouest de la G\u00e9orgie se distinguent par leur l\u00e9g\u00e8ret\u00e9, leur subtilit\u00e9 et leur fra\u00eecheur. Les produits les plus pr\u00e9cieux de cette r\u00e9gion doivent \u00eatre consid\u00e9r\u00e9s comme des vins naturellement doux et des vins de champagne originaux, ainsi que des vins de table produits selon des m\u00e9thodes europ\u00e9ennes et locales.<\/em><\/p>\n<p><em>En G\u00e9orgie occidentale, le vin est traditionnellement \u00e9labor\u00e9 dans une cruche enterr\u00e9e dans le sol, non pas \u00e0 l&rsquo;int\u00e9rieur, mais \u00e0 l&rsquo;air libre. Apr\u00e8s avoir press\u00e9 le jus, il est imm\u00e9diatement s\u00e9par\u00e9 du \u00ab pressoir \u00bb et le vin s&rsquo;av\u00e8re demi-sec, tr\u00e8s semblable au champagne.<\/em><\/p>\n<p><span style=\"color: #0000ff;\"><em>Pour un vrai oenotouriste, les r\u00e9gions viticoles de l&rsquo;ouest de la G\u00e9orgie &#8211; Im\u00e9r\u00e9thie, Mingr\u00e9lie et Ratcha-Letchkhoumie, peuvent offrir leurs c\u00e9pages et leur patrimoine viticole uniques, ce qui sera une r\u00e9compense pour ceux qui souhaitent les conna\u00eetre de pr\u00e8s.<\/em><\/span><\/p>\n<p><span style=\"color: #0000ff;\"><em>De nombreuses agr\u00e9ables surprises vous attendent lors de la visite que nous organisons. En plus de conna\u00eetre l&rsquo;histoire et la technologie uniques de la production de vin, vous d\u00e9couvrirez les nombreux ar\u00f4mes et go\u00fbts de cette boisson divine, combin\u00e9s \u00e0 la cuisine unique de la G\u00e9orgie occidentale.<\/em><\/span><\/p>\n<p><em><strong>D\u00e9tails organisationnels:<\/strong><\/em><\/p>\n<ul>\n<li><em>Tarif pour une personne $ (US Dollars) <strong><span style=\"color: #ff0000;\">\u00e0 partir de 60 USD pour un jour<\/span><\/strong><\/em><\/li>\n<li><em>Le co\u00fbt de chaque excursion est discut\u00e9 individuellement, d\u00e9pend du nombre de personnes et varie <strong><span style=\"color: #ff0000;\">(\u00b1) de 60 USD pour un jour.<\/span><\/strong><\/em><\/li>\n<li><em>Le prix comprend: le type de Transport appropri\u00e9, H\u00e9bergement avec petit d\u00e9jeuner, Services d&rsquo;un guide professionnel<\/em><em>.<\/em><\/li>\n<li><em>Pour plus d\u2019informations, n\u2019h\u00e9sitez pas appeler ou \u00e9crire\u00a0<span style=\"color: #ff0000;\"><strong>Viber\/WhatsApp +995 599 25 65 19<\/strong>\u00a0<\/span>\u00a0ou par courrier: <span style=\"color: #ff0000;\"><a style=\"color: #ff0000;\" href=\"mailto:info@georgiavoyage.ge\"><strong>info@georgiavoyage.ge<\/strong><\/a><\/span><a href=\"mailto:info@georgiavoyage.ge\"><strong><img decoding=\"async\" class=\"\" src=\"\/wp-content\/uploads\/2024\/08\/Pointer.png\" width=\"23\" height=\"23\" \/><\/strong><\/a> \u00a0<\/em><\/li>\n<li><strong><span style=\"color: #ff0000;\"><em>Horaires de circuit : sur demande.<\/em><\/span><\/strong><\/li>\n<\/ul>\n<table width=\"538\">\n<tbody>\n<tr>\n<td width=\"177\"><em>Nombre de personnes<\/em><\/td>\n<td width=\"76\"><em>\u00a0 1-3 per<\/em><\/td>\n<td width=\"94\"><em>\u00a0\u00a0\u00a0 4-8 per<\/em><\/td>\n<td width=\"95\"><em>\u00a0 \u00a09-19 per<\/em><\/td>\n<td width=\"96\"><em>\u00a020-40 per<\/em><\/td>\n<\/tr>\n<tr>\n<td width=\"177\"><em>Mode de transport<\/em><\/td>\n<td width=\"76\"><em>\u00a0Berline<\/em><\/td>\n<td width=\"94\"><em>\u00a0 Minivan<\/em><\/td>\n<td width=\"95\"><em>\u00a0 \u00a0Minibus<\/em><\/td>\n<td width=\"96\"><em>\u00a0 Autobus<\/em><\/td>\n<\/tr>\n<\/tbody>\n<\/table>\n<p><span style=\"color: #0000ff;\"><span style=\"text-decoration: underline;\"><em>*<\/em><\/span><em><u>Le programme du circuit est bas\u00e9 sur notre exp\u00e9rience et les opinions de nos clients compl\u00e8tement diff\u00e9rents. Ce sont des sch\u00e9mas et des programmes semi-finis qui peuvent \u00eatre facilement refaits. <\/u><\/em><span style=\"text-decoration: underline;\"><em>Ajouter ou soustraire un certain nombre de jours d\u2019excursion.\u00a0<span lang=\"FR\">Trier ou refaire le jour d\u2019excursion, changer la succession, la dur\u00e9e,\u00a0<\/span>les prix \u2026.<\/em><\/span><\/span><\/p>\n<p><span style=\"color: #0000ff;\"><span style=\"text-decoration: underline;\"><em><u>Chaque itin\u00e9raire et attraction est discut\u00e9 au moment de la demande. <\/u>\u00a0De plus, s\u2019ils le souhaitent, les touristes peuvent modifier le programme d\u2019un circuit d\u00e9j\u00e0 r\u00e9serv\u00e9 et pay\u00e9.\u00a0 <\/em><\/span><em><u>Afin de prot\u00e9ger notre travail et nos droits, nous fournissons des itin\u00e9raires exclusifs et des points de r\u00e9ception d\u00e9velopp\u00e9s, uniquement pour les acheteurs reels.<\/u><\/em><\/span><\/p>\n","protected":false},"excerpt":{"rendered":"<p>Pr\u00e9sentation de la th\u00e9matique du tour guid\u00e9\u00a0 Les vins\u00a0 de l&rsquo;ouest de la G\u00e9orgie se distinguent par leur l\u00e9g\u00e8ret\u00e9, leur subtilit\u00e9 et leur fra\u00eecheur. Les produits les plus pr\u00e9cieux de cette r\u00e9gion doivent \u00eatre consid\u00e9r\u00e9s comme des vins naturellement doux et des vins de champagne originaux, ainsi que des vins de table produits selon des [&hellip;]<\/p>\n","protected":false},"featured_media":21016,"template":"","meta":[],"product_brand":[],"product_cat":[246],"product_tag":[],"class_list":{"0":"post-14592","1":"product","2":"type-product","3":"status-publish","4":"has-post-thumbnail","6":"product_cat-wine-tours-fr","8":"first","9":"instock","10":"shipping-taxable","11":"purchasable","12":"product-type-ovabrw_car_rental"},"_links":{"self":[{"href":"https:\/\/georgiavoyage.ge\/fr\/wp-json\/wp\/v2\/product\/14592","targetHints":{"allow":["GET"]}}],"collection":[{"href":"https:\/\/georgiavoyage.ge\/fr\/wp-json\/wp\/v2\/product"}],"about":[{"href":"https:\/\/georgiavoyage.ge\/fr\/wp-json\/wp\/v2\/types\/product"}],"version-history":[{"count":1,"href":"https:\/\/georgiavoyage.ge\/fr\/wp-json\/wp\/v2\/product\/14592\/revisions"}],"predecessor-version":[{"id":34839,"href":"https:\/\/georgiavoyage.ge\/fr\/wp-json\/wp\/v2\/product\/14592\/revisions\/34839"}],"wp:featuredmedia":[{"embeddable":true,"href":"https:\/\/georgiavoyage.ge\/fr\/wp-json\/wp\/v2\/media\/21016"}],"wp:attachment":[{"href":"https:\/\/georgiavoyage.ge\/fr\/wp-json\/wp\/v2\/media?parent=14592"}],"wp:term":[{"taxonomy":"product_brand","embeddable":true,"href":"https:\/\/georgiavoyage.ge\/fr\/wp-json\/wp\/v2\/product_brand?post=14592"},{"taxonomy":"product_cat","embeddable":true,"href":"https:\/\/georgiavoyage.ge\/fr\/wp-json\/wp\/v2\/product_cat?post=14592"},{"taxonomy":"product_tag","embeddable":true,"href":"https:\/\/georgiavoyage.ge\/fr\/wp-json\/wp\/v2\/product_tag?post=14592"}],"curies":[{"name":"wp","href":"https:\/\/api.w.org\/{rel}","templated":true}]}}