{"id":14596,"date":"2020-08-19T04:00:45","date_gmt":"2020-08-19T00:00:45","guid":{"rendered":"https:\/\/georgiavoyage.web-reflection.com\/tours\/wine-tour-on-weekend\/"},"modified":"2025-09-08T18:07:38","modified_gmt":"2025-09-08T14:07:38","slug":"wine-tour-on-weekend","status":"publish","type":"product","link":"https:\/\/georgiavoyage.ge\/fr\/product\/wine-tour-on-weekend\/","title":{"rendered":"CIRCUIT DE VIN \u2013 POUR WEEK-END"},"content":{"rendered":"<p><strong><em>Pr\u00e9sentation de la th\u00e9matique du tour guid\u00e9\u00a0<\/em><\/strong><\/p>\n<p><em>Le circuit propose de d\u00e9licieux vins, des \u00e9co fruits et l\u00e9gumes.\u00a0 Les visiteurs pourront se familiariser avec le processus de production du vin, visiteront le mus\u00e9e de la viticulture et la l\u00e9gendaire usine de cognac g\u00e9orgienne avec une histoire de trois si\u00e8cles.<\/em><\/p>\n<p><em>Le vin en G\u00e9orgie fait partie int\u00e9grante d\u2019un d\u00eener de famille, ou d\u2019une conversation tranquille\u00a0 avec des amis, ou de vacances bruyantes, ou \u2026 en un mot, le vin est toujours et partout ici, car les G\u00e9orgiens aiment beaucoup leurs vins.\u00a0Et non seulement les G\u00e9orgiens \u2026..<\/em><\/p>\n<p><span style=\"color: #0000ff;\"><em>Au cours de la visite, vous recevrez des informations sur les 8 000 ans d&rsquo;histoire de la technologie g\u00e9orgienne traditionnelle. Le programme comprend des excursions p\u00e9dagogiques avec des visites de vignobles et de caves, ainsi que la participation \u00e0 des \u00e9v\u00e9nements culturels th\u00e9matiques.<\/em><\/span><\/p>\n<p><span style=\"color: #0000ff;\"><em>Notre programme de visites \u0153nologiques va bien au-del\u00e0 de la simple d\u00e9gustation de vins. L&rsquo;essentiel ici est de se familiariser avec le secret selon lequel est r\u00e9alis\u00e9e une \u0153uvre ancienne de la culture g\u00e9orgienne. Notre visite est un spectacle dans lequel les traditions anciennes prennent vie dans les temps modernes.<\/em><\/span><\/p>\n<p><em><strong>D\u00e9tails organisationnels:<\/strong><\/em><\/p>\n<ul>\n<li><em>Tarif pour une personne $ (US Dollars) <strong><span style=\"color: #ff0000;\">\u00e0 partir de 50 USD pour un jour<\/span><\/strong><\/em><\/li>\n<li><em>Le co\u00fbt de chaque excursion est discut\u00e9 individuellement, d\u00e9pend du nombre de personnes et varie <strong><span style=\"color: #ff0000;\">(\u00b1) de 50 USD pour un jour.<\/span><\/strong><\/em><\/li>\n<li><em>Le prix comprend: le type de Transport appropri\u00e9, H\u00e9bergement avec petit d\u00e9jeuner, Services d&rsquo;un guide professionnel<\/em><em>.<\/em><\/li>\n<li><em>Pour plus d\u2019informations, n\u2019h\u00e9sitez pas appeler ou \u00e9crire\u00a0<span style=\"color: #ff0000;\"><strong>Viber\/WhatsApp +995 599 25 65 19<\/strong>\u00a0<\/span>\u00a0ou par courrier: <span style=\"color: #ff0000;\"><a style=\"color: #ff0000;\" href=\"mailto:info@georgiavoyage.ge\"><strong>info@georgiavoyage.ge<\/strong><\/a><\/span><a href=\"mailto:info@georgiavoyage.ge\"><strong><img decoding=\"async\" class=\"\" src=\"\/wp-content\/uploads\/2024\/08\/Pointer.png\" width=\"23\" height=\"23\" \/><\/strong><\/a> \u00a0<\/em><\/li>\n<li><strong><span style=\"color: #ff0000;\"><em>Horaires de circuit : sur demande.<\/em><\/span><\/strong><\/li>\n<\/ul>\n<table width=\"538\">\n<tbody>\n<tr>\n<td width=\"177\"><em>Nombre de personnes<\/em><\/td>\n<td width=\"76\"><em>\u00a0 1-3 per<\/em><\/td>\n<td width=\"94\"><em>\u00a0\u00a0\u00a0 4-8 per<\/em><\/td>\n<td width=\"95\"><em>\u00a0 \u00a09-19 per<\/em><\/td>\n<td width=\"96\"><em>\u00a020-40 per<\/em><\/td>\n<\/tr>\n<tr>\n<td width=\"177\"><em>Mode de transport<\/em><\/td>\n<td width=\"76\"><em>\u00a0Berline<\/em><\/td>\n<td width=\"94\"><em>\u00a0 Minivan<\/em><\/td>\n<td width=\"95\"><em>\u00a0 \u00a0Minibus<\/em><\/td>\n<td width=\"96\"><em>\u00a0 Autobus<\/em><\/td>\n<\/tr>\n<\/tbody>\n<\/table>\n<p><span style=\"color: #0000ff;\"><span style=\"text-decoration: underline;\"><em>*<\/em><\/span><em><u>Le programme du circuit est bas\u00e9 sur notre exp\u00e9rience et les opinions de nos clients compl\u00e8tement diff\u00e9rents. Ce sont des sch\u00e9mas et des programmes semi-finis qui peuvent \u00eatre facilement refaits. <\/u><\/em><span style=\"text-decoration: underline;\"><em>Ajouter ou soustraire un certain nombre de jours d\u2019excursion.\u00a0<span lang=\"FR\">Trier ou refaire le jour d\u2019excursion, changer la succession, la dur\u00e9e,\u00a0<\/span>les prix \u2026.<\/em><\/span><\/span><\/p>\n<p><span style=\"color: #0000ff;\"><span style=\"text-decoration: underline;\"><em><u>Chaque itin\u00e9raire et attraction est discut\u00e9 au moment de la demande. <\/u>\u00a0De plus, s\u2019ils le souhaitent, les touristes peuvent modifier le programme d\u2019un circuit d\u00e9j\u00e0 r\u00e9serv\u00e9 et pay\u00e9.\u00a0 <\/em><\/span><em><u>Afin de prot\u00e9ger notre travail et nos droits, nous fournissons des itin\u00e9raires exclusifs et des points de r\u00e9ception d\u00e9velopp\u00e9s, uniquement pour les acheteurs reels.<\/u><\/em><\/span><\/p>\n","protected":false},"excerpt":{"rendered":"<p>Pr\u00e9sentation de la th\u00e9matique du tour guid\u00e9\u00a0 Le circuit propose de d\u00e9licieux vins, des \u00e9co fruits et l\u00e9gumes.\u00a0 Les visiteurs pourront se familiariser avec le processus de production du vin, visiteront le mus\u00e9e de la viticulture et la l\u00e9gendaire usine de cognac g\u00e9orgienne avec une histoire de trois si\u00e8cles. Le vin en G\u00e9orgie fait partie [&hellip;]<\/p>\n","protected":false},"featured_media":21087,"template":"","meta":[],"product_brand":[],"product_cat":[246,259],"product_tag":[],"class_list":{"0":"post-14596","1":"product","2":"type-product","3":"status-publish","4":"has-post-thumbnail","6":"product_cat-wine-tours-fr","7":"product_cat-popular-tours-fr","9":"first","10":"instock","11":"shipping-taxable","12":"purchasable","13":"product-type-ovabrw_car_rental"},"_links":{"self":[{"href":"https:\/\/georgiavoyage.ge\/fr\/wp-json\/wp\/v2\/product\/14596","targetHints":{"allow":["GET"]}}],"collection":[{"href":"https:\/\/georgiavoyage.ge\/fr\/wp-json\/wp\/v2\/product"}],"about":[{"href":"https:\/\/georgiavoyage.ge\/fr\/wp-json\/wp\/v2\/types\/product"}],"version-history":[{"count":1,"href":"https:\/\/georgiavoyage.ge\/fr\/wp-json\/wp\/v2\/product\/14596\/revisions"}],"predecessor-version":[{"id":34836,"href":"https:\/\/georgiavoyage.ge\/fr\/wp-json\/wp\/v2\/product\/14596\/revisions\/34836"}],"wp:featuredmedia":[{"embeddable":true,"href":"https:\/\/georgiavoyage.ge\/fr\/wp-json\/wp\/v2\/media\/21087"}],"wp:attachment":[{"href":"https:\/\/georgiavoyage.ge\/fr\/wp-json\/wp\/v2\/media?parent=14596"}],"wp:term":[{"taxonomy":"product_brand","embeddable":true,"href":"https:\/\/georgiavoyage.ge\/fr\/wp-json\/wp\/v2\/product_brand?post=14596"},{"taxonomy":"product_cat","embeddable":true,"href":"https:\/\/georgiavoyage.ge\/fr\/wp-json\/wp\/v2\/product_cat?post=14596"},{"taxonomy":"product_tag","embeddable":true,"href":"https:\/\/georgiavoyage.ge\/fr\/wp-json\/wp\/v2\/product_tag?post=14596"}],"curies":[{"name":"wp","href":"https:\/\/api.w.org\/{rel}","templated":true}]}}