{"id":14599,"date":"2020-08-18T07:00:18","date_gmt":"2020-08-18T03:00:18","guid":{"rendered":"https:\/\/georgiavoyage.web-reflection.com\/tours\/horseback-tour-vashlovani-reserve\/"},"modified":"2025-09-03T22:14:03","modified_gmt":"2025-09-03T18:14:03","slug":"horseback-tour-vashlovani-national-park","status":"publish","type":"product","link":"https:\/\/georgiavoyage.ge\/fr\/product\/horseback-tour-vashlovani-national-park\/","title":{"rendered":"RANDONN\u00c9E \u00c0 CHEVAL &#8211; VACHLOVANI"},"content":{"rendered":"<p><strong><span style=\"text-decoration: underline; color: #0000ff;\"><em>RANDONN\u00c9ES \u00c0 CHEVAL &#8211; PARC NATIONAL DE VACHLOVANI<\/em><\/span><\/strong><\/p>\n<p><span style=\"text-decoration: underline;\"><em>Nos randonn\u00e9es \u00e0 cheval dans la r\u00e9serve naturelle de Vachlovani, c&rsquo;est une combinaison d&rsquo;une passion pour l&rsquo;\u00e9quitation, d&rsquo;une envie de monter \u00e0 cheval dans la nature et de la possibilit\u00e9 de visiter des lieux uniques accessibles uniquement \u00e0 cheval.<\/em><\/span><\/p>\n<p><span style=\"text-decoration: underline;\"><em>Les visites \u00e9questres \u00e0 Vachlovani est id\u00e9al aussi bien pour les cavaliers d\u00e9butants, pour qui le premier contact complet avec les chevaux est important, que pour les cavaliers exp\u00e9riment\u00e9s qui souhaitent profiter des riches sensations de l&rsquo;\u00e9quitation dans de vastes espaces.<\/em><\/span><\/p>\n<p><span style=\"text-decoration: underline;\"><em>Pendant le circuit, vous disposerez de grands espaces pour galoper librement parmi les champs de bl\u00e9 et les collines verdoyantes de la plaine de Chiraki. Vous pourrez d\u00e9couvrir la flore et la faune uniques dont la r\u00e9serve naturelle de Vachlovani est si riche.<\/em><\/span><\/p>\n<p><span style=\"text-decoration: underline; color: #0000ff;\"><em>Les zones prot\u00e9g\u00e9es de Vachlovani comprennent trois monuments naturels :<\/em><\/span><\/p>\n<ul>\n<li><span style=\"text-decoration: underline; color: #0000ff;\"><em>Golfe Djouma &#8211; tr\u00e8s riche en for\u00eat end\u00e9mique;<\/em><\/span><\/li>\n<li><span style=\"text-decoration: underline; color: #0000ff;\"><em>Vall\u00e9e\u00a0d&rsquo;Aigle &#8211; o\u00f9 l&rsquo;on peut observer une soixantaine d&rsquo;esp\u00e8ces d&rsquo;oiseaux;<\/em><\/span><\/li>\n<li><span style=\"color: #0000ff;\"><em><span style=\"text-decoration: underline;\">Volcan de boue Takhti-Tefa &#8211; le diam\u00e8tre du plus grand crat\u00e8re de boue est de 3,5 \u00e0 4 m.<\/span><\/em><\/span><\/li>\n<\/ul>\n<p><span style=\"text-decoration: underline;\"><em>En plus de la nature unique, sur le territoire de la r\u00e9serve se trouvent des monuments historiques anciens :<\/em><\/span><\/p>\n<ul>\n<li><span style=\"text-decoration: underline; color: #0000ff;\"><em>Ville fortifi\u00e9e\u00a0<\/em><\/span><em style=\"color: #0000ff; font-size: 16px;\">de Khornaboudji &#8211; V\u00e8me si\u00e8cle;<\/em><\/li>\n<li><span style=\"text-decoration: underline; color: #0000ff;\"><em>Monast\u00e8re de la Montagne Saint-\u00c9lie &#8211; V\u00e8me si\u00e8cle;<\/em><\/span><\/li>\n<li><span style=\"text-decoration: underline; color: #0000ff;\"><em>Ruines de l&rsquo;ancienne ville de Cambys\u00e8ne &#8211; XVe si\u00e8cle avant JC.<\/em><\/span><\/li>\n<\/ul>\n<p><span style=\"text-decoration: underline;\"><em>Le r\u00e9seau de sentiers touristiques de Vachlovani offre la possibilit\u00e9 de randonner pendant un ou plusieurs jours. Les chemins sont balis\u00e9s et bien am\u00e9nag\u00e9s. Des bungalows, des aires de pique-nique et des emplacements de camping sont am\u00e9nag\u00e9s le long des itin\u00e9raires.\u00a0<\/em><\/span><\/p>\n<p><span style=\"text-decoration: underline;\"><em>Vous pourrez galoper sur de nombreux kilom\u00e8tres en savourant chaque coin des paysages, que vous rencontrerez sur des itin\u00e9raires de diff\u00e9rents niveaux de difficult\u00e9, de votre choix.<\/em><\/span><\/p>\n<p><span style=\"text-decoration: underline;\"><em>La dur\u00e9e et le programme des randonn\u00e9es sont vari\u00e9s et comprennent 1, 2, etc. circuits de plusieurs jours.<\/em><\/span><\/p>\n<p><span style=\"text-decoration: underline;\"><em>Selon le nombre de jours, il comprend diff\u00e9rents types de services et d&rsquo;infrastructures:<\/em><\/span><\/p>\n<ul>\n<li><span style=\"text-decoration: underline;\"><em><span style=\"color: #0000ff; text-decoration: underline;\">Transfert \u00e0 la base \u00e9questre;<\/span><\/em><\/span><\/li>\n<li><span style=\"text-decoration: underline; color: #0000ff;\"><em>Accompagnement par un moniteur d&rsquo;\u00e9quitation exp\u00e9riment\u00e9;<\/em><\/span><\/li>\n<li><span style=\"text-decoration: underline; color: #0000ff;\"><em>En cas de n\u00e9cessit\u00e9, accompagn\u00e9 par un guide appropri\u00e9;<\/em><\/span><\/li>\n<li><span style=\"text-decoration: underline; color: #0000ff;\"><em>Nuit sous tente ou en maison d&rsquo;h\u00f4tes (deux repas par jour);<\/em><\/span><\/li>\n<li><span style=\"text-decoration: underline; color: #0000ff;\"><em>Dans le cas d&rsquo;un circuit de plusieurs jours, un Jeep (4&#215;4) est fourni pour transporter les cavaliers fatigu\u00e9s, transporter de la nourriture et des \u00e9l\u00e9ments d&rsquo;infrastructure.<\/em><\/span><\/li>\n<\/ul>\n<p><em><span style=\"text-decoration: underline;\">Nos balades \u00e0 cheval sont accessibles \u00e0 toutes les personnes en bonne sant\u00e9, quel que soit leur \u00e2ge. Ils sont destin\u00e9s aux groupes, aux individus et aux familles, y compris les enfants.<\/span><\/em><\/p>\n<p><span style=\"text-decoration: underline;\"><em>Itin\u00e9raires de plusieurs jours avec nuit\u00e9es mobiles (sous tente) et stationnaires (avec h\u00e9bergement en base \u00e9questre, en changement de direction tous les jours).<\/em><\/span><\/p>\n<p><span style=\"text-decoration: underline; color: #ff0000;\"><em>Le co\u00fbt de la randonn\u00e9e \u00e0 cheval par personne varie et d\u00e9pend du nombre de participants dans le groupe et du nombre de jours de la visite.<\/em><\/span><\/p>\n<p><span style=\"text-decoration: underline; color: #ff0000;\"><em>Co\u00fbt d&rsquo;une visite d&rsquo;une journ\u00e9e pour 1 personne \u2013 \u00e0 partir de 100 USD<\/em><\/span><\/p>\n<p><span style=\"text-decoration: underline; color: #ff0000;\"><span style=\"text-decoration: underline;\"><strong><em>*Horaires de circuit : sur demande.<\/em><\/strong><\/span><\/span><\/p>\n<p><span style=\"color: #0000ff;\"><strong><span style=\"text-decoration: underline;\"><em>Pour plus d\u2019informations, n\u2019h\u00e9sitez pas appeler ou \u00e9crire\u00a0<span style=\"color: #ff0000; text-decoration: underline;\">Viber\/WhatsApp +995 599 25 65 19<\/span>\u00a0ou par courrier:\u00a0<a style=\"color: #0000ff; text-decoration: underline;\" href=\"mailto:info@georgiavoyage.ge\"><span style=\"color: #ff0000; text-decoration: underline;\">info@georgiavoyage.ge<\/span><\/a><a style=\"color: #0000ff; text-decoration: underline;\" href=\"mailto:info@georgiavoyage.ge\"><img decoding=\"async\" class=\"\" src=\" \/wp-content\/uploads\/2024\/08\/Pointer.png\" width=\"23\" height=\"23\" \/><\/a>\u00a0\u00a0Nous sommes toujours pr\u00eats \u00e0 vous conseiller et r\u00e9pondre toutes vos questions, concernant l\u2019organisation du tourisme et des loisirs en G\u00e9orgie.<\/em><\/span><\/strong><\/span><\/p>\n","protected":false},"excerpt":{"rendered":"<p>RANDONN\u00c9ES \u00c0 CHEVAL &#8211; PARC NATIONAL DE VACHLOVANI Nos randonn\u00e9es \u00e0 cheval dans la r\u00e9serve naturelle de Vachlovani, c&rsquo;est une combinaison d&rsquo;une passion pour l&rsquo;\u00e9quitation, d&rsquo;une envie de monter \u00e0 cheval dans la nature et de la possibilit\u00e9 de visiter des lieux uniques accessibles uniquement \u00e0 cheval. Les visites \u00e9questres \u00e0 Vachlovani est id\u00e9al aussi [&hellip;]<\/p>\n","protected":false},"featured_media":19415,"template":"","meta":[],"product_brand":[],"product_cat":[247],"product_tag":[],"class_list":{"0":"post-14599","1":"product","2":"type-product","3":"status-publish","4":"has-post-thumbnail","6":"product_cat-horseback-tours-fr","8":"first","9":"instock","10":"shipping-taxable","11":"purchasable","12":"product-type-ovabrw_car_rental"},"_links":{"self":[{"href":"https:\/\/georgiavoyage.ge\/fr\/wp-json\/wp\/v2\/product\/14599","targetHints":{"allow":["GET"]}}],"collection":[{"href":"https:\/\/georgiavoyage.ge\/fr\/wp-json\/wp\/v2\/product"}],"about":[{"href":"https:\/\/georgiavoyage.ge\/fr\/wp-json\/wp\/v2\/types\/product"}],"version-history":[{"count":1,"href":"https:\/\/georgiavoyage.ge\/fr\/wp-json\/wp\/v2\/product\/14599\/revisions"}],"predecessor-version":[{"id":34842,"href":"https:\/\/georgiavoyage.ge\/fr\/wp-json\/wp\/v2\/product\/14599\/revisions\/34842"}],"wp:featuredmedia":[{"embeddable":true,"href":"https:\/\/georgiavoyage.ge\/fr\/wp-json\/wp\/v2\/media\/19415"}],"wp:attachment":[{"href":"https:\/\/georgiavoyage.ge\/fr\/wp-json\/wp\/v2\/media?parent=14599"}],"wp:term":[{"taxonomy":"product_brand","embeddable":true,"href":"https:\/\/georgiavoyage.ge\/fr\/wp-json\/wp\/v2\/product_brand?post=14599"},{"taxonomy":"product_cat","embeddable":true,"href":"https:\/\/georgiavoyage.ge\/fr\/wp-json\/wp\/v2\/product_cat?post=14599"},{"taxonomy":"product_tag","embeddable":true,"href":"https:\/\/georgiavoyage.ge\/fr\/wp-json\/wp\/v2\/product_tag?post=14599"}],"curies":[{"name":"wp","href":"https:\/\/api.w.org\/{rel}","templated":true}]}}