{"id":14705,"date":"2020-08-18T04:00:26","date_gmt":"2020-08-18T00:00:26","guid":{"rendered":"https:\/\/georgiavoyage.web-reflection.com\/tours\/horseback-tour-tousheti\/"},"modified":"2025-09-23T12:15:38","modified_gmt":"2025-09-23T08:15:38","slug":"horseback-tour-tousheti","status":"publish","type":"product","link":"https:\/\/georgiavoyage.ge\/fr\/product\/horseback-tour-tousheti\/","title":{"rendered":"RANDONN\u00c9E  \u00c0 CHEVAL \u2013 TOUC\u00c9HTIE"},"content":{"rendered":"<p><span style=\"text-decoration: underline; color: #0000ff;\"><strong><em>RANDONN\u00c9ES\u00a0 \u00c0 CHEVAL &#8211; TOUC\u00c9HTIE\u00a0<\/em><\/strong><\/span><\/p>\n<p><span style=\"text-decoration: underline;\"><em>Nous vous invitons \u00e0 voyager \u00e0 cheval \u00e0 travers la fabuleuse Touch\u00e9tie, situ\u00e9e sur les pentes du Caucase gris et qui n&rsquo;a jamais laiss\u00e9 personne indiff\u00e9rent. Un v\u00e9ritable paradis de beaut\u00e9 naturelle. Une r\u00e9serve naturelle pr\u00e9serv\u00e9e avec des paysages \u00e9poustouflants et une riche histoire culturelle.<\/em><\/span><\/p>\n<p><span style=\"text-decoration: underline;\"><em>Touch\u00e9tie est situ\u00e9 dans un bassin montagneux, sur le versant nord de la cha\u00eene du Grand Caucase. Une des r\u00e9gions les plus inaccessibles, elle a donc bien conserv\u00e9 son originalit\u00e9. On peut le dire : peu en ont entendu parler et peu l\u2019ont vu.<\/em><\/span><\/p>\n<p><span style=\"text-decoration: underline;\"><em>Nos randonn\u00e9es \u00e9questres en Touch\u00e9tie sont moyennes en termes d&rsquo;activit\u00e9 physique. Lors des randonn\u00e9es, vous roulerez \u00e0 cheval sur des terrains faciles avec de l\u00e9g\u00e8res mont\u00e9es et descentes, parcourant plusieurs kilom\u00e8tres par jour.<\/em><\/span><\/p>\n<p><span style=\"text-decoration: underline;\"><em>Des itin\u00e9raires de randonn\u00e9es \u00e9questres passionnants ont lieu sur le territoire, qui en soi est une immense attraction naturelle :\u00a0<span style=\"color: #0000ff; text-decoration: underline;\">cascades, petits lacs, cha\u00eenes de montagnes avec des glaciers majestueux, une flore diversifi\u00e9e avec une abondance de plantes reliques.<\/span><\/em><\/span><\/p>\n<p><span style=\"text-decoration: underline; color: #0000ff;\"><em>Des vall\u00e9es verdoyantes travers\u00e9es par des rivi\u00e8res, Chiens \u0441aucasiens gardant des troupeaux de moutons dans les prairies alpines, d&rsquo;anciens villages avec des tours en pierre, sortis d&rsquo;un livre de contes, et bien s\u00fbr les habitants, les fiers montagnards qui aiment recevoir des invit\u00e9s comme aucun autre.<\/em><\/span><\/p>\n<p><span style=\"text-decoration: underline;\"><em>L&rsquo;\u00e9quitation est le meilleur moyen de se d\u00e9placer sur le territoire de Touch\u00e9tie, qui est entour\u00e9 de tous c\u00f4t\u00e9s par de hautes montagnes et est pour ainsi dire isol\u00e9 du reste du monde. Aujourd&rsquo;hui encore, se rendre \u00e0 Touch\u00e9tie n&rsquo;est possible qu&rsquo;en jeep ou en h\u00e9licopt\u00e8re.<\/em><\/span><\/p>\n<p><span style=\"text-decoration: underline;\"><em>En plus de superbes attractions naturelles, vous visiterez toutes les principales colonies anciennes, avec des chefs-d&rsquo;\u0153uvre d&rsquo;architectes de montagne inconnus:<\/em><\/span><\/p>\n<ul>\n<li><span style=\"text-decoration: underline; color: #0000ff;\"><em><strong>Guirevi<\/strong>\u00a0\u2013 un \u00a0village compos\u00e9 de trois groupes de tours dispers\u00e9s le long des pentes pittoresques des gorges, offrant des vues panoramiques \u00e0 couper le souffle;<\/em><\/span><\/li>\n<li><span style=\"text-decoration: underline; color: #0000ff;\"><em><strong>Dartlo<\/strong>\u00a0&#8211; \u00a0un ensemble architectural unique compos\u00e9 de maisons en pierre recouvertes de tuiles en pierre;<\/em><\/span><\/li>\n<li><span style=\"text-decoration: underline; color: #0000ff;\"><em><strong>Diklo<\/strong>\u00a0&#8211; un \u00a0village c\u00e9l\u00e8bre pour sa forteresse o\u00f9 16 soldats ont d\u00e9fendu la forteresse pendant 18 jours contre une arm\u00e9e ennemie de 10 000 personnes;<\/em><\/span><\/li>\n<li><span style=\"text-decoration: underline; color: #0000ff;\"><em><strong>Dochou<\/strong>\u00a0&#8211; avec le plus conserv\u00e9 de tous les monuments architecturaux de Touch\u00e9tie, avec des maisons \u00e0 trois \u00e9tages et des chaufferies;<\/em><\/span><\/li>\n<li><span style=\"text-decoration: underline; color: #0000ff;\"><em><strong>Kvavlo<\/strong>\u00a0\u2013 un \u00a0village o\u00f9 ont \u00e9t\u00e9 pr\u00e9serv\u00e9es des tours de forteresse militaire hautes et \u00e9troites de 5 \u00e0 6 \u00e9tages, hautes de 20 m\u00e8tres;<\/em><\/span><\/li>\n<li><span style=\"text-decoration: underline; color: #0000ff;\"><em><strong>Kesselo<\/strong>\u00a0&#8211; une forteresse avec 13 tours qui prot\u00e9geaient autrefois les r\u00e9sidents locaux des attaques des m\u00e9chants voisins;<\/em><\/span><\/li>\n<li><span style=\"text-decoration: underline; color: #0000ff;\"><em><strong>Omalo<\/strong>\u00a0&#8211; une sorte de \u00ab capitale \u00bb Touchino, avec des maisons fortifi\u00e9es aux toits atypiques pour la r\u00e9gion;<\/em><\/span><\/li>\n<li><span style=\"text-decoration: underline; color: #0000ff;\"><em><strong>Parsma<\/strong>\u00a0&#8211; avec le statut de monument national, compos\u00e9 d&rsquo;environ 50 b\u00e2timents \u00e0 des fins diverses;<\/em><\/span><\/li>\n<li><span style=\"text-decoration: underline; color: #0000ff;\"><em><strong>Shenako<\/strong>\u00a0&#8211; \u00a0le deuxi\u00e8me plus grand village de la r\u00e9gion, o\u00f9 se trouve l&rsquo;un des deux temples de toute la Touch\u00e9tie &#8211; l&rsquo;\u00e9glise Saint-Guiorgui.<\/em><\/span><\/li>\n<\/ul>\n<p><span style=\"text-decoration: underline;\"><em>Et ainsi de suite&#8230; Il y a plus de 50 villages d\u00e9vast\u00e9s et abandonn\u00e9s en Touch\u00e9tie, dont les principales attractions sont d&rsquo;anciennes tours et forteresses, combin\u00e9es \u00e0 la splendeur de la nature et \u00e0 un sentiment de libert\u00e9.<\/em><\/span><\/p>\n<p><span style=\"text-decoration: underline;\"><em>Vous aurez l&rsquo;occasion de s\u00e9journer dans cette partie \u00e9tonnante du pays, de profiter de la nature sur fond d&rsquo;un panorama majestueux de montagnes, de nuages, au-dessus desquels planent des aigles, et de vous familiariser avec sa culture, ses traditions culinaires et ses coutumes.<\/em><\/span><\/p>\n<p><span style=\"text-decoration: underline; color: #000000;\"><em>La dur\u00e9e et le programme des randonn\u00e9es sont vari\u00e9s et comprennent 1, 2, etc. circuits de plusieurs jours.<\/em><\/span><\/p>\n<p><span style=\"text-decoration: underline; color: #000000;\"><em>Selon le nombre de jours, il comprend diff\u00e9rents types de services et d\u2019infrastructures:<\/em><\/span><\/p>\n<ul>\n<li><span style=\"text-decoration: underline; color: #0000ff;\"><em>Transfert \u00e0 la r\u00e9gion de Touch\u00e9tie;<\/em><\/span><\/li>\n<li><span style=\"text-decoration: underline; color: #0000ff;\"><em>Accompagnement par un moniteur d\u2019\u00e9quitation exp\u00e9riment\u00e9;<\/em><\/span><\/li>\n<li><span style=\"text-decoration: underline; color: #0000ff;\"><em>En cas de n\u00e9cessit\u00e9, accompagn\u00e9 par un guide appropri\u00e9;<\/em><\/span><\/li>\n<li><span style=\"text-decoration: underline; color: #0000ff;\"><em>Nuit sous tente ou en maison d\u2019h\u00f4tes (deux repas par jour);<\/em><\/span><\/li>\n<\/ul>\n<p><span style=\"text-decoration: underline;\"><em>Nos balades \u00e0 cheval sont accessibles \u00e0 toutes les personnes en bonne sant\u00e9, quel que soit leur \u00e2ge. Ils sont destin\u00e9s aux groupes, aux individus et aux familles, y compris les enfants.<\/em><\/span><\/p>\n<p><span style=\"text-decoration: underline;\"><em>Itin\u00e9raires de plusieurs jours avec nuit\u00e9es mobiles (sous tente) et stationnaires (avec h\u00e9bergement en maison d\u2019h\u00f4tes, en changement de direction tous les jours).<\/em><\/span><\/p>\n<p><span style=\"text-decoration: underline; color: #ff0000;\"><em>Le co\u00fbt de la randonn\u00e9e \u00e0 cheval par personne varie et d\u00e9pend du nombre de participants dans le groupe et du nombre de jours de la visite.<\/em><\/span><\/p>\n<p><span style=\"text-decoration: underline; color: #ff0000;\"><em>Co\u00fbt d\u2019une visite d\u2019une journ\u00e9e pour 1 personne \u2013 \u00e0 partir de 100 USD<\/em><\/span><\/p>\n<p><span style=\"text-decoration: underline; color: #ff0000;\"><em><strong>*Horaires de circuit : sur demande.<\/strong><\/em><\/span><\/p>\n<p><strong><span style=\"text-decoration: underline; color: #0000ff;\"><em>Pour plus d\u2019informations, n\u2019h\u00e9sitez pas appeler ou \u00e9crire\u00a0<span style=\"color: #ff0000; text-decoration: underline;\">Viber\/WhatsApp + 995 599 25 65 19<\/span>\u00a0ou par courrier:\u00a0<span style=\"color: #ff0000; text-decoration: underline;\"><a style=\"color: #ff0000; text-decoration: underline;\" href=\"mailto:info@georgiavoyage.ge\">info@georgiavoyage.ge<\/a><\/span><a style=\"color: #0000ff; text-decoration: underline;\" href=\"mailto:info@georgiavoyage.ge\"><img decoding=\"async\" class=\"\" src=\" \/wp-content\/uploads\/2024\/08\/Pointer.png\" width=\"23\" height=\"23\" \/><\/a>\u00a0\u00a0Nous sommes toujours pr\u00eats \u00e0 vous conseiller et r\u00e9pondre toutes vos questions, concernant l\u2019organisation du tourisme et des loisirs en G\u00e9orgie.<\/em><\/span><\/strong><\/p>\n","protected":false},"excerpt":{"rendered":"<p>RANDONN\u00c9ES\u00a0 \u00c0 CHEVAL &#8211; TOUC\u00c9HTIE\u00a0 Nous vous invitons \u00e0 voyager \u00e0 cheval \u00e0 travers la fabuleuse Touch\u00e9tie, situ\u00e9e sur les pentes du Caucase gris et qui n&rsquo;a jamais laiss\u00e9 personne indiff\u00e9rent. Un v\u00e9ritable paradis de beaut\u00e9 naturelle. Une r\u00e9serve naturelle pr\u00e9serv\u00e9e avec des paysages \u00e9poustouflants et une riche histoire culturelle. Touch\u00e9tie est situ\u00e9 dans un [&hellip;]<\/p>\n","protected":false},"featured_media":19544,"template":"","meta":[],"product_brand":[],"product_cat":[247],"product_tag":[],"class_list":{"0":"post-14705","1":"product","2":"type-product","3":"status-publish","4":"has-post-thumbnail","6":"product_cat-horseback-tours-fr","8":"first","9":"instock","10":"shipping-taxable","11":"purchasable","12":"product-type-ovabrw_car_rental"},"_links":{"self":[{"href":"https:\/\/georgiavoyage.ge\/fr\/wp-json\/wp\/v2\/product\/14705","targetHints":{"allow":["GET"]}}],"collection":[{"href":"https:\/\/georgiavoyage.ge\/fr\/wp-json\/wp\/v2\/product"}],"about":[{"href":"https:\/\/georgiavoyage.ge\/fr\/wp-json\/wp\/v2\/types\/product"}],"version-history":[{"count":1,"href":"https:\/\/georgiavoyage.ge\/fr\/wp-json\/wp\/v2\/product\/14705\/revisions"}],"predecessor-version":[{"id":34845,"href":"https:\/\/georgiavoyage.ge\/fr\/wp-json\/wp\/v2\/product\/14705\/revisions\/34845"}],"wp:featuredmedia":[{"embeddable":true,"href":"https:\/\/georgiavoyage.ge\/fr\/wp-json\/wp\/v2\/media\/19544"}],"wp:attachment":[{"href":"https:\/\/georgiavoyage.ge\/fr\/wp-json\/wp\/v2\/media?parent=14705"}],"wp:term":[{"taxonomy":"product_brand","embeddable":true,"href":"https:\/\/georgiavoyage.ge\/fr\/wp-json\/wp\/v2\/product_brand?post=14705"},{"taxonomy":"product_cat","embeddable":true,"href":"https:\/\/georgiavoyage.ge\/fr\/wp-json\/wp\/v2\/product_cat?post=14705"},{"taxonomy":"product_tag","embeddable":true,"href":"https:\/\/georgiavoyage.ge\/fr\/wp-json\/wp\/v2\/product_tag?post=14705"}],"curies":[{"name":"wp","href":"https:\/\/api.w.org\/{rel}","templated":true}]}}