{"id":14709,"date":"2020-08-18T05:00:04","date_gmt":"2020-08-18T01:00:04","guid":{"rendered":"https:\/\/georgiavoyage.web-reflection.com\/tours\/horseback-tours-pankisi-gorge\/"},"modified":"2025-09-23T11:43:44","modified_gmt":"2025-09-23T07:43:44","slug":"horseback-tours-pankisi-gorge","status":"publish","type":"product","link":"https:\/\/georgiavoyage.ge\/fr\/product\/horseback-tours-pankisi-gorge\/","title":{"rendered":"RANDONN\u00c9E \u00c0 CHEVAL \u2013 VAL\u00c9E DE PANKISSI"},"content":{"rendered":"\t\t<div data-elementor-type=\"wp-post\" data-elementor-id=\"14709\" class=\"elementor elementor-14709 elementor-14707\">\n\t\t\t\t<div class=\"elementor-element elementor-element-743cdf03 e-flex e-con-boxed e-con e-parent\" data-id=\"743cdf03\" data-element_type=\"container\">\n\t\t\t\t\t<div class=\"e-con-inner\">\n\t\t\t\t<div class=\"elementor-element elementor-element-4fda60c2 elementor-widget elementor-widget-text-editor\" data-id=\"4fda60c2\" data-element_type=\"widget\" data-widget_type=\"text-editor.default\">\n\t\t\t\t<div class=\"elementor-widget-container\">\n\t\t\t\t\t\t\t\t\t<h6><span style=\"text-decoration: underline;\"><span style=\"color: #0000ff; text-decoration: underline;\"><em><strong>RANDONN\u00c9ES \u00c0 CHEVAL \u2013 VAL\u00c9E DE PANKISSI<\/strong><\/em><\/span><\/span><\/h6><h6><span style=\"text-decoration: underline;\"><em>Dans la val\u00e9e de Pankissi, nous vous proposons un m\u00e9lange ad\u00e9quat de tous les \u00e9l\u00e9ments qui entourent une exp\u00e9rience de routes \u00e0 cheval : le tourisme, les coutumes locales, la gastronomie et la culture de ses habitants. Un peuple extraordinaire vit ici \u2013 les Tch\u00e9tch\u00e8nes g\u00e9orgiens, dont nous explorons la curieuse vie.<\/em><\/span><\/h6><h6><span style=\"text-decoration: underline;\"><em>Beaucoup de gens ont d\u00e9j\u00e0 voyag\u00e9 en G\u00e9orgie, mais la plupart ne la connaissent pas tr\u00e8s bien. La G\u00e9orgie est bien plus que ce que l\u2019on voit dans les films, les brochures touristiques, la publicit\u00e9 en ligne, etc<\/em><\/span><\/h6><h6><span style=\"text-decoration: underline;\"><em>L\u2019\u00e9quitation dans la valee de Pankissi, c\u2019est la meilleure fa\u00e7on de se familiariser avec les monuments historiques et culturels uniques de cette r\u00e9gione g\u00e9orgienne, extraordinairement g\u00e2t\u00e9 par la nature, par la vari\u00e9t\u00e9 de son climat et \u00a0sa g\u00e9ographie.<\/em><\/span><\/h6><h6><span style=\"text-decoration: underline;\"><em>La vall\u00e9e est riche en esp\u00e8ces end\u00e9miques et rares de flore et de faune. C\u2019est l\u2019un des itin\u00e9raires les plus int\u00e9ressants de G\u00e9orgie et se distingue par de magnifiques cascades et cols, des vues sur la vall\u00e9e d\u2019Alazani et les montagnes du Grand Caucase.<\/em><\/span><\/h6><h6><span style=\"text-decoration: underline;\"><em>La vall\u00e9e de Pankissi est incluse dans le livre de voyage le plus populaire au monde \u2013\u00a0<strong>Lonely Planet,<\/strong>\u00a0o\u00f9 se trouvent d\u2019anciennes tours, des \u00e9glises et de nombreux monuments naturels. Parmi eux, il convient de noter:<\/em><\/span><\/h6><ul><li><h6><span style=\"text-decoration: underline;\"><span style=\"color: #0000ff; text-decoration: underline;\"><em>Tour de Baltagori;<\/em><\/span><\/span><\/h6><\/li><li><h6><span style=\"text-decoration: underline;\"><span style=\"color: #0000ff; text-decoration: underline;\"><em>Forteresse de Torgva Pankeli;<\/em><\/span><\/span><\/h6><\/li><li><h6><span style=\"text-decoration: underline;\"><span style=\"color: #0000ff; text-decoration: underline;\"><em>La Cascade de Khadori \u2013 un courant d\u2019eau rapide tombant du haut d\u2019une cha\u00eene de montagnes;<\/em><\/span><\/span><\/h6><\/li><li><h6><span style=\"text-decoration: underline;\"><span style=\"color: #0000ff; text-decoration: underline;\"><em>La r\u00e9serve naturelle de Batsara, avec la seule for\u00eat au monde \u00e0 baies d\u2019if (T\u00e1xus bacc\u00e1ta);<\/em><\/span><\/span><\/h6><\/li><li><h6><span style=\"text-decoration: underline;\"><span style=\"color: #0000ff; text-decoration: underline;\"><em>Le mont Tbatana, o\u00f9 passe l\u2019ancienne piste d\u2019\u00e9levage de b\u00e9tail \u2013 \u00abroute des moutons\u00bb.<\/em><\/span><\/span><\/h6><\/li><\/ul><h6><span style=\"text-decoration: underline;\"><em>La dur\u00e9e et le programme des randonn\u00e9es sont vari\u00e9s et comprennent 1, 2, etc. circuits de plusieurs jours.<\/em><\/span><\/h6><h6><span style=\"text-decoration: underline;\"><em>Selon le nombre de jours, il comprend diff\u00e9rents types de services et d\u2019infrastructures:<\/em><\/span><\/h6><ul><li><h6><span style=\"text-decoration: underline;\"><span style=\"color: #0000ff; text-decoration: underline;\"><em>Transfert \u00e0 la village de la vall\u00e9e de Pankissi;<\/em><\/span><\/span><\/h6><\/li><li><h6><span style=\"text-decoration: underline;\"><span style=\"color: #0000ff; text-decoration: underline;\"><em>Accompagnement par un moniteur d\u2019\u00e9quitation exp\u00e9riment\u00e9;<\/em><\/span><\/span><\/h6><\/li><li><h6><span style=\"text-decoration: underline;\"><span style=\"color: #0000ff; text-decoration: underline;\"><em>En cas de n\u00e9cessit\u00e9, accompagn\u00e9 par un guide appropri\u00e9;<\/em><\/span><\/span><\/h6><\/li><li><h6><span style=\"text-decoration: underline;\"><span style=\"color: #0000ff; text-decoration: underline;\"><em>Nuit sous tente ou en maison d\u2019h\u00f4tes (deux repas par jour);<\/em><\/span><\/span><\/h6><\/li><\/ul><h6><span style=\"text-decoration: underline;\"><em>Nos balades \u00e0 cheval sont accessibles \u00e0 toutes les personnes en bonne sant\u00e9, quel que soit leur \u00e2ge. Ils sont destin\u00e9s aux groupes, aux individus et aux familles, y compris les enfants.<\/em><\/span><\/h6><h6><span style=\"text-decoration: underline;\"><em>Itin\u00e9raires de plusieurs jours avec nuit\u00e9es mobiles (sous tente) et stationnaires (avec h\u00e9bergement en maison d\u2019h\u00f4tes,\u00a0 en changement de direction tous les jours).<\/em><\/span><\/h6><h6><span style=\"text-decoration: underline;\"><span style=\"color: #ff0000; text-decoration: underline;\"><em>Le co\u00fbt de la randonn\u00e9e \u00e0 cheval par personne varie et d\u00e9pend du nombre de participants dans le groupe et du nombre de jours de la visite.<\/em><\/span><\/span><\/h6><h6><span style=\"text-decoration: underline;\"><span style=\"color: #ff0000; text-decoration: underline;\"><em>Co\u00fbt d\u2019une visite d\u2019une journ\u00e9e pour 1 personne \u2013 \u00e0 partir de 100 USD<\/em><\/span><\/span><\/h6><h6><span style=\"text-decoration: underline;\"><span style=\"color: #ff0000; text-decoration: underline;\"><em><strong>*Horaires de circuit : sur demande.<\/strong><\/em><\/span><\/span><\/h6><h6><span style=\"text-decoration: underline;\"><span style=\"color: #0000ff; text-decoration: underline;\"><em>Pour plus d\u2019informations, n\u2019h\u00e9sitez pas appeler ou \u00e9crire\u00a0<span style=\"color: #ff0000; text-decoration: underline;\"><strong>Viber\/WhatsApp +995 599 25 65 19<\/strong>\u00a0<\/span>ou par courrier:\u00a0<a style=\"color: #0000ff; text-decoration: underline;\" href=\"mailto:info@georgiavoyage.ge\"><strong><span style=\"color: #ff0000; text-decoration: underline;\">info@georgiavoyage.ge<\/span><\/strong><\/a><a style=\"color: #0000ff; text-decoration: underline;\" href=\"mailto:info@georgiavoyage.ge\"><strong><img decoding=\"async\" class=\"\" src=\"\/wp-content\/uploads\/2024\/08\/Pointer.png\" width=\"23\" height=\"23\" \/><\/strong><\/a>\u00a0\u00a0Nous sommes toujours pr\u00eats \u00e0 vous conseiller et r\u00e9pondre toutes vos questions, concernant l\u2019organisation du tourisme et des loisirs en G\u00e9orgie.<\/em><\/span><\/span><\/h6>\t\t\t\t\t\t\t\t<\/div>\n\t\t\t\t<\/div>\n\t\t\t\t\t<\/div>\n\t\t\t\t<\/div>\n\t\t\t\t<\/div>\n\t\t","protected":false},"excerpt":{"rendered":"<p>RANDONN\u00c9ES \u00c0 CHEVAL \u2013 VAL\u00c9E DE PANKISSI Dans la val\u00e9e de Pankissi, nous vous proposons un m\u00e9lange ad\u00e9quat de tous les \u00e9l\u00e9ments qui entourent une exp\u00e9rience de routes \u00e0 cheval : le tourisme, les coutumes locales, la gastronomie et la culture de ses habitants. Un peuple extraordinaire vit ici \u2013 les Tch\u00e9tch\u00e8nes g\u00e9orgiens, dont nous [&hellip;]<\/p>\n","protected":false},"featured_media":33521,"template":"","meta":[],"product_brand":[],"product_cat":[259,247],"product_tag":[],"class_list":{"0":"post-14709","1":"product","2":"type-product","3":"status-publish","4":"has-post-thumbnail","6":"product_cat-popular-tours-fr","7":"product_cat-horseback-tours-fr","9":"first","10":"instock","11":"shipping-taxable","12":"purchasable","13":"product-type-ovabrw_car_rental"},"_links":{"self":[{"href":"https:\/\/georgiavoyage.ge\/fr\/wp-json\/wp\/v2\/product\/14709","targetHints":{"allow":["GET"]}}],"collection":[{"href":"https:\/\/georgiavoyage.ge\/fr\/wp-json\/wp\/v2\/product"}],"about":[{"href":"https:\/\/georgiavoyage.ge\/fr\/wp-json\/wp\/v2\/types\/product"}],"version-history":[{"count":1,"href":"https:\/\/georgiavoyage.ge\/fr\/wp-json\/wp\/v2\/product\/14709\/revisions"}],"predecessor-version":[{"id":34699,"href":"https:\/\/georgiavoyage.ge\/fr\/wp-json\/wp\/v2\/product\/14709\/revisions\/34699"}],"wp:featuredmedia":[{"embeddable":true,"href":"https:\/\/georgiavoyage.ge\/fr\/wp-json\/wp\/v2\/media\/33521"}],"wp:attachment":[{"href":"https:\/\/georgiavoyage.ge\/fr\/wp-json\/wp\/v2\/media?parent=14709"}],"wp:term":[{"taxonomy":"product_brand","embeddable":true,"href":"https:\/\/georgiavoyage.ge\/fr\/wp-json\/wp\/v2\/product_brand?post=14709"},{"taxonomy":"product_cat","embeddable":true,"href":"https:\/\/georgiavoyage.ge\/fr\/wp-json\/wp\/v2\/product_cat?post=14709"},{"taxonomy":"product_tag","embeddable":true,"href":"https:\/\/georgiavoyage.ge\/fr\/wp-json\/wp\/v2\/product_tag?post=14709"}],"curies":[{"name":"wp","href":"https:\/\/api.w.org\/{rel}","templated":true}]}}