{"id":14743,"date":"2020-08-17T02:00:37","date_gmt":"2020-08-16T22:00:37","guid":{"rendered":"https:\/\/georgiavoyage.web-reflection.com\/tours\/walking-tour-history-reflekted-in-architecture\/"},"modified":"2025-09-08T19:15:21","modified_gmt":"2025-09-08T15:15:21","slug":"walking-tour-history-reflekted-in-architecture","status":"publish","type":"product","link":"https:\/\/georgiavoyage.ge\/fr\/product\/walking-tour-history-reflekted-in-architecture\/","title":{"rendered":"CIRCUIT P\u00c9DESTRE \u2013 HISTOIRE REFLET\u00c9E DANS L\u2019ARCHITECTURE"},"content":{"rendered":"<p><strong><em>Tbilissi &#8211; Histoire refl\u00e9t\u00e9e dans l&rsquo;architecture<\/em><\/strong><\/p>\n<p><span style=\"color: #0000ff;\"><em><strong>La dur\u00e9e\u00a0:\u00a0<span style=\"color: #ff0000;\">4-8 heures<\/span><\/strong><\/em><\/span><\/p>\n<p><span style=\"color: #0000ff;\"><em><strong>Le programme du tour :\u00a0<span style=\"color: #ff0000;\">Discut\u00e9 individuellement<\/span><\/strong><\/em><\/span><\/p>\n<p><em>Chaque ville est originale et unique \u00e0 sa mani\u00e8re, car elle combine de nombreux styles architecturaux qui t\u00e9moignent de son d\u00e9veloppement historique, cr\u00e9atif et culturel. Au fil des si\u00e8cles, les tendances en mati\u00e8re d\u2019am\u00e9nagement paysager urbain ont chang\u00e9 et se sont am\u00e9lior\u00e9es.<\/em><\/p>\n<p><em>La ville de Tbilissi est un mus\u00e9e architectural \u00e0 ciel ouvert unique et l&rsquo;une des plus belles villes du monde. Le m\u00e9lange de diff\u00e9rents styles architecturaux cr\u00e9e le caract\u00e8re unique de la ville. Les b\u00e2timents construits par des architectes c\u00e9l\u00e8bres \u00e9tonnent par leur caract\u00e8re unique et leur \u00e9l\u00e9gance.<\/em><\/p>\n<p><em>Comme les humains, l\u2019art, y compris l\u2019architecture, porte en lui le code g\u00e9n\u00e9tique des personnes qui le cr\u00e9ent. Dans l&rsquo;architecture de Tbilissi, vous pouvez lire non seulement la beaut\u00e9, mais aussi la psychologie des citadins. Les cours rondes et les balcons ouverts de Tbilissi indiquent que des gens ouverts et honn\u00eates vivaient et vivent ici.<\/em><\/p>\n<p><em>L&rsquo;instauration d&rsquo;un nouveau mode de vie a modifi\u00e9 les normes, les go\u00fbts et les besoins qui concernent r\u00e9ellement l&rsquo;architecture. Il convient de noter qu&rsquo;au cours de cette \u00e9volution, l&rsquo;ancien et le nouveau non seulement se sont oppos\u00e9s, mais ont souvent fusionn\u00e9. En cons\u00e9quence, un type d&rsquo;architecture unique, celui de \u00ab Tbilissi \u00bb, s&rsquo;est form\u00e9 \u00e0 Tbilissi.<\/em><\/p>\n<p><em>L&rsquo;individualit\u00e9 de l&rsquo;architecture de Tbilissi se manifeste \u00e9galement dans le fait que derri\u00e8re l&rsquo;apparence ext\u00e9rieure simple du b\u00e2timent, un espace int\u00e9rieur compl\u00e8tement contrast\u00e9 et inattendu s&rsquo;ouvre soudainement. Derri\u00e8re la fa\u00e7ade modeste se cache souvent un int\u00e9rieur \u00e9tonnamment grand, monumental et complexe.<\/em><\/p>\n<p><em>Au cours de nos\u00a0<span style=\"color: #ff0000;\"><strong>circuits p\u00e9destres\u00a0 (5 itin\u00e9raires diff\u00e9rents)<\/strong><\/span>\u00a0\u00e0 Tbilissi, vous verrez bien plus que des sites c\u00e9l\u00e8bres. Beaucoup de choses sur Tbilissi restent cach\u00e9es, inconnues du grand public. La ville conserve de nombreux secrets, des b\u00e2timents uniques et des lieux qui cachent des histoires diff\u00e9rentes et int\u00e9ressantes.<\/em><\/p>\n<p><em>Les labyrinthes de Tbilissi, les \u00ab cours italiennes \u00bb et les balcons en bois vous r\u00e9v\u00e9leront la saveur particuli\u00e8re d&rsquo;une ville \u00e0 la nature cosmopolite, dont la beaut\u00e9 myst\u00e9rieuse se voit mieux dans les d\u00e9tails. Si vous souhaitez voyager dans le temps et voyager dans le temps, rendez-vous simplement dans l&rsquo;une des cours du vieux Tbilissi.<\/em><\/p>\n<p><em>La description de chaque b\u00e2timent est accompagn\u00e9e d&rsquo;informations historiques, de l&rsquo;histoire de la construction et de la reconstruction, ainsi que d&rsquo;informations sur les architectes. Un b\u00e2timent n\u2019est pas seulement un tas de briques et de mat\u00e9riaux de construction ; leurs petits d\u00e9tails peuvent contenir l\u2019histoire du b\u00e2timent lui-m\u00eame, de la rue, de la ville et du pays.<\/em><\/p>\n<p><em>L&rsquo;excursion vous d\u00e9voilera des pages m\u00e9connues du pass\u00e9. Vous serez impr\u00e9gn\u00e9 de l&rsquo;esprit des si\u00e8cles pass\u00e9s, apprendrez beaucoup de choses int\u00e9ressantes sur les grands personnages qui ont habit\u00e9 cette ville. La belle capitale de la G\u00e9orgie poss\u00e8de de nombreux d\u00e9tails caract\u00e9ristiques et particuliers. Ces d\u00e9tails font de la ville un lieu de rencontre entre ancien et nouveau, histoire et modernit\u00e9.<\/em><\/p>\n<p><span style=\"color: #ff0000;\"><strong><em>Prix des excursions $ (US Dollars)<\/em><\/strong><\/span><\/p>\n<p><span style=\"color: #ff0000;\"><strong><em>\u00c0 partir de 15 USD\u00a0<\/em><\/strong><\/span><\/p>\n<p><span style=\"color: #0000ff;\"><strong><em>Le prix d\u00e9pend du nombre de personnes et varie(\u00b1)\u00a0<span style=\"color: #ff0000;\">de 15 USD \u00e0 25 USD.<\/span><\/em><\/strong><\/span><\/p>\n<p><span style=\"color: #0000ff;\"><strong><em>Le prix comprend:<\/em><\/strong><strong><em>\u00a0Service de Guide qualifi\u00e9.<\/em><\/strong><\/span><\/p>\n<p><span style=\"color: #0000ff;\"><strong><em>Le co\u00fbt de chaque excursion est discut\u00e9 individuellement.<\/em><\/strong><\/span><\/p>\n<p><span style=\"color: #0000ff;\"><strong><em>Pour plus d\u2019informations, n\u2019h\u00e9sitez pas appeler ou \u00e9crire<span style=\"color: #ff0000;\">\u00a0<\/span><\/em><\/strong><span style=\"color: #ff0000;\"><strong><em>Viber \/ WhatsApp\u00a0+995 599 25 65 19<\/em><\/strong><\/span><em>\u00a0<\/em><strong><em>ou par courrier:<\/em><\/strong><em>\u00a0<\/em><span style=\"color: #ff0000;\"><a style=\"color: #ff0000;\" href=\"mailto:info@georgiavoyage.ge\"><strong><em>info@georgiavoyage.ge<span style=\"color: #000000;\"><img decoding=\"async\" class=\"\" src=\"\/wp-content\/uploads\/2024\/08\/Pointer.png\" width=\"23\" height=\"23\" \/>\u00a0<\/span><\/em><\/strong><\/a><\/span><em><span style=\"color: #ff0000;\">\u00a0<\/span>\u00a0<\/em><\/span><\/p>\n<p><span style=\"color: #ff0000;\"><strong><em>*Horaires de circuit : sur demande.<\/em><\/strong><\/span><span style=\"color: #0000ff;\"><strong>\u00a0 \u00a0 \u00a0 \u00a0 \u00a0 \u00a0 \u00a0 \u00a0 \u00a0 \u00a0 \u00a0 \u00a0 \u00a0 \u00a0 \u00a0 \u00a0 \u00a0 \u00a0 \u00a0<\/strong><\/span><\/p>\n<p><strong><span style=\"color: #0000ff;\"><em><u>*Le programme du circuit est bas\u00e9 sur notre exp\u00e9rience et les opinions de nos clients compl\u00e8tement diff\u00e9rents. Ce sont des sch\u00e9mas et des programmes semi-finis qui peuvent \u00eatre facilement refaits.<\/u><\/em><\/span><\/strong><\/p>\n<p><strong><span style=\"color: #0000ff;\"><em><u>Chaque itin\u00e9raire et attraction est discut\u00e9 au moment de la demande. Afin de prot\u00e9ger notre travail et nos droits, nous fournissons des itin\u00e9raires exclusifs et des points de r\u00e9ception d\u00e9velopp\u00e9s, uniquement pour les acheteurs reels.<\/u><\/em><\/span><\/strong><\/p>\n","protected":false},"excerpt":{"rendered":"<p>Tbilissi &#8211; Histoire refl\u00e9t\u00e9e dans l&rsquo;architecture La dur\u00e9e\u00a0:\u00a04-8 heures Le programme du tour :\u00a0Discut\u00e9 individuellement Chaque ville est originale et unique \u00e0 sa mani\u00e8re, car elle combine de nombreux styles architecturaux qui t\u00e9moignent de son d\u00e9veloppement historique, cr\u00e9atif et culturel. Au fil des si\u00e8cles, les tendances en mati\u00e8re d\u2019am\u00e9nagement paysager urbain ont chang\u00e9 et se [&hellip;]<\/p>\n","protected":false},"featured_media":21327,"template":"","meta":[],"product_brand":[],"product_cat":[248,259],"product_tag":[],"class_list":{"0":"post-14743","1":"product","2":"type-product","3":"status-publish","4":"has-post-thumbnail","6":"product_cat-walcing-tours-fr","7":"product_cat-popular-tours-fr","9":"first","10":"instock","11":"shipping-taxable","12":"purchasable","13":"product-type-ovabrw_car_rental"},"_links":{"self":[{"href":"https:\/\/georgiavoyage.ge\/fr\/wp-json\/wp\/v2\/product\/14743","targetHints":{"allow":["GET"]}}],"collection":[{"href":"https:\/\/georgiavoyage.ge\/fr\/wp-json\/wp\/v2\/product"}],"about":[{"href":"https:\/\/georgiavoyage.ge\/fr\/wp-json\/wp\/v2\/types\/product"}],"version-history":[{"count":1,"href":"https:\/\/georgiavoyage.ge\/fr\/wp-json\/wp\/v2\/product\/14743\/revisions"}],"predecessor-version":[{"id":34700,"href":"https:\/\/georgiavoyage.ge\/fr\/wp-json\/wp\/v2\/product\/14743\/revisions\/34700"}],"wp:featuredmedia":[{"embeddable":true,"href":"https:\/\/georgiavoyage.ge\/fr\/wp-json\/wp\/v2\/media\/21327"}],"wp:attachment":[{"href":"https:\/\/georgiavoyage.ge\/fr\/wp-json\/wp\/v2\/media?parent=14743"}],"wp:term":[{"taxonomy":"product_brand","embeddable":true,"href":"https:\/\/georgiavoyage.ge\/fr\/wp-json\/wp\/v2\/product_brand?post=14743"},{"taxonomy":"product_cat","embeddable":true,"href":"https:\/\/georgiavoyage.ge\/fr\/wp-json\/wp\/v2\/product_cat?post=14743"},{"taxonomy":"product_tag","embeddable":true,"href":"https:\/\/georgiavoyage.ge\/fr\/wp-json\/wp\/v2\/product_tag?post=14743"}],"curies":[{"name":"wp","href":"https:\/\/api.w.org\/{rel}","templated":true}]}}