{"id":15643,"date":"2020-08-17T03:00:25","date_gmt":"2020-08-16T23:00:25","guid":{"rendered":"https:\/\/georgiavoyage.web-reflection.com\/tours\/walking-tour-lagodekhi-reserve\/"},"modified":"2025-09-03T22:46:07","modified_gmt":"2025-09-03T18:46:07","slug":"walking-tour-lagodekhi-reserve","status":"publish","type":"product","link":"https:\/\/georgiavoyage.ge\/fr\/product\/walking-tour-lagodekhi-reserve\/","title":{"rendered":"CIRCUITS P\u00c9DESTRES \u2013 LAGODEKHI R\u00c9SERVE"},"content":{"rendered":"<p><em><strong>Tbilissi &#8211; Parc national de Lagod\u00e9khi \u2013 Tbilissi<\/strong><\/em><\/p>\n<p><em>D\u00e9part pour\u00a0<strong>Parc national de Lagod\u00e9khi<\/strong>, situ\u00e9e pr\u00e8s de la ville de Lagod\u00e9khi, sur\u00a0 les pentes du sud, de la partie orientale de la cha\u00eene du Caucase, dans le bassin de la rivi\u00e8re Alazani. Le relief complexe form\u00e9 par la combinaison des cr\u00eates du Caucase et de la large vall\u00e9e de l&rsquo;Alazani, climat chaud plut\u00f4t doux, cr\u00e9e ici, dans une zone relativement petite, la croissance de toute une gamme de communaut\u00e9s v\u00e9g\u00e9tales &#8211; des zones subtropicales typiques \u00e0 la toundra montagneuse.<\/em><\/p>\n<p><em>La r\u00e9serve compte de nombreux sentiers de randonn\u00e9e de difficult\u00e9 variable, des plus l\u00e9gers aux plus difficiles, qui apporteront\u00a0beaucoup de plaisir aux touristes. Assurez-vous d\u2019appr\u00e9cier ceux qui marchent le long de chemins forestiers et montagneux \u00e0 quelques kilom\u00e8tres seulement et ceux qui marchent et font plus de vingt kilom\u00e8tres.<\/em><\/p>\n<p><em>\u00c0 ce jour, pour les visiteurs, dans les zones prot\u00e9g\u00e9es de la r\u00e9serve de Lagod\u00e9khi, 3 itin\u00e9raires touristiques pittoresques, informatifs et s\u00fbrs ont \u00e9t\u00e9 am\u00e9nag\u00e9s:<\/em><\/p>\n<ul>\n<li><span style=\"color: #0000ff;\"><em><strong>Chute d&rsquo;eau \u00abRocho\u00bb;<\/strong><\/em><\/span><\/li>\n<li><span style=\"color: #0000ff;\"><em><strong>Chute d&rsquo;eau \u00abNinos Kh\u00e9vi\u00bb (Grande chute d&rsquo;eau);<\/strong><\/em><\/span><\/li>\n<li><span style=\"color: #0000ff;\"><em><strong>Ch\u00e2teau\u00a0 \u00abMachi\u00bb.<\/strong><\/em><\/span><\/li>\n<\/ul>\n<p><em>L&rsquo;entr\u00e9e principale des aires prot\u00e9g\u00e9es de Lagod\u00e9khi est int\u00e9gr\u00e9e \u00e0 partir du complexe administratif et des visiteurs. Dans le b\u00e2timent administratif, il y a une salle pour les expositions et les pr\u00e9sentations, o\u00f9 les visiteurs ont la possibilit\u00e9 de se familiariser avec les sp\u00e9cificit\u00e9s des tarifs en vigueur, avec les r\u00e8gles de s\u00e9curit\u00e9 dans les zones prot\u00e9g\u00e9es de Lagod\u00e9khi et de choisir l&rsquo;itin\u00e9raire souhait\u00e9.<\/em><\/p>\n<ul>\n<li><span style=\"color: #0000ff;\"><em><strong>Itin\u00e9raire \u21161\u00a0&#8211;\u00a0Chute d&rsquo;eau\u00a0 \u00abRocho\u00bb &#8211; (9,5 km, \u00e0 pied, de difficult\u00e9 moyenne, dur\u00e9e: 10-12 heures)<\/strong><\/em><\/span><\/li>\n<\/ul>\n<p><em>Le circuit\u00a0commence au centre des visiteurs et se d\u00e9roule sous le couvert d&rsquo;arbres \u00e0 feuillus, en direction de la vall\u00e9e de la rivi\u00e8re\u00a0<strong>\u00abShroma\u00bb<\/strong>. Entour\u00e9s d\u2019ar\u00f4mes et de myst\u00e8res magiques de la for\u00eat, nous traversons la\u00a0vall\u00e9e\u00a0<strong>\u00abShromis Kh\u00e9vi\u00bb<\/strong>\u00a0et suivons simultan\u00e9ment le flanc gauche du mont\u00a0<strong>\u00abNinigori\u00bb<\/strong>, le long d\u2019un sentier \u00e9troit o\u00f9 nous surplombons une rivi\u00e8re bruyante, avec de petites cascades et d\u2019\u00e9normes rochers. \u00c0 la fin, un bruit terrible, des \u00e9claboussures, un arc-en-ciel et, entre les rochers verts, la masse d\u2019eau tomb\u00e9e qui forme la cascade de 6 m\u00e8tres\u00a0<strong>\u00abRocho\u00bb<\/strong>.<\/em><\/p>\n<ul>\n<li><span style=\"color: #0000ff;\"><em><strong>Itin\u00e9raire \u21162<\/strong>\u00a0&#8211;\u00a0<strong>Chute d&rsquo;eau\u00a0 \u00abNinos Kh\u00e9vi\u00bb<\/strong>\u00a0\u00a0<strong>(8,5 km, \u00e0 pied,\u00a0 de difficult\u00e9 moyenne, dur\u00e9e: 10-12 heures)<\/strong><\/em><\/span><\/li>\n<\/ul>\n<p><em>Le circuit commence au centre d\u2019information Gourg\u00e9niani et longe l\u2019itin\u00e9raire p\u00e9destre parall\u00e8le au fleuve\u00a0\u00a0<strong>\u00abNinos Kh\u00e9vi\u00bb<\/strong>\u00a0. Le bruit de la rivi\u00e8re, les petites cascades, les \u00e9normes rochers et la brise qui d\u00e9ambule dans la vall\u00e9e transformeront votre promenade en un voyage fascinant et aventureux. Un spectacle magique s&rsquo;ouvrira \u00e0 vos yeux &#8211; une cascade de 40 m\u00e8tres de haut, l&rsquo;une des plus belles cascades de G\u00e9orgie &#8211;\u00a0<strong>\u00abNinos Kh\u00e9vi\u00bb<\/strong>, dont le bruit couvre tout le territoire. Sur le chemin, vous aurez l&rsquo;occasion de voir des plantes rares, telles que: Gentiane, Perce-neige, Furusula, Klenochka, Lapina, Ch\u00e2taignier, Ch\u00eane g\u00e9orgien, etc.<\/em><\/p>\n<ul>\n<li><span style=\"color: #0000ff;\"><em><strong>Itin\u00e9raire<\/strong>\u00a0<strong>\u21163 &#8211; Ch\u00e2teau \u00abMachi\u00bb(10,5 km,<\/strong>\u00a0<strong>\u00e0 pied<\/strong>\u00a0<strong>et cheval, de difficult\u00e9 moyenne, dur\u00e9e: 10-12 heures)<\/strong><\/em><\/span><\/li>\n<\/ul>\n<p><em>Le circuit\u00a0 commence par un centre d\u2019information situ\u00e9 dans le village de Matsimi et longe la rivi\u00e8re\u00a0<strong>\u00abBn\u00e9li Kh\u00e9oba\u00bb<\/strong>. Sur le chemin, il y a un bosquet de tombes, une mousse s&rsquo;\u00e9talant comme un tapis et une fourrure recouverte de pierres nues. Pris dans un v\u00e9ritable conte de f\u00e9es, nous entrons dans une h\u00eatraie m\u00e9lang\u00e9e et traversons la rivi\u00e8re\u00a0<strong>\u00abBn\u00e9li Kh\u00e9oba\u00bb<\/strong>, d&rsquo;o\u00f9 nous longeons un chemin \u00e9troit le long de la montagne avant de nous diriger vers le ch\u00e2teau construit par nos anc\u00eatres il y a plusieurs si\u00e8cles. Une magnifique forteresse de l&rsquo;\u00e9poque f\u00e9odale royale de Kakh\u00e9tie, entour\u00e9e de murailles, de passages souterrains et de ruines de b\u00e2timents antiques devant les visiteurs r\u00e9v\u00e8le et anime des photographies d\u00e9j\u00e0 oubli\u00e9es du pass\u00e9.<\/em><\/p>\n<p><span style=\"color: #0000ff;\"><em><strong>*Pour chaque itin\u00e9raire, il faut un jour complet<\/strong>\u00a0!<\/em><\/span><\/p>\n<p><strong>\u00a0<\/strong><\/p>\n<p><span style=\"color: #ff0000;\"><strong><em>Prix des excursions $ ( US Dollars)<\/em><\/strong><\/span><\/p>\n<p><span style=\"color: #ff0000;\"><strong><em>\u00c0 partir de 30 USD\u00a0<\/em><\/strong><\/span><\/p>\n<p><span style=\"color: #0000ff;\"><strong><em>Le prix d\u00e9pend du nombre de personnes et varie (\u00b1) <span style=\"color: #ff0000;\">de 30 USD \u00e0 40 USD.<\/span><\/em><\/strong><\/span><\/p>\n<p><span style=\"color: #0000ff;\"><strong><em>Le prix comprend:\u00a0<\/em><\/strong><em>\u00a0<\/em><strong><em>Transport,\u00a0 Service de Guide qualifi\u00e9.<\/em><\/strong><\/span><\/p>\n<p><span style=\"color: #0000ff;\"><strong><em>Le co\u00fbt de chaque excursion est discut\u00e9 individuellement.<\/em><\/strong><\/span><\/p>\n<p><span style=\"color: #0000ff;\"><strong><em>Pour plus d\u2019informations, n\u2019h\u00e9sitez pas appeler ou \u00e9crire\u00a0<\/em><\/strong><span style=\"color: #ff6600;\"><span style=\"color: #ff0000;\"><strong><em>Viber \/ WhatsApp\u00a0+995 599 25 65 19<\/em><\/strong><\/span><em>\u00a0<\/em><span style=\"color: #0000ff;\"><strong><em>ou par courrier:<\/em><\/strong><\/span><em>\u00a0<\/em><span style=\"color: #ff0000;\"><a style=\"color: #ff0000;\" href=\"mailto:info@georgiavoyage.ge\"><strong><em>info@georgiavoyage.ge<\/em><\/strong><\/a><em> \u00a0<\/em><\/span><\/span><\/span><\/p>\n<p><span style=\"color: #ff0000;\"><strong><em>*Horaires de circuit : sur demande.<\/em><\/strong><\/span><\/p>\n<table width=\"553\">\n<tbody>\n<tr>\n<td width=\"177\"><em><span style=\"color: #000000;\">Nombre de personnes<\/span><\/em><\/td>\n<td width=\"76\"><em><span style=\"color: #000000;\">\u00a0 1-3 per<\/span><\/em><\/td>\n<td width=\"94\"><em><span style=\"color: #000000;\">\u00a0\u00a0\u00a0 4-8 per<\/span><\/em><\/td>\n<td width=\"95\"><em><span style=\"color: #000000;\">\u00a0 \u00a09-19 per<\/span><\/em><\/td>\n<td width=\"111\"><em><span style=\"color: #000000;\">\u00a0 \u00a020-40 per<\/span><\/em><\/td>\n<\/tr>\n<tr>\n<td width=\"177\"><em><span style=\"color: #000000;\">Mode de transport<\/span><\/em><\/td>\n<td width=\"76\"><em><span style=\"color: #000000;\">\u00a0Berline<\/span><\/em><\/td>\n<td width=\"94\"><em><span style=\"color: #000000;\">\u00a0 Minivan<\/span><\/em><\/td>\n<td width=\"95\"><em><span style=\"color: #000000;\">\u00a0 \u00a0Minibus<\/span><\/em><\/td>\n<td width=\"111\"><em><span style=\"color: #000000;\">\u00a0 \u00a0\u00a0Autobus<\/span><\/em><\/td>\n<\/tr>\n<\/tbody>\n<\/table>\n<p><strong><span style=\"color: #0000ff;\"><em><u>*Le programme du circuit est bas\u00e9 sur notre exp\u00e9rience et les opinions de nos clients compl\u00e8tement diff\u00e9rents. Ce sont des sch\u00e9mas et des programmes semi-finis qui peuvent \u00eatre facilement refaits.<\/u><\/em><\/span><\/strong><\/p>\n<p><strong><span style=\"color: #0000ff;\"><em><u>Chaque itin\u00e9raire et attraction est discut\u00e9 au moment de la demande. Afin de prot\u00e9ger notre travail et nos droits, nous fournissons des itin\u00e9raires exclusifs et des points de r\u00e9ception d\u00e9velopp\u00e9s, uniquement pour les acheteurs reels.<\/u><\/em><\/span><\/strong><\/p>\n","protected":false},"excerpt":{"rendered":"<p>Tbilissi &#8211; Parc national de Lagod\u00e9khi \u2013 Tbilissi D\u00e9part pour\u00a0Parc national de Lagod\u00e9khi, situ\u00e9e pr\u00e8s de la ville de Lagod\u00e9khi, sur\u00a0 les pentes du sud, de la partie orientale de la cha\u00eene du Caucase, dans le bassin de la rivi\u00e8re Alazani. Le relief complexe form\u00e9 par la combinaison des cr\u00eates du Caucase et de la [&hellip;]<\/p>\n","protected":false},"featured_media":33498,"template":"","meta":[],"product_brand":[],"product_cat":[248],"product_tag":[],"class_list":{"0":"post-15643","1":"product","2":"type-product","3":"status-publish","4":"has-post-thumbnail","6":"product_cat-walcing-tours-fr","8":"first","9":"instock","10":"shipping-taxable","11":"purchasable","12":"product-type-ovabrw_car_rental"},"_links":{"self":[{"href":"https:\/\/georgiavoyage.ge\/fr\/wp-json\/wp\/v2\/product\/15643","targetHints":{"allow":["GET"]}}],"collection":[{"href":"https:\/\/georgiavoyage.ge\/fr\/wp-json\/wp\/v2\/product"}],"about":[{"href":"https:\/\/georgiavoyage.ge\/fr\/wp-json\/wp\/v2\/types\/product"}],"version-history":[{"count":1,"href":"https:\/\/georgiavoyage.ge\/fr\/wp-json\/wp\/v2\/product\/15643\/revisions"}],"predecessor-version":[{"id":34848,"href":"https:\/\/georgiavoyage.ge\/fr\/wp-json\/wp\/v2\/product\/15643\/revisions\/34848"}],"wp:featuredmedia":[{"embeddable":true,"href":"https:\/\/georgiavoyage.ge\/fr\/wp-json\/wp\/v2\/media\/33498"}],"wp:attachment":[{"href":"https:\/\/georgiavoyage.ge\/fr\/wp-json\/wp\/v2\/media?parent=15643"}],"wp:term":[{"taxonomy":"product_brand","embeddable":true,"href":"https:\/\/georgiavoyage.ge\/fr\/wp-json\/wp\/v2\/product_brand?post=15643"},{"taxonomy":"product_cat","embeddable":true,"href":"https:\/\/georgiavoyage.ge\/fr\/wp-json\/wp\/v2\/product_cat?post=15643"},{"taxonomy":"product_tag","embeddable":true,"href":"https:\/\/georgiavoyage.ge\/fr\/wp-json\/wp\/v2\/product_tag?post=15643"}],"curies":[{"name":"wp","href":"https:\/\/api.w.org\/{rel}","templated":true}]}}