{"id":15647,"date":"2020-08-15T06:00:55","date_gmt":"2020-08-15T02:00:55","guid":{"rendered":"https:\/\/georgiavoyage.web-reflection.com\/tours\/archaeological-tours\/"},"modified":"2025-09-03T23:16:43","modified_gmt":"2025-09-03T19:16:43","slug":"archaeological-tours","status":"publish","type":"product","link":"https:\/\/georgiavoyage.ge\/fr\/product\/archaeological-tours\/","title":{"rendered":"CIRCUITS ARCH\u00c9OLOGIQUES"},"content":{"rendered":"<p><span style=\"text-decoration: underline; color: #0000ff;\"><em><strong>Circuits\u00a0 arch\u00e9ologiques en G\u00e9orgie<\/strong><\/em><\/span><\/p>\n<p><em>La principale condition pr\u00e9alable au d\u00e9veloppement du tourisme arch\u00e9ologique sur le territoire de la G\u00e9orgie est le patrimoine arch\u00e9ologique colossal. Ici, la Terre conserve des preuves de la vie pass\u00e9e des peuples et des cultures, de l\u2019\u00e2ge de pierre \u00e0 la fin du Moyen \u00c2ge, dans une combinaison et une diversit\u00e9 uniques.<\/em><\/p>\n<p><em>L&rsquo;objectif principal de nos tours arch\u00e9ologiques est de faire connaissance de diverses \u00e9poques historiques, architecturales ou culturelles en visitant des monuments architecturaux, des mus\u00e9es, des itin\u00e9raires historiques, des lieux de fouilles arch\u00e9ologiques.<\/em><\/p>\n<p><em>En plus de sites de la \u00abmarque\u00bb, des sites arch\u00e9ologiques c\u00e9l\u00e8bres, nous avons dans notre programme des lieux uniques, r\u00e9cemment d\u00e9couverts et peu connus. Pour beaucoup, nos d\u00e9couvertes sont devenues une agr\u00e9able surprise et une sorte de carte de visite de notre soci\u00e9t\u00e9.<\/em><\/p>\n<p><em>En plus des tours arch\u00e9ologiques \u00a0cognitifs, \u00a0nous organisons chaque ann\u00e9e de nombreuses exp\u00e9ditions arch\u00e9ologiques conjointes avec des organisations scientifiques comp\u00e9tentes. \u00a0\u00a0En plus des scientifiques et des \u00e9tudiants stagiaires, nous invitons et organisons nos touristes aux fouilles.<\/em><\/p>\n<p><span style=\"color: #0000ff;\"><em><strong>Le programme\u00a0 comprend:<\/strong><\/em><\/span><\/p>\n<ul>\n<li><span style=\"color: #0000ff;\"><em><strong>Visites des sites arch\u00e9ologiques c\u00e9l\u00e8bres;<\/strong><\/em><\/span><\/li>\n<li><span style=\"color: #0000ff;\"><em><strong>Visites des lieux uniques et\u00a0 peu connues;\u00a0<\/strong><\/em><\/span><\/li>\n<li><span style=\"color: #0000ff;\"><em><strong>Accompagnage par des guides professionnels;<\/strong><\/em><\/span><\/li>\n<li><span style=\"color: #0000ff;\"><em><strong>Si\u00a0certains le souhaitent, participation \u00e0 l&rsquo;excavation;\u00a0\u00a0<\/strong><\/em><\/span><\/li>\n<\/ul>\n<p><span style=\"color: #ff0000;\"><em><strong>Tarif pour une personne $ ( US Dollars)<\/strong><\/em><\/span><br \/>\n<span style=\"color: #0000ff;\"><em><strong><span style=\"color: #ff0000;\">\u00c0 partir de 30 USD\u00a0<\/span><\/strong><\/em><\/span><br \/>\n<span style=\"color: #0000ff;\"><em><strong>Le prix d\u00e9pend du nombre de personnes et varie(\u00b1) <span style=\"color: #ff0000;\">de 30 USD pour un jour.<\/span><\/strong><\/em><\/span><br \/>\n<span style=\"color: #0000ff;\"><em><strong>Le co\u00fbt de chaque excursion est discut\u00e9 individuellement.<\/strong><\/em><\/span><br \/>\n<span style=\"color: #0000ff;\"><em><strong>Le prix comprend: <span style=\"color: #ff0000;\">Transport, H\u00e9bergement, Nutrition, Le service de guide.<\/span><\/strong><\/em><\/span><br \/>\n<span style=\"color: #ff0000;\"><em><strong>*Horaires de circuit : sur demande.<\/strong><\/em><\/span><\/p>\n<p><em><span style=\"color: #0000ff;\"><strong>Pour plus d\u2019informations, n\u2019h\u00e9sitez pas appeler ou \u00e9crire<\/strong><\/span>\u00a0<span style=\"color: #0000ff;\"><span style=\"color: #ff0000;\"><strong>Viber\/WhatsApp +995 599 25 65 19<\/strong><\/span>\u00a0<strong>ou par courrier:<\/strong><\/span>\u00a0<span style=\"color: #ff0000;\"><a style=\"color: #ff0000;\" href=\"mailto:info@georgiavoyage.ge\"><strong>info@georgiavoyage.ge<\/strong><\/a><\/span><a href=\"mailto:info@georgiavoyage.ge\"><strong><img decoding=\"async\" class=\"\" src=\" \/wp-content\/uploads\/2024\/08\/Pointer.png\" width=\"23\" height=\"23\" \/><\/strong><\/a>\u00a0\u00a0<strong><span style=\"color: #0000ff;\">Nous sommes toujours pr\u00eats \u00e0 vous conseiller et\u00a0 r\u00e9pondre\u00a0 toutes vos questions, concernant l\u2019organisation du tourisme et des loisirs en G\u00e9orgie.<\/span><\/strong><\/em><\/p>\n<p><strong><span style=\"color: #ff0000;\">*\u00a0<\/span><span style=\"text-decoration: underline; color: #0000ff;\"><em>Les programmes de Circuits sont bas\u00e9s sur notre exp\u00e9rience et les opinions de nos diff\u00e9rents clients. Nous souhaitons noter que nous n&rsquo;exposons plus les descriptions d\u00e9taill\u00e9e des programmes exclusifs pr\u00eats \u00e0 l&#8217;emploi.\u00a0\u00a0<\/em><\/span><span style=\"text-decoration: underline; color: #0000ff;\"><em>Afin de prot\u00e9ger notre travail et nos droits, les itin\u00e9raires exclusifs d\u00e9velopp\u00e9s et les points de r\u00e9ception, nous fournissons uniquement pour les vrais acheteurs.<\/em><\/span><\/strong><\/p>\n","protected":false},"excerpt":{"rendered":"<p>Circuits\u00a0 arch\u00e9ologiques en G\u00e9orgie La principale condition pr\u00e9alable au d\u00e9veloppement du tourisme arch\u00e9ologique sur le territoire de la G\u00e9orgie est le patrimoine arch\u00e9ologique colossal. Ici, la Terre conserve des preuves de la vie pass\u00e9e des peuples et des cultures, de l\u2019\u00e2ge de pierre \u00e0 la fin du Moyen \u00c2ge, dans une combinaison et une diversit\u00e9 [&hellip;]<\/p>\n","protected":false},"featured_media":19231,"template":"","meta":[],"product_brand":[],"product_cat":[249],"product_tag":[],"class_list":{"0":"post-15647","1":"product","2":"type-product","3":"status-publish","4":"has-post-thumbnail","6":"product_cat-special-offers-fr","8":"first","9":"instock","10":"shipping-taxable","11":"purchasable","12":"product-type-ovabrw_car_rental"},"_links":{"self":[{"href":"https:\/\/georgiavoyage.ge\/fr\/wp-json\/wp\/v2\/product\/15647","targetHints":{"allow":["GET"]}}],"collection":[{"href":"https:\/\/georgiavoyage.ge\/fr\/wp-json\/wp\/v2\/product"}],"about":[{"href":"https:\/\/georgiavoyage.ge\/fr\/wp-json\/wp\/v2\/types\/product"}],"version-history":[{"count":1,"href":"https:\/\/georgiavoyage.ge\/fr\/wp-json\/wp\/v2\/product\/15647\/revisions"}],"predecessor-version":[{"id":34856,"href":"https:\/\/georgiavoyage.ge\/fr\/wp-json\/wp\/v2\/product\/15647\/revisions\/34856"}],"wp:featuredmedia":[{"embeddable":true,"href":"https:\/\/georgiavoyage.ge\/fr\/wp-json\/wp\/v2\/media\/19231"}],"wp:attachment":[{"href":"https:\/\/georgiavoyage.ge\/fr\/wp-json\/wp\/v2\/media?parent=15647"}],"wp:term":[{"taxonomy":"product_brand","embeddable":true,"href":"https:\/\/georgiavoyage.ge\/fr\/wp-json\/wp\/v2\/product_brand?post=15647"},{"taxonomy":"product_cat","embeddable":true,"href":"https:\/\/georgiavoyage.ge\/fr\/wp-json\/wp\/v2\/product_cat?post=15647"},{"taxonomy":"product_tag","embeddable":true,"href":"https:\/\/georgiavoyage.ge\/fr\/wp-json\/wp\/v2\/product_tag?post=15647"}],"curies":[{"name":"wp","href":"https:\/\/api.w.org\/{rel}","templated":true}]}}