{"id":15650,"date":"2020-08-15T02:00:59","date_gmt":"2020-08-14T22:00:59","guid":{"rendered":"https:\/\/georgiavoyage.web-reflection.com\/tours\/pilgrim-tours\/"},"modified":"2025-09-17T22:55:59","modified_gmt":"2025-09-17T18:55:59","slug":"pilgrim-tours-in-georgia","status":"publish","type":"product","link":"https:\/\/georgiavoyage.ge\/fr\/product\/pilgrim-tours-in-georgia\/","title":{"rendered":"CIRCUITS DE P\u00c8LERINAGES EN G\u00c8ORGIE"},"content":{"rendered":"<p><span style=\"color: #000000;\"><strong><em><u>P\u00e8lerinage en G\u00e9orgie<\/u><\/em><\/strong><\/span><\/p>\n<p><em>Nos tours des p\u00e8lerins sont sp\u00e9cialement con\u00e7ues pour couvrir les \u00e9v\u00e9nements les plus significatifs dans les complexes de temples et de monast\u00e8res spirituels.\u00a0 Le p\u00e8lerinage ne doit pas \u00eatre confondu avec aucun type de tourisme et nous prenons notre mission au s\u00e9rieux.<\/em><\/p>\n<p><em>Gr\u00e2ce \u00e0 notre aide, vous r\u00e9ussirez non seulement visiter \u00a0d&rsquo;anciens monast\u00e8res et temples, mais \u00e9galement passer des vacances inoubliables dans un pays hospitalier.\u00a0Nous vous invitons \u00e0 d\u00e9couvrir la G\u00e9orgie chr\u00e9tienne avec des sanctuaires anciens qui attirent des p\u00e8lerins du monde entier.<\/em><\/p>\n<p><em>Nos circuits de p\u00e8lerinage ne sont pas un simple voyage entre les monast\u00e8res. C&rsquo;est la d\u00e9couverte de nouveaux lieux saints anciens inconnus, de personnes, de surprises et de sensations. Forts de notre exp\u00e9rience, nous faisons notre travail pour vous avec efficacit\u00e9 et amour.<\/em><\/p>\n<p><em>Depuis 2016, notre compagnie a organis\u00e9 plus de 45 s\u00e9jours de diff\u00e9rents niveaux de formation pour des groupes &#8211; de 7 \u00e0 40 personnes. Le patronage et l&rsquo;hospitalit\u00e9 de la partie g\u00e9orgienne nous permettent d&rsquo;offrir aux p\u00e8lerins des voyages uniques de qualit\u00e9 avec un accueil de haut niveau \u00e0 des prix abordables.<\/em><\/p>\n<ul>\n<li><span style=\"color: #0000ff;\"><strong><em>Le prix d\u00e9pend du nombre de personnes et varie(\u00b1)\u00a0 <span style=\"color: #ff0000;\">de 50 USD pour un jour.<\/span><\/em><\/strong><\/span><\/li>\n<li><span style=\"color: #0000ff;\"><strong><em>Le prix comprend:<\/em><em>\u00a0<\/em><\/strong><em>\u00a0<span style=\"color: #ff0000;\"><strong>Transport, H\u00e9bergement, Nutrition, Le service de guide.<\/strong><\/span><\/em><\/span><\/li>\n<li><span style=\"color: #0000ff;\"><strong><em>Le co\u00fbt de chaque excursion est discut\u00e9 individuellement.<\/em><\/strong><\/span><\/li>\n<li><span style=\"color: #0000ff;\"><strong><em>Les programmes\u00a0 peuvent \u00eatre tr\u00e8s diff\u00e9rents, de 3 \u00e0 9 jours.<\/em><\/strong><\/span><\/li>\n<li><span style=\"color: #0000ff;\"><strong><em>Le programme standard comprend un p\u00e8lerinage de 7 jours.<\/em><\/strong><\/span><\/li>\n<li><span style=\"color: #0000ff;\"><span style=\"color: #0000ff;\"><strong><em>Les menus du jour et types d&rsquo;alimentation sont discut\u00e9s individuellement<\/em><\/strong><\/span><\/span><span style=\"color: #0000ff;\"><strong><em>.<\/em><\/strong><\/span><\/li>\n<li><span style=\"color: #0000ff;\"><strong><em>L&rsquo;horaire, le lieu et le d\u00e9roulement de la liturgie et des services du soir sont discut\u00e9s individuellement.<\/em><\/strong><\/span><\/li>\n<\/ul>\n<p><span style=\"color: #ff0000;\"><strong><em>*Horaires de circuit : sur demande.<\/em><\/strong><\/span><\/p>\n<table width=\"553\">\n<tbody>\n<tr>\n<td width=\"177\"><em>Nombre de personnes<\/em><\/td>\n<td width=\"76\"><em>\u00a0 1-3 per<\/em><\/td>\n<td width=\"94\"><em>\u00a0\u00a0\u00a0 4-8 per<\/em><\/td>\n<td width=\"95\"><em>\u00a0 \u00a09-19 per<\/em><\/td>\n<td width=\"111\"><em>\u00a0 \u00a020-40 per<\/em><\/td>\n<\/tr>\n<tr>\n<td width=\"177\"><em>Mode de transport<\/em><\/td>\n<td width=\"76\"><em>\u00a0Berline<\/em><\/td>\n<td width=\"94\"><em>\u00a0 Minivan<\/em><\/td>\n<td width=\"95\"><em>\u00a0 \u00a0Minibus<\/em><\/td>\n<td width=\"111\"><em>\u00a0 \u00a0\u00a0Autobus<\/em><\/td>\n<\/tr>\n<\/tbody>\n<\/table>\n<p><em><span style=\"color: #0000ff;\"><strong>Pour plus d&rsquo;informations, n&rsquo;h\u00e9sitez pas appeler ou \u00e9crire\u00a0<\/strong><span style=\"color: #ff0000;\"><strong>Viber\/WhatsApp +995 599 25 65 19<\/strong><\/span>\u00a0<strong>ou par courrier:<\/strong><\/span>\u00a0<a style=\"color: #ff0000;\" href=\"mailto:info@georgiavoyage.ge\"><strong>info@georgiavoyage.ge<\/strong><\/a><a href=\"mailto:info@georgiavoyage.ge\"><strong><img decoding=\"async\" class=\"\" src=\" \/wp-content\/uploads\/2024\/08\/Pointer.png\" width=\"23\" height=\"23\" \/><\/strong><\/a><span style=\"color: #0000ff;\">\u00a0<\/span>\u00a0<span style=\"color: #0000ff;\"><strong>Nous sommes toujours pr\u00eats \u00e0 vous conseiller et r\u00e9pondre toutes vos questions, concernant l&rsquo;organisation du p<u>\u00e8lerinage <\/u>\u00a0en G\u00e9orgie.<\/strong><\/span><\/em><\/p>\n","protected":false},"excerpt":{"rendered":"<p>P\u00e8lerinage en G\u00e9orgie Nos tours des p\u00e8lerins sont sp\u00e9cialement con\u00e7ues pour couvrir les \u00e9v\u00e9nements les plus significatifs dans les complexes de temples et de monast\u00e8res spirituels.\u00a0 Le p\u00e8lerinage ne doit pas \u00eatre confondu avec aucun type de tourisme et nous prenons notre mission au s\u00e9rieux. Gr\u00e2ce \u00e0 notre aide, vous r\u00e9ussirez non seulement visiter \u00a0d&rsquo;anciens [&hellip;]<\/p>\n","protected":false},"featured_media":29310,"template":"","meta":[],"product_brand":[],"product_cat":[259,249],"product_tag":[],"class_list":{"0":"post-15650","1":"product","2":"type-product","3":"status-publish","4":"has-post-thumbnail","6":"product_cat-popular-tours-fr","7":"product_cat-special-offers-fr","9":"first","10":"instock","11":"shipping-taxable","12":"purchasable","13":"product-type-ovabrw_car_rental"},"_links":{"self":[{"href":"https:\/\/georgiavoyage.ge\/fr\/wp-json\/wp\/v2\/product\/15650","targetHints":{"allow":["GET"]}}],"collection":[{"href":"https:\/\/georgiavoyage.ge\/fr\/wp-json\/wp\/v2\/product"}],"about":[{"href":"https:\/\/georgiavoyage.ge\/fr\/wp-json\/wp\/v2\/types\/product"}],"version-history":[{"count":2,"href":"https:\/\/georgiavoyage.ge\/fr\/wp-json\/wp\/v2\/product\/15650\/revisions"}],"predecessor-version":[{"id":35223,"href":"https:\/\/georgiavoyage.ge\/fr\/wp-json\/wp\/v2\/product\/15650\/revisions\/35223"}],"wp:featuredmedia":[{"embeddable":true,"href":"https:\/\/georgiavoyage.ge\/fr\/wp-json\/wp\/v2\/media\/29310"}],"wp:attachment":[{"href":"https:\/\/georgiavoyage.ge\/fr\/wp-json\/wp\/v2\/media?parent=15650"}],"wp:term":[{"taxonomy":"product_brand","embeddable":true,"href":"https:\/\/georgiavoyage.ge\/fr\/wp-json\/wp\/v2\/product_brand?post=15650"},{"taxonomy":"product_cat","embeddable":true,"href":"https:\/\/georgiavoyage.ge\/fr\/wp-json\/wp\/v2\/product_cat?post=15650"},{"taxonomy":"product_tag","embeddable":true,"href":"https:\/\/georgiavoyage.ge\/fr\/wp-json\/wp\/v2\/product_tag?post=15650"}],"curies":[{"name":"wp","href":"https:\/\/api.w.org\/{rel}","templated":true}]}}