{"id":15653,"date":"2020-08-15T04:00:59","date_gmt":"2020-08-15T00:00:59","guid":{"rendered":"https:\/\/georgiavoyage.web-reflection.com\/tours\/rural-tours\/"},"modified":"2025-09-23T11:51:46","modified_gmt":"2025-09-23T07:51:46","slug":"rural-tours-in-georgia","status":"publish","type":"product","link":"https:\/\/georgiavoyage.ge\/fr\/product\/rural-tours-in-georgia\/","title":{"rendered":"TOURISME RURALE EN G\u00c9ORGIE"},"content":{"rendered":"<p><span style=\"text-decoration: underline; color: #0000ff;\"><em><strong>Tourisme rural<\/strong><\/em><\/span><\/p>\n<p><em>Le tourisme rural est fait par des personnes enthousiastes qui recherchent avant tout de nouvelles exp\u00e9riences et d\u00e9couvertes.\u00a0 Ce n\u2019est pas seulement une occasion de profiter de nombreuses routes touristiques, mais aussi de communiquer avec les populations locales, d\u2019apprendre le caract\u00e8re national.<\/em><\/p>\n<p><em>Les h\u00f4tes en G\u00e9orgie sont g\u00e9n\u00e9reux et hospitaliers et vous pouvez rejoindre leur vie.\u00a0Nous avons les programmes les plus int\u00e9ressants dans des familles paysannes sp\u00e9cialement pr\u00e9par\u00e9es et dans des h\u00f4tels de type familial.\u00a0En r\u00e8gle g\u00e9n\u00e9rale, le co\u00fbt de nos visites comprend tous les services de base.<\/em><\/p>\n<p><em>Certains touristes sont int\u00e9ress\u00e9s \u00e0 se sentir comme un vrai villageois. Dans ce cas, vous disposerez des anciennes maisons rurales.\u00a0Des conforts dans les maisons: il y a une toilette, l&rsquo;eau chaude et la salle de bains. Dans un autre cas, un h\u00f4tel familial. Toutes les commodit\u00e9s dans les chambres.<\/em><\/p>\n<p><em>Il convient de noter que les bas prix du tourisme rural peuvent consid\u00e9rablement diversifier le programme pr\u00e9d\u00e9fini.\u00a0La proximit\u00e9 des monuments naturels et historiques-architecturaux les plus int\u00e9ressants offre uneopportunit\u00e9 unique pour des sentiers de randonn\u00e9e de complexit\u00e9 et de longueur variables.<\/em><\/p>\n<p><em>Les programmes rurales comprennent la familiarisation avec les techniques de pr\u00e9paration de plats traditionnels locaux, faire du vin ou de Chacha&#8230;..des dizaines de lieux de chasse et de p\u00eache,\u00a0 une grande vari\u00e9t\u00e9 de baies dans des for\u00eats. &#8230; et beaucoup plus int\u00e9ressant de la vie rurale est garanti.<\/em><\/p>\n<p><span style=\"color: #0000ff;\"><em><strong><span class=\"sel\">Le<\/span>\u00a0programme rural\u00a0\u00a0<span class=\"sel\">comprend<\/span>:\u00a0<\/strong><\/em><\/span><\/p>\n<ul>\n<li><span style=\"color: #0000ff;\"><em><strong><span class=\"sel\">Visites<\/span>\u00a0<span class=\"sel\">des<\/span>\u00a0monuments\u00a0<span class=\"sel\">naturels<\/span>,\u00a0<span class=\"sel\">historiques<\/span>\u00a0<span class=\"sel\">et<\/span>\u00a0<span class=\"sel\">architecturaux<\/span>\u00a0<span class=\"sel\">les<\/span>\u00a0plus int\u00e9ressants;<\/strong><\/em><\/span><\/li>\n<li><span style=\"color: #0000ff;\"><em><strong><span class=\"sel\">Visites<\/span>\u00a0<span class=\"sel\">des<\/span>\u00a0<span class=\"sel\">endroits<\/span>,\u00a0<span class=\"sel\">connus<\/span>\u00a0<span class=\"sel\">seulement<\/span>\u00a0par\u00a0<span class=\"sel\">les<\/span>\u00a0habitants\u00a0<span class=\"sel\">locaux<\/span>;\u00a0<\/strong><\/em><\/span><\/li>\n<li><span style=\"color: #0000ff;\"><em><strong><span class=\"sel\">Accompagnage<\/span>\u00a0par\u00a0<span class=\"sel\">le<\/span>\u00a0guide\u00a0<span class=\"sel\">professionnel<\/span>\u00a0<span class=\"sel\">et<\/span>\u00a0en\u00a0<span class=\"sel\">cas<\/span>\u00a0de n\u00e9cessit\u00e9 par\u00a0<span class=\"sel\">les<\/span>\u00a0habitants\u00a0<span class=\"sel\">locaux<\/span>\u00a0;\u00a0<\/strong><\/em><\/span><\/li>\n<li><span style=\"color: #0000ff;\"><em><strong><span class=\"sel\">Les<\/span>\u00a0promenades \u00e0 pied,\u00a0<span class=\"sel\">les<\/span>\u00a0promenades \u00e0\u00a0<span class=\"sel\">cheval<\/span>,\u00a0<span class=\"sel\">le<\/span>\u00a0camping;\u00a0<\/strong><\/em><\/span><\/li>\n<li><span style=\"color: #0000ff;\"><em><strong>Pique-<span class=\"sel\">niques<\/span>\u00a0en\u00a0<span class=\"sel\">plaine<\/span>\u00a0nature;\u00a0<\/strong><\/em><\/span><\/li>\n<li><span style=\"color: #0000ff;\"><em><strong>La\u00a0<span class=\"sel\">chasse<\/span>\u00a0la p\u00eache,\u00a0<span class=\"sel\">cueillette<\/span>\u00a0de champignons\u00a0<span class=\"sel\">et<\/span>\u00a0de\u00a0<span class=\"sel\">diverses<\/span>\u00a0<span class=\"sel\">baies<\/span>\u00a0dans\u00a0<span class=\"sel\">les<\/span>\u00a0for\u00eats;\u00a0<\/strong><\/em><\/span><\/li>\n<li><span style=\"color: #0000ff;\"><em><strong>Proc\u00e9dures th\u00e9rapeutiques dans\u00a0<span class=\"sel\">le<\/span>\u00a0<span class=\"sel\">giron<\/span>\u00a0de la nature;\u00a0<\/strong><\/em><\/span><\/li>\n<li><span style=\"color: #0000ff;\"><em><strong>Si certains\u00a0<span class=\"sel\">le<\/span>\u00a0<span class=\"sel\">souhaitent<\/span>, participation\u00a0<span class=\"sel\">aux<\/span>\u00a0<span class=\"sel\">travaux<\/span>\u00a0<span class=\"sel\">quotidiens<\/span>\u00a0en \u00e9tudiant\u00a0<span class=\"sel\">les<\/span>\u00a0m\u00e9thodes\u00a0<span class=\"sel\">traditionnelles<\/span>de\u00a0<span class=\"sel\">jardinage<\/span>\u00a0<span class=\"sel\">et<\/span>\u00a0<span class=\"sel\">d&rsquo;horticulture<\/span>\u00a0g\u00e9orgiens,\u00a0<span class=\"sel\">l&rsquo;apiculture<\/span>\u00a0&#8230;.\u00a0<\/strong><\/em><\/span><\/li>\n<li><span style=\"color: #0000ff;\"><em><strong><span class=\"sel\">Apprentissage<\/span>\u00a0de\u00a0<span class=\"sel\">l&rsquo;artisanat<\/span>\u00a0<span class=\"sel\">populaire<\/span>;\u00a0<\/strong><\/em><\/span><\/li>\n<li><span style=\"color: #0000ff;\"><em><strong><span class=\"sel\">Les<\/span>\u00a0Master classes\u00a0<span class=\"sel\">selon<\/span>\u00a0la pr\u00e9paration\u00a0<span class=\"sel\">des<\/span>\u00a0plats\u00a0<span class=\"sel\">nationaux<\/span>;\u00a0<\/strong><\/em><\/span><\/li>\n<\/ul>\n<p><span style=\"color: #ff0000;\"><em><strong>Tarif pour une personne $ ( US Dollars)<\/strong><\/em><\/span><br \/>\n<span style=\"color: #0000ff;\"><em><strong><span style=\"color: #ff0000;\">\u00c0 partir de 40 USD\u00a0<\/span><\/strong><\/em><\/span><br \/>\n<span style=\"color: #0000ff;\"><em><strong>Le prix d\u00e9pend du nombre de personnes et varie(\u00b1) <span style=\"color: #ff0000;\">de 40 USD pour un jour.<\/span><\/strong><\/em><\/span><br \/>\n<span style=\"color: #0000ff;\"><em><strong>Le co\u00fbt de chaque excursion est discut\u00e9 individuellement.<\/strong><\/em><\/span><br \/>\n<span style=\"color: #0000ff;\"><em><strong>Le prix comprend: <span style=\"color: #ff0000;\">Transport, H\u00e9bergement, Nutrition, Le service de guide.<\/span><\/strong><\/em><\/span><br \/>\n<span style=\"color: #ff0000;\"><em><strong>*Horaires de circuit : sur demande.<\/strong><\/em><\/span><\/p>\n<p><em><span style=\"color: #0000ff;\"><strong>Pour plus d\u2019informations, n\u2019h\u00e9sitez pas appeler ou \u00e9crire<\/strong><\/span>\u00a0<span style=\"color: #0000ff;\"><span style=\"color: #ff0000;\"><strong>Viber\/WhatsApp +995 599 25 65 19<\/strong><\/span>\u00a0<strong>ou par courrier:<\/strong><\/span>\u00a0<span style=\"color: #ff0000;\"><a style=\"color: #ff0000;\" href=\"mailto:info@georgiavoyage.ge\"><strong>info@georgiavoyage.ge<\/strong><\/a><\/span><a href=\"mailto:info@georgiavoyage.ge\"><strong><img decoding=\"async\" class=\"\" src=\" \/wp-content\/uploads\/2024\/08\/Pointer.png\" width=\"23\" height=\"23\" \/><\/strong><\/a>\u00a0\u00a0<strong><span style=\"color: #0000ff;\">Nous sommes toujours pr\u00eats \u00e0 vous conseiller et\u00a0 r\u00e9pondre\u00a0 toutes vos questions, concernant l\u2019organisation du tourisme et des loisirs en G\u00e9orgie.<\/span><\/strong><\/em><\/p>\n<p><strong><span style=\"color: #ff0000;\">*\u00a0<\/span><span style=\"text-decoration: underline; color: #0000ff;\"><em>Les programmes de Circuits sont bas\u00e9s sur notre exp\u00e9rience et les opinions de nos diff\u00e9rents clients. Nous souhaitons noter que nous n&rsquo;exposons plus les descriptions d\u00e9taill\u00e9e des programmes exclusifs pr\u00eats \u00e0 l&#8217;emploi.\u00a0\u00a0<\/em><\/span><span style=\"text-decoration: underline; color: #0000ff;\"><em>Afin de prot\u00e9ger notre travail et nos droits, les itin\u00e9raires exclusifs d\u00e9velopp\u00e9s et les points de r\u00e9ception, nous fournissons uniquement pour les vrais acheteurs.<\/em><\/span><\/strong><\/p>\n","protected":false},"excerpt":{"rendered":"<p>Tourisme rural Le tourisme rural est fait par des personnes enthousiastes qui recherchent avant tout de nouvelles exp\u00e9riences et d\u00e9couvertes.\u00a0 Ce n\u2019est pas seulement une occasion de profiter de nombreuses routes touristiques, mais aussi de communiquer avec les populations locales, d\u2019apprendre le caract\u00e8re national. Les h\u00f4tes en G\u00e9orgie sont g\u00e9n\u00e9reux et hospitaliers et vous pouvez [&hellip;]<\/p>\n","protected":false},"featured_media":19125,"template":"","meta":[],"product_brand":[],"product_cat":[249],"product_tag":[],"class_list":{"0":"post-15653","1":"product","2":"type-product","3":"status-publish","4":"has-post-thumbnail","6":"product_cat-special-offers-fr","8":"first","9":"instock","10":"shipping-taxable","11":"purchasable","12":"product-type-ovabrw_car_rental"},"_links":{"self":[{"href":"https:\/\/georgiavoyage.ge\/fr\/wp-json\/wp\/v2\/product\/15653","targetHints":{"allow":["GET"]}}],"collection":[{"href":"https:\/\/georgiavoyage.ge\/fr\/wp-json\/wp\/v2\/product"}],"about":[{"href":"https:\/\/georgiavoyage.ge\/fr\/wp-json\/wp\/v2\/types\/product"}],"version-history":[{"count":1,"href":"https:\/\/georgiavoyage.ge\/fr\/wp-json\/wp\/v2\/product\/15653\/revisions"}],"predecessor-version":[{"id":34862,"href":"https:\/\/georgiavoyage.ge\/fr\/wp-json\/wp\/v2\/product\/15653\/revisions\/34862"}],"wp:featuredmedia":[{"embeddable":true,"href":"https:\/\/georgiavoyage.ge\/fr\/wp-json\/wp\/v2\/media\/19125"}],"wp:attachment":[{"href":"https:\/\/georgiavoyage.ge\/fr\/wp-json\/wp\/v2\/media?parent=15653"}],"wp:term":[{"taxonomy":"product_brand","embeddable":true,"href":"https:\/\/georgiavoyage.ge\/fr\/wp-json\/wp\/v2\/product_brand?post=15653"},{"taxonomy":"product_cat","embeddable":true,"href":"https:\/\/georgiavoyage.ge\/fr\/wp-json\/wp\/v2\/product_cat?post=15653"},{"taxonomy":"product_tag","embeddable":true,"href":"https:\/\/georgiavoyage.ge\/fr\/wp-json\/wp\/v2\/product_tag?post=15653"}],"curies":[{"name":"wp","href":"https:\/\/api.w.org\/{rel}","templated":true}]}}