{"id":15657,"date":"2020-08-15T03:00:43","date_gmt":"2020-08-14T23:00:43","guid":{"rendered":"https:\/\/georgiavoyage.web-reflection.com\/tours\/corporate-tours-in-georgia\/"},"modified":"2025-09-03T23:35:33","modified_gmt":"2025-09-03T19:35:33","slug":"corporate-tours-in-georgia","status":"publish","type":"product","link":"https:\/\/georgiavoyage.ge\/fr\/product\/corporate-tours-in-georgia\/","title":{"rendered":"VOYAGES CORPORATIFS"},"content":{"rendered":"<p><span style=\"color: #0000ff;\"><em><strong>VOYAGES CORPORATIFS EN G\u00c9<\/strong><\/em><\/span><span style=\"color: #0000ff;\"><em><strong>ORGIE<\/strong><\/em><\/span><\/p>\n<p><em>\u00a0 \u00a0La compagnie \u00abGeorgia Voyage\u00bb est un fournisseur fiable de voyages corporatifs\u00a0 en G\u00e9orgie, avec une garantie de qualit\u00e9. Depuis 2016, notre compagnie a organis\u00e9 plus de 105 programmes de voyages en groupe et corporatifs de diff\u00e9rents niveaux de formation pour des groupes &#8211; de 7 \u00e0 85 personnes.<\/em><\/p>\n<p><em>\u00a0 \u00a0Les \u00e9v\u00e9nements que nous organisons, en plus des s\u00e9minaires et des r\u00e9unions, incluent la visite des sites souhait\u00e9s, la r\u00e9solution de probl\u00e8mes actuels autour d&rsquo;une tasse de caf\u00e9 pr\u00e8s de la rivi\u00e8re de montagne Aragvi ou lors d&rsquo;une f\u00eate avec un programme folklorique \u00e0 Kakhetie.<\/em><\/p>\n<p><em>\u00a0 \u00a0Nos clients corporatifs peuvent \u00eatre :<\/em><\/p>\n<ul>\n<li><span style=\"color: #0000ff;\"><strong><em>Les entreprises d\u2019\u00c9tat et priv\u00e9es, l\u2019organisation du moyen et petit business.<\/em><\/strong><\/span><\/li>\n<li><span style=\"color: #0000ff;\"><strong><em>Les \u00e9tablissements d\u2019enseignement : les \u00e9coles, les coll\u00e8ges et les universit\u00e9s..<\/em><\/strong><\/span><\/li>\n<li><span style=\"color: #0000ff;\"><strong><em>Associations publiques.<\/em><\/strong><\/span><\/li>\n<\/ul>\n<p><em>\u00a0 \u00a0Nous prenons\u00a0 en charge toutes les questions d\u2019organisation :<\/em><\/p>\n<ul>\n<li><span style=\"color: #0000ff;\"><strong><em>S\u00e9lection du lieu correspondant aux souhaits, au sc\u00e9nario choisi et au budget<\/em><\/strong><\/span><\/li>\n<li><span style=\"color: #0000ff;\"><strong><em>Livraison de tous les participants de la tourn\u00e9e sur le lieu de la manifestation; H\u00e9bergement et repas;<\/em><\/strong><\/span><\/li>\n<li><span style=\"color: #0000ff;\"><strong><em>Organisation de services de transport, voyages, excursions;<\/em><\/strong><\/span><\/li>\n<li><span style=\"color: #0000ff;\"><strong><em>S\u00e9lection et r\u00e9servation de salles de conf\u00e9rence, de zones d\u2019exposition, de locaux pour l\u2019organisation de formations et de s\u00e9minaires.<\/em><\/strong><\/span><\/li>\n<li><span style=\"color: #0000ff;\"><strong><em>Location de mat\u00e9riel et tout support technique pour s\u00e9minaires, formations et autres \u00e9v\u00e9nements;<\/em><\/strong><\/span><\/li>\n<li><span style=\"color: #0000ff;\"><strong><em>Concevoir (si n\u00e9cessaire) de la publicit\u00e9 pour les imprim\u00e9s, y compris les invitations, les albums, les banni\u00e8res;<\/em><\/strong><\/span><\/li>\n<li><span style=\"color: #0000ff;\"><strong><em>Jeux, t\u00e2ches et autres programmes d\u2019entreprise;<\/em><\/strong><\/span><\/li>\n<li><span style=\"color: #0000ff;\"><strong><em>Excursions, visites d\u2019attractions, randonn\u00e9es en montagne, tourisme;<\/em><\/strong><\/span><\/li>\n<li><span style=\"color: #0000ff;\"><strong><em>Consultations et soutien informationnel;<\/em><\/strong><\/span><\/li>\n<li><span style=\"color: #0000ff;\"><strong><em>Tout autre service dont vous pourriez avoir besoin pendant vos vacances.<\/em><\/strong><\/span><\/li>\n<\/ul>\n<p><em>\u00a0 \u00a0Nous organisons rapidement et efficacement des voyages de th\u00e8mes et d&rsquo;objectifs vari\u00e9s pour de grands groupes. Cela vous aidera \u00e0 r\u00e9duire les co\u00fbts, \u00e0 r\u00e9duire les risques, car le service aux entreprises pr\u00e9voit un syst\u00e8me de remises et un service de haute qualit\u00e9.<\/em><\/p>\n<p><em>\u00a0 \u00a0 De nombreux h\u00f4tels et restaurants nous accordent de s\u00e9rieuses remises\u2026..et l&rsquo;entreprise elle-m\u00eame applique la pratique des remises aux entreprises clientes. Plus une cliente nous contacte souvent et en grand nombre, plus ces remises peuvent \u00eatre importantes.<\/em><\/p>\n<ul>\n<li><span style=\"color: #0000ff;\"><strong><em>Le prix d\u00e9pend du nombre de personnes et varie(\u00b1)\u00a0 <span style=\"color: #ff0000;\">de 50 USD pour un jour.<\/span><\/em><\/strong><\/span><\/li>\n<li><span style=\"color: #0000ff;\"><strong><em>Le co\u00fbt de chaque excursion est discut\u00e9 individuellement.<\/em><\/strong><\/span><\/li>\n<li><span style=\"color: #0000ff;\"><strong><em>Le prix comprend:<\/em><em>\u00a0<\/em><\/strong><em>\u00a0<strong>Transport, H\u00e9bergement,\u00a0 Le service de guide.<\/strong><\/em><\/span><\/li>\n<\/ul>\n<p><span style=\"color: #ff0000;\"><strong><em>*Horaires de circuit : sur demande.<\/em><\/strong><\/span><\/p>\n<table width=\"553\">\n<tbody>\n<tr>\n<td width=\"177\">N<em>ombre de personnes<\/em><\/td>\n<td width=\"76\"><em>\u00a0 2-3 per<\/em><\/td>\n<td width=\"94\"><em>\u00a0\u00a0\u00a0 4-8 per<\/em><\/td>\n<td width=\"95\"><em>\u00a0 \u00a09-19 per<\/em><\/td>\n<td width=\"111\"><em>\u00a0 \u00a020-40 per<\/em><\/td>\n<\/tr>\n<tr>\n<td width=\"177\"><em>Mode de transport<\/em><\/td>\n<td width=\"76\"><em>\u00a0Berline<\/em><\/td>\n<td width=\"94\"><em>\u00a0 Minivan<\/em><\/td>\n<td width=\"95\"><em>\u00a0 \u00a0Minibus<\/em><\/td>\n<td width=\"111\"><em>\u00a0 \u00a0\u00a0Autobus<\/em><\/td>\n<\/tr>\n<\/tbody>\n<\/table>\n<p><em>\u00a0 \u00a0 <span style=\"color: #0000ff;\"><strong>Pour plus d\u2019informations, n\u2019h\u00e9sitez pas appeler ou \u00e9crire\u00a0<span style=\"text-decoration: underline; color: #ff0000;\">Viber \/ WhatsApp +995 599 25 65 19\u00a0<\/span>ou par courrier: <a style=\"color: #0000ff;\" href=\"mailto:info@georgiavoyage.ge\"><span style=\"color: #ff0000;\">info@georgiavoyage.ge<\/span><\/a><a style=\"color: #0000ff;\" href=\"mailto:info@georgiavoyage.ge\"><img decoding=\"async\" class=\"\" src=\" \/wp-content\/uploads\/2024\/08\/Pointer.png\" width=\"23\" height=\"23\" \/><\/a> \u00a0Nous sommes toujours pr\u00eats \u00e0 vous conseiller et\u00a0 r\u00e9pondre\u00a0 toutes vos questions, concernant l\u2019organisation des voyages en groupe et corporatifs en G\u00e9orgie.<\/strong><\/span><\/em><\/p>\n","protected":false},"excerpt":{"rendered":"<p>VOYAGES CORPORATIFS EN G\u00c9ORGIE \u00a0 \u00a0La compagnie \u00abGeorgia Voyage\u00bb est un fournisseur fiable de voyages corporatifs\u00a0 en G\u00e9orgie, avec une garantie de qualit\u00e9. Depuis 2016, notre compagnie a organis\u00e9 plus de 105 programmes de voyages en groupe et corporatifs de diff\u00e9rents niveaux de formation pour des groupes &#8211; de 7 \u00e0 85 personnes. \u00a0 \u00a0Les [&hellip;]<\/p>\n","protected":false},"featured_media":19398,"template":"","meta":[],"product_brand":[],"product_cat":[249],"product_tag":[],"class_list":{"0":"post-15657","1":"product","2":"type-product","3":"status-publish","4":"has-post-thumbnail","6":"product_cat-special-offers-fr","8":"first","9":"instock","10":"shipping-taxable","11":"purchasable","12":"product-type-ovabrw_car_rental"},"_links":{"self":[{"href":"https:\/\/georgiavoyage.ge\/fr\/wp-json\/wp\/v2\/product\/15657","targetHints":{"allow":["GET"]}}],"collection":[{"href":"https:\/\/georgiavoyage.ge\/fr\/wp-json\/wp\/v2\/product"}],"about":[{"href":"https:\/\/georgiavoyage.ge\/fr\/wp-json\/wp\/v2\/types\/product"}],"version-history":[{"count":1,"href":"https:\/\/georgiavoyage.ge\/fr\/wp-json\/wp\/v2\/product\/15657\/revisions"}],"predecessor-version":[{"id":34865,"href":"https:\/\/georgiavoyage.ge\/fr\/wp-json\/wp\/v2\/product\/15657\/revisions\/34865"}],"wp:featuredmedia":[{"embeddable":true,"href":"https:\/\/georgiavoyage.ge\/fr\/wp-json\/wp\/v2\/media\/19398"}],"wp:attachment":[{"href":"https:\/\/georgiavoyage.ge\/fr\/wp-json\/wp\/v2\/media?parent=15657"}],"wp:term":[{"taxonomy":"product_brand","embeddable":true,"href":"https:\/\/georgiavoyage.ge\/fr\/wp-json\/wp\/v2\/product_brand?post=15657"},{"taxonomy":"product_cat","embeddable":true,"href":"https:\/\/georgiavoyage.ge\/fr\/wp-json\/wp\/v2\/product_cat?post=15657"},{"taxonomy":"product_tag","embeddable":true,"href":"https:\/\/georgiavoyage.ge\/fr\/wp-json\/wp\/v2\/product_tag?post=15657"}],"curies":[{"name":"wp","href":"https:\/\/api.w.org\/{rel}","templated":true}]}}