{"id":15660,"date":"2020-08-15T05:00:40","date_gmt":"2020-08-15T01:00:40","guid":{"rendered":"https:\/\/georgiavoyage.web-reflection.com\/tours\/gastronomic-tours-in-georgia\/"},"modified":"2025-09-03T23:41:30","modified_gmt":"2025-09-03T19:41:30","slug":"gastronomic-tours-in-georgia","status":"publish","type":"product","link":"https:\/\/georgiavoyage.ge\/fr\/product\/gastronomic-tours-in-georgia\/","title":{"rendered":"CIRCUITS GASTRONOMIQUES"},"content":{"rendered":"<p><span style=\"text-decoration: underline; color: #0000ff;\"><em><strong>Le paradis gastronomique pour les gourmands<\/strong><\/em><\/span><\/p>\n<p><em>Les possibilit\u00e9s gastronomiques de la G\u00e9orgie sont fascinantes, int\u00e9ressantes et parfois impr\u00e9visibles.\u00a0Il est c\u00e9l\u00e8bre pour les contrastes originaux\u00a0 aigu et \u00e9pic\u00e9, la viande savoureuse parfum\u00e9e, de nombreuses sauces et, bien s\u00fbr, d&rsquo;excellents vins.<\/em><\/p>\n<p><em>Depuis longtemps, nous sommes sp\u00e9cialis\u00e9s dans l&rsquo;organisation\u00a0 des tours gastronomiques. En cons\u00e9quence, nous organisons de v\u00e9ritables f\u00eates g\u00e9orgiennes: chants et danses folkloriques interpr\u00e9t\u00e9s par un ensemble folklorique, dans des restaurants&#8230; dans des salles priv\u00e9es (paysannes) &#8230; ou comme des pique-niques dans la nature.<\/em><\/p>\n<p><em>Des visites gastronomiques en G\u00e9orgie vous donneront une profusion de saveurs de cuisine copieuse et familiale dans toute sa splendeur. Il ne faut pas n\u00e9gliger la d\u00e9gustation du vin, car cela fait partie de la gastronomie. D&rsquo;autant plus que le vin g\u00e9orgien est aussi divers, comme la cuisine.\u00a0<\/em><\/p>\n<p><em>Au cours de nos tours, vous pourrez visiter des \u00e9tablissements vinicoles, des fromageries, des vignes, des boulangeries et, bien s\u00fbr, d\u00e9guster tous les produits et les vins produits localement. Par cons\u00e9quent, nous sommes souvent visit\u00e9s par les fans de voyages et de loisirs non standard. Les gens qui aiment bien manger et s&rsquo;amuser.<\/em><\/p>\n<p><span style=\"color: #0000ff;\"><em><strong>Le programme comprend:<\/strong><\/em><\/span><\/p>\n<ul>\n<li><span style=\"color: #0000ff;\"><em><strong><span class=\"sel\">Visite<\/span>\u00a0<span class=\"sel\">des<\/span>\u00a0monuments\u00a0<span class=\"sel\">naturels<\/span>,\u00a0<span class=\"sel\">historiques<\/span>\u00a0<span class=\"sel\">et<\/span>\u00a0<span class=\"sel\">architecturaux<\/span>\u00a0<span class=\"sel\">les<\/span>\u00a0plus int\u00e9ressants;\u00a0<\/strong><\/em><\/span><\/li>\n<li><span style=\"color: #0000ff;\"><em><strong><span class=\"sel\">Les<\/span>\u00a0promenades \u00e0 pied,\u00a0<span class=\"sel\">les<\/span>\u00a0promenades \u00e0\u00a0<span class=\"sel\">cheval<\/span>,\u00a0<span class=\"sel\">le<\/span>\u00a0camping;\u00a0<\/strong><\/em><\/span><\/li>\n<li><span style=\"color: #0000ff;\"><em><strong><span class=\"sel\">Visite<\/span>\u00a0\u00e0 la cave,\u00a0<span class=\"sel\">fromagerie<\/span>,\u00a0<span class=\"sel\">boulangerie<\/span>;\u00a0<\/strong><\/em><\/span><\/li>\n<li><span style=\"color: #0000ff;\"><em><strong><span class=\"sel\">Visite<\/span>\u00a0<span class=\"sel\">des<\/span>\u00a0march\u00e9s\u00a0<span class=\"sel\">agricoles<\/span>\u00a0pour s\u00e9lectionner\u00a0<span class=\"sel\">les<\/span>\u00a0<span class=\"sel\">produits<\/span>;\u00a0<\/strong><\/em><\/span><\/li>\n<li><span style=\"color: #0000ff;\"><em><strong>Supervision\u00a0<span class=\"sel\">du<\/span>\u00a0travail\u00a0<span class=\"sel\">des<\/span>\u00a0<span class=\"sel\">cuisiniers<\/span>;\u00a0<\/strong><\/em><\/span><\/li>\n<li><span style=\"color: #0000ff;\"><em><strong><span class=\"sel\">Les<\/span>\u00a0Master classes\u00a0<span class=\"sel\">selon<\/span>\u00a0la pr\u00e9paration\u00a0<span class=\"sel\">des<\/span>\u00a0plats\u00a0<span class=\"sel\">nationaux<\/span>;\u00a0<\/strong><\/em><\/span><\/li>\n<li><span style=\"color: #0000ff;\"><em><strong><span class=\"sel\">Les<\/span>\u00a0tabl\u00e9es dans\u00a0<span class=\"sel\">les<\/span>\u00a0restaurants\u00a0<span class=\"sel\">et<\/span>\u00a0dans\u00a0<span class=\"sel\">les<\/span>\u00a0<span class=\"sel\">locaux<\/span>\u00a0priv\u00e9s (<span class=\"sel\">paysans<\/span>)\u00a0<span class=\"sel\">les<\/span>\u00a0piques-<span class=\"sel\">niques<\/span>\u00a0<span class=\"sel\">sur<\/span>\u00a0la nature;\u00a0<\/strong><\/em><\/span><\/li>\n<li><span style=\"color: #0000ff;\"><strong><em>Le programme du circuit peut \u00eatre tr\u00e8s diff\u00e9rent, allant de 1 \u00e0 5 jours ;<\/em><\/strong><\/span><\/li>\n<li><span style=\"color: #0000ff;\"><span style=\"color: #0000ff;\"><strong><em>Les menus du jour et types d&rsquo;alimentation sont discut\u00e9s individuellement<\/em><\/strong><\/span><\/span><span style=\"color: #0000ff;\"><strong><em>.<\/em><\/strong><\/span><\/li>\n<li><span style=\"color: #0000ff;\"><em><strong>Soir\u00e9es\u00a0<span class=\"sel\">folkloriques<\/span>\u00a0<span class=\"sel\">avec<\/span>\u00a0chants\u00a0<span class=\"sel\">et<\/span>\u00a0<span class=\"sel\">danses<\/span>\u00a0\u00a0interpr\u00e9t\u00e9s par\u00a0<span class=\"sel\">un ensemble\u00a0folkloriques<\/span>;\u00a0<\/strong><\/em><\/span><\/li>\n<li><span style=\"color: #0000ff;\"><em><strong><span class=\"sel\">Les<\/span>\u00a0<span class=\"sel\">soirs<\/span>\u00a0<span class=\"sel\">avec<\/span>\u00a0la\u00a0<span class=\"sel\">musique<\/span>\u00a0<span class=\"sel\">vivante<\/span>\u00a0<span class=\"sel\">classique<\/span>\u00a0(<span class=\"sel\">le<\/span>\u00a0<span class=\"sel\">violon<\/span>,\u00a0<span class=\"sel\">l&rsquo;alto<\/span>, la fl\u00fbte\u00a0<span class=\"sel\">et<\/span>\u00a0<span class=\"sel\">le<\/span>\u00a0<span class=\"sel\">violoncelle<\/span>);\u00a0<\/strong><\/em><\/span><\/li>\n<\/ul>\n<p><span style=\"color: #ff0000;\"><em><strong>Tarif pour une personne $ ( US Dollars)<\/strong><\/em><\/span><br \/>\n<span style=\"color: #0000ff;\"><em><strong><span style=\"color: #ff0000;\">\u00c0 partir de 60 USD\u00a0<\/span><\/strong><\/em><\/span><br \/>\n<span style=\"color: #0000ff;\"><em><strong>Le prix d\u00e9pend du nombre de personnes et varie(\u00b1) <span style=\"color: #ff0000;\">de 60 USD pour un jour.<\/span><\/strong><\/em><\/span><br \/>\n<span style=\"color: #0000ff;\"><em><strong>Le co\u00fbt de chaque excursion est discut\u00e9 individuellement.<\/strong><\/em><\/span><br \/>\n<span style=\"color: #0000ff;\"><em><strong>Le prix comprend: <span style=\"color: #ff0000;\">Transport, H\u00e9bergement, Nutrition, Le service de guide.<\/span><\/strong><\/em><\/span><br \/>\n<span style=\"color: #ff0000;\"><em><strong>*Horaires de circuit : sur demande.<\/strong><\/em><\/span><\/p>\n<p><em><span style=\"color: #0000ff;\"><strong>Pour plus d\u2019informations, n\u2019h\u00e9sitez pas appeler ou \u00e9crire<\/strong><\/span>\u00a0<span style=\"color: #0000ff;\"><span style=\"color: #ff0000;\"><strong>Viber\/WhatsApp +995 599 25 65 19<\/strong><\/span>\u00a0<strong>ou par courrier:<\/strong><\/span>\u00a0<span style=\"color: #ff0000;\"><a style=\"color: #ff0000;\" href=\"mailto:info@georgiavoyage.ge\"><strong>info@georgiavoyage.ge<\/strong><\/a><\/span><a href=\"mailto:info@georgiavoyage.ge\"><strong><img decoding=\"async\" class=\"\" src=\" \/wp-content\/uploads\/2024\/08\/Pointer.png\" width=\"23\" height=\"23\" \/><\/strong><\/a>\u00a0\u00a0<strong><span style=\"color: #0000ff;\">Nous sommes toujours pr\u00eats \u00e0 vous conseiller et\u00a0 r\u00e9pondre\u00a0 toutes vos questions, concernant l\u2019organisation du tourisme et des loisirs en G\u00e9orgie.<\/span><\/strong><\/em><\/p>\n<p><strong><span style=\"color: #ff0000;\">*\u00a0<\/span><span style=\"text-decoration: underline; color: #0000ff;\"><em>Les programmes de Circuits sont bas\u00e9s sur notre exp\u00e9rience et les opinions de nos diff\u00e9rents clients. Nous souhaitons noter que nous n&rsquo;exposons plus les descriptions d\u00e9taill\u00e9e des programmes exclusifs pr\u00eats \u00e0 l&#8217;emploi.\u00a0\u00a0<\/em><\/span><span style=\"text-decoration: underline; color: #0000ff;\"><em>Afin de prot\u00e9ger notre travail et nos droits, les itin\u00e9raires exclusifs d\u00e9velopp\u00e9s et les points de r\u00e9ception, nous fournissons uniquement pour les vrais acheteurs.<\/em><\/span><\/strong><\/p>\n","protected":false},"excerpt":{"rendered":"<p>Le paradis gastronomique pour les gourmands Les possibilit\u00e9s gastronomiques de la G\u00e9orgie sont fascinantes, int\u00e9ressantes et parfois impr\u00e9visibles.\u00a0Il est c\u00e9l\u00e8bre pour les contrastes originaux\u00a0 aigu et \u00e9pic\u00e9, la viande savoureuse parfum\u00e9e, de nombreuses sauces et, bien s\u00fbr, d&rsquo;excellents vins. Depuis longtemps, nous sommes sp\u00e9cialis\u00e9s dans l&rsquo;organisation\u00a0 des tours gastronomiques. En cons\u00e9quence, nous organisons de v\u00e9ritables [&hellip;]<\/p>\n","protected":false},"featured_media":19072,"template":"","meta":[],"product_brand":[],"product_cat":[249],"product_tag":[],"class_list":{"0":"post-15660","1":"product","2":"type-product","3":"status-publish","4":"has-post-thumbnail","6":"product_cat-special-offers-fr","8":"first","9":"instock","10":"shipping-taxable","11":"purchasable","12":"product-type-ovabrw_car_rental"},"_links":{"self":[{"href":"https:\/\/georgiavoyage.ge\/fr\/wp-json\/wp\/v2\/product\/15660","targetHints":{"allow":["GET"]}}],"collection":[{"href":"https:\/\/georgiavoyage.ge\/fr\/wp-json\/wp\/v2\/product"}],"about":[{"href":"https:\/\/georgiavoyage.ge\/fr\/wp-json\/wp\/v2\/types\/product"}],"version-history":[{"count":1,"href":"https:\/\/georgiavoyage.ge\/fr\/wp-json\/wp\/v2\/product\/15660\/revisions"}],"predecessor-version":[{"id":34859,"href":"https:\/\/georgiavoyage.ge\/fr\/wp-json\/wp\/v2\/product\/15660\/revisions\/34859"}],"wp:featuredmedia":[{"embeddable":true,"href":"https:\/\/georgiavoyage.ge\/fr\/wp-json\/wp\/v2\/media\/19072"}],"wp:attachment":[{"href":"https:\/\/georgiavoyage.ge\/fr\/wp-json\/wp\/v2\/media?parent=15660"}],"wp:term":[{"taxonomy":"product_brand","embeddable":true,"href":"https:\/\/georgiavoyage.ge\/fr\/wp-json\/wp\/v2\/product_brand?post=15660"},{"taxonomy":"product_cat","embeddable":true,"href":"https:\/\/georgiavoyage.ge\/fr\/wp-json\/wp\/v2\/product_cat?post=15660"},{"taxonomy":"product_tag","embeddable":true,"href":"https:\/\/georgiavoyage.ge\/fr\/wp-json\/wp\/v2\/product_tag?post=15660"}],"curies":[{"name":"wp","href":"https:\/\/api.w.org\/{rel}","templated":true}]}}